{"id":1054,"date":"2025-09-15T02:09:42","date_gmt":"2025-09-15T02:09:42","guid":{"rendered":"https:\/\/wormshafts.top\/?page_id=1054"},"modified":"2025-11-24T09:31:03","modified_gmt":"2025-11-24T09:31:03","slug":"home","status":"publish","type":"page","link":"https:\/\/wormshafts.top\/da\/","title":{"rendered":"Hjem"},"content":{"rendered":"<p>[et_pb_section fb_built=&#8221;1&#8243; admin_label=&#8221;Header&#8221; _builder_version=&#8221;4.20.4&#8243; _module_preset=&#8221;default&#8221; use_background_color_gradient=&#8221;on&#8221; background_color_gradient_stops=&#8221;rgba(0,0,0,0.5) 0%|rgba(0,0,0,0.5) 100%&#8221; background_color_gradient_overlays_image=&#8221;on&#8221; background_image=&#8221;https:\/\/wormshafts.top\/wp-content\/uploads\/2025\/11\/ep-Worm-Gear-2-51.webp&#8221; parallax=&#8221;on&#8221; custom_padding=&#8221;6vw||||false|false&#8221; collapsed=&#8221;on&#8221; global_colors_info=&#8221;{}&#8221;][et_pb_row _builder_version=&#8221;4.24.2&#8243; _module_preset=&#8221;default&#8221; width=&#8221;90%&#8221; max_width=&#8221;none&#8221; global_colors_info=&#8221;{}&#8221;][et_pb_column type=&#8221;4_4&#8243; _builder_version=&#8221;4.24.1&#8243; _module_preset=&#8221;default&#8221; global_colors_info=&#8221;{}&#8221;][et_pb_text _builder_version=&#8221;4.20.4&#8243; _module_preset=&#8221;e0cbbeb0-4e03-46b9-8e55-cc4f458a154c&#8221; text_font=&#8221;Adamina|||on|||||&#8221; text_text_color=&#8221;#FFFFFF&#8221; text_font_size=&#8221;80px&#8221; header_text_color=&#8221;#FFFFFF&#8221; text_orientation=&#8221;center&#8221; custom_margin=&#8221;30px||10px||false|false&#8221; global_colors_info=&#8221;{}&#8221;]<\/p>\n<h1>Varme skafter<\/h1>\n<p>[\/et_pb_text][et_pb_text quote_border_color=&#8221;#FFFFFF&#8221; _builder_version=&#8221;4.20.4&#8243; _module_preset=&#8221;9cd6cec6-8451-47fc-be25-dc9076bc3d98&#8243; text_font=&#8221;Abhaya Libre||||||||&#8221; text_text_color=&#8221;#FFFFFF&#8221; text_line_height=&#8221;3em&#8221; link_text_color=&#8221;#FFFFFF&#8221; quote_text_color=&#8221;#FFFFFF&#8221; header_2_text_color=&#8221;#FFFFFF&#8221; header_2_font_size=&#8221;23px&#8221; text_orientation=&#8221;center&#8221; max_width=&#8221;900px&#8221; module_alignment=&#8221;center&#8221; custom_margin=&#8221;0px||||false|false&#8221; global_colors_info=&#8221;{}&#8221;]<\/p>\n<h2>Tilpassede snekkeaksler til h\u00f8jtydende industrielle gearkasser<\/h2>\n<p>[\/et_pb_text][et_pb_button button_text=&#8221;Contact Us&#8221; button_alignment=&#8221;center&#8221; _builder_version=&#8221;4.20.4&#8243; _module_preset=&#8221;ece8a07d-d704-4fa3-9ac8-e39fc8cd8e58&#8243; global_colors_info=&#8221;{}&#8221;][\/et_pb_button][\/et_pb_column][\/et_pb_row][et_pb_row column_structure=&#8221;1_3,1_3,1_3&#8243; _builder_version=&#8221;4.24.2&#8243; _module_preset=&#8221;default&#8221; width=&#8221;90%&#8221; max_width=&#8221;none&#8221; custom_margin=&#8221;8vw||||false|false&#8221; custom_padding=&#8221;0px||0px||false|false&#8221; global_colors_info=&#8221;{}&#8221;][et_pb_column type=&#8221;1_3&#8243; _builder_version=&#8221;4.24.1&#8243; _module_preset=&#8221;default&#8221; global_colors_info=&#8221;{}&#8221;][\/et_pb_column][et_pb_column type=&#8221;1_3&#8243; _builder_version=&#8221;4.24.1&#8243; _module_preset=&#8221;default&#8221; global_colors_info=&#8221;{}&#8221;][\/et_pb_column][et_pb_column type=&#8221;1_3&#8243; _builder_version=&#8221;4.24.1&#8243; _module_preset=&#8221;default&#8221; global_colors_info=&#8221;{}&#8221;][et_pb_text _builder_version=&#8221;4.27.4&#8243; _module_preset=&#8221;c49240dd-4913-4048-8688-7a5f27d3ec42&#8243; text_font=&#8221;Alike||||||||&#8221; text_text_color=&#8221;#FFFFFF&#8221; header_2_text_color=&#8221;#FFFFFF&#8221; header_2_font_size=&#8221;17px&#8221; header_5_text_color=&#8221;#FFFFFF&#8221; text_orientation=&#8221;right&#8221; custom_margin=&#8221;||0px||false|false&#8221; text_orientation_tablet=&#8221;center&#8221; text_orientation_phone=&#8221;center&#8221; text_orientation_last_edited=&#8221;on|tablet&#8221; locked=&#8221;off&#8221; global_colors_info=&#8221;{}&#8221;]<\/p>\n<h2><a href=\"mailto:mail%20to sales@wormshafts.top\">sales@wormshafts.top<\/a><\/h2>\n<h2>Kundens eftersp\u00f8rgsel er alt, hvad vi forf\u00f8lger<\/h2>\n<p>[\/et_pb_text][\/et_pb_column][\/et_pb_row][\/et_pb_section][et_pb_section fb_built=&#8221;1&#8243; admin_label=&#8221;About&#8221; _builder_version=&#8221;4.24.2&#8243; _module_preset=&#8221;default&#8221; custom_padding=&#8221;8vw||8vw||true|false&#8221; collapsed=&#8221;on&#8221; global_colors_info=&#8221;{}&#8221;][et_pb_row _builder_version=&#8221;4.24.1&#8243; _module_preset=&#8221;default&#8221; global_colors_info=&#8221;{}&#8221;][et_pb_column type=&#8221;4_4&#8243; _builder_version=&#8221;4.24.1&#8243; _module_preset=&#8221;default&#8221; global_colors_info=&#8221;{}&#8221;][et_pb_text _builder_version=&#8221;4.20.4&#8243; _module_preset=&#8221;6ece7d17-654a-416c-ba8b-c3e4bfb5df2b&#8221; header_3_font_size=&#8221;39px&#8221; global_colors_info=&#8221;{}&#8221;]<\/p>\n<h3>Vores fokus er p\u00e5 at levere aksler, der opfylder de mest kr\u00e6vende industrielle specifikationer for momentoverf\u00f8rsel, effektivitet og langsigtet holdbarhed.<\/h3>\n<p>[\/et_pb_text][\/et_pb_column][\/et_pb_row][\/et_pb_section][et_pb_section fb_built=&#8221;1&#8243; _builder_version=&#8221;4.20.4&#8243; _module_preset=&#8221;default&#8221; global_colors_info=&#8221;{}&#8221;][et_pb_row column_structure=&#8221;1_3,2_3&#8243; _builder_version=&#8221;4.20.4&#8243; _module_preset=&#8221;default&#8221; global_colors_info=&#8221;{}&#8221;][et_pb_column type=&#8221;1_3&#8243; _builder_version=&#8221;4.20.4&#8243; _module_preset=&#8221;default&#8221; global_colors_info=&#8221;{}&#8221;][et_pb_text _builder_version=&#8221;4.20.4&#8243; _module_preset=&#8221;default&#8221; text_font=&#8221;Abhaya Libre||||||||&#8221; custom_margin=&#8221;160px||||false|false&#8221; global_colors_info=&#8221;{}&#8221;]<\/p>\n<h2 style=\"text-align: justify;\"><strong>Kontakt os for at se mere<\/strong><span><\/span><\/h2>\n<p>&nbsp;<\/p>\n<h3 style=\"text-align: justify;\"><span>Som producent af snekkegearaksler vil vi g\u00f8re vores bedste for at betjene dig. <\/span><\/h3>\n<h3 style=\"text-align: justify;\"><span>Hvis du har brug for skr\u00e6ddersyede produkter, eller hvis de produkter, du har brug for, ikke findes p\u00e5 vores hjemmeside eller har brug for et produktkatalog, s\u00e5 fortvivl ikke, der uploades stadig flere af vores produkter. <\/span><\/h3>\n<h3 style=\"text-align: justify;\"><span>Du kan sende os en e-mail direkte, og vi svarer dig inden for 24 timer!<\/span><\/h3>\n<p>[\/et_pb_text][\/et_pb_column][et_pb_column type=&#8221;2_3&#8243; _builder_version=&#8221;4.20.4&#8243; _module_preset=&#8221;default&#8221; global_colors_info=&#8221;{}&#8221;][et_pb_shop columns_number=&#8221;3&#8243; _builder_version=&#8221;4.20.4&#8243; _module_preset=&#8221;default&#8221; global_colors_info=&#8221;{}&#8221;][\/et_pb_shop][\/et_pb_column][\/et_pb_row][\/et_pb_section][et_pb_section fb_built=&#8221;1&#8243; admin_label=&#8221;Menu&#8221; _builder_version=&#8221;4.24.2&#8243; _module_preset=&#8221;default&#8221; background_color=&#8221;#000000&#8243; custom_padding=&#8221;|10%||10%|false|true&#8221; collapsed=&#8221;on&#8221; global_colors_info=&#8221;{}&#8221;][et_pb_row column_structure=&#8221;1_2,1_2&#8243; _builder_version=&#8221;4.24.1&#8243; _module_preset=&#8221;default&#8221; width=&#8221;100%&#8221; max_width=&#8221;2000px&#8221; locked=&#8221;off&#8221; global_colors_info=&#8221;{}&#8221;][et_pb_column type=&#8221;1_2&#8243; saved_specialty_column_type=&#8221;1_2&#8243; _builder_version=&#8221;4.24.1&#8243; _module_preset=&#8221;default&#8221; global_colors_info=&#8221;{}&#8221;][et_pb_text _builder_version=&#8221;4.20.4&#8243; _module_preset=&#8221;6ece7d17-654a-416c-ba8b-c3e4bfb5df2b&#8221; header_3_font=&#8221;Shippori Mincho||||on||||&#8221; header_3_text_color=&#8221;#FFFFFF&#8221; custom_margin=&#8221;||10px||false|false&#8221; global_colors_info=&#8221;{}&#8221;]<\/p>\n<h3><em>Hvad er en ormeskaft<\/em><\/h3>\n<p>[\/et_pb_text][et_pb_text _builder_version=&#8221;4.20.4&#8243; _module_preset=&#8221;e23c6d2e-271c-4f7d-ba56-7401472cc86e&#8221; text_text_color=&#8221;#FFFFFF&#8221; global_colors_info=&#8221;{}&#8221;]<\/p>\n<p style=\"text-align: justify;\">En snekkeaksel er en kritisk komponent i mekaniske systemer, prim\u00e6rt brugt i snekkegear. Den best\u00e5r af en aksel med et spiralformet gear, kendt som en \"snekke\", som er designet til at g\u00e5 i indgreb med et snekkehjul (det gear, den driver). Snekkeaksler anvendes typisk i applikationer, der kr\u00e6ver h\u00f8j momenttransmission og kompakt, effektiv kraftoverf\u00f8rsel mellem ikke-sk\u00e6rende, ikke-parallelle aksler.<\/p>\n<p>[\/et_pb_text][et_pb_image src=&#8221;https:\/\/wormshafts.top\/wp-content\/uploads\/2025\/11\/ep-Worm-Gear-2-411.webp&#8221; alt=&#8221;worm shaft&#8221; title_text=&#8221;ep-Worm-Gear-2 (4)11&#8243; _builder_version=&#8221;4.20.4&#8243; _module_preset=&#8221;default&#8221; scroll_vertical_motion_enable=&#8221;on&#8221; scroll_vertical_motion=&#8221;0|50|50|100|1|0|-1&#8243; global_colors_info=&#8221;{}&#8221;][\/et_pb_image][\/et_pb_column][et_pb_column type=&#8221;1_2&#8243; saved_specialty_column_type=&#8221;1_2&#8243; _builder_version=&#8221;4.24.1&#8243; _module_preset=&#8221;default&#8221; global_colors_info=&#8221;{}&#8221;][et_pb_image src=&#8221;https:\/\/wormshafts.top\/wp-content\/uploads\/2025\/11\/ep-Worm-Gear-2-111111.webp&#8221; alt=&#8221;worm shaft&#8221; title_text=&#8221;ep-Worm-Gear-2 (1)11111&#8243; align=&#8221;right&#8221; _builder_version=&#8221;4.20.4&#8243; _module_preset=&#8221;default&#8221; max_width=&#8221;400px&#8221; locked=&#8221;off&#8221; global_colors_info=&#8221;{}&#8221;][\/et_pb_image][et_pb_text _builder_version=&#8221;4.20.4&#8243; _module_preset=&#8221;6ece7d17-654a-416c-ba8b-c3e4bfb5df2b&#8221; header_3_font=&#8221;Shippori Mincho||||on||||&#8221; header_3_text_color=&#8221;#FFFFFF&#8221; text_orientation=&#8221;right&#8221; custom_margin=&#8221;||10px||false|false&#8221; locked=&#8221;off&#8221; global_colors_info=&#8221;{}&#8221;]<\/p>\n<h3><em>Hvorfor v\u00e6lge os<\/em><\/h3>\n<p>[\/et_pb_text][et_pb_text _builder_version=&#8221;4.20.4&#8243; _module_preset=&#8221;e23c6d2e-271c-4f7d-ba56-7401472cc86e&#8221; text_text_color=&#8221;#FFFFFF&#8221; text_orientation=&#8221;right&#8221; locked=&#8221;off&#8221; global_colors_info=&#8221;{}&#8221;]<\/p>\n<p style=\"text-align: justify;\">Hos Everpower specialiserer vi os i design og fremstilling af en bred vifte af mekaniske og hydrauliske transmissionsprodukter af h\u00f8j kvalitet. Vi tilbyder en bred vifte af transmissionsl\u00f8sninger, der er skr\u00e6ddersyet til at im\u00f8dekomme de specifikke behov i brancher lige fra landbrug og bilindustrien til industrimaskiner.<\/p>\n<p>[\/et_pb_text][\/et_pb_column][\/et_pb_row][\/et_pb_section][et_pb_section fb_built=&#8221;1&#8243; admin_label=&#8221;Image&#8221; _builder_version=&#8221;4.20.4&#8243; _module_preset=&#8221;default&#8221; background_color=&#8221;#000000&#8243; use_background_color_gradient=&#8221;on&#8221; background_color_gradient_stops=&#8221;#000000 0%|rgba(255,255,255,0) 100%&#8221; background_color_gradient_overlays_image=&#8221;on&#8221; background_image=&#8221;https:\/\/wormshafts.top\/wp-content\/uploads\/2025\/11\/ep-Worm-Gear-1.webp&#8221; parallax=&#8221;on&#8221; collapsed=&#8221;on&#8221; global_colors_info=&#8221;{}&#8221;][et_pb_row _builder_version=&#8221;4.24.1&#8243; _module_preset=&#8221;default&#8221; global_colors_info=&#8221;{}&#8221;][et_pb_column type=&#8221;4_4&#8243; _builder_version=&#8221;4.24.1&#8243; _module_preset=&#8221;default&#8221; global_colors_info=&#8221;{}&#8221;][et_pb_divider show_divider=&#8221;off&#8221; _builder_version=&#8221;4.24.2&#8243; _module_preset=&#8221;default&#8221; height=&#8221;30vw&#8221; global_colors_info=&#8221;{}&#8221;][\/et_pb_divider][\/et_pb_column][\/et_pb_row][\/et_pb_section][et_pb_section fb_built=&#8221;1&#8243; _builder_version=&#8221;4.20.4&#8243; _module_preset=&#8221;default&#8221; global_colors_info=&#8221;{}&#8221;][\/et_pb_section][et_pb_section fb_built=&#8221;1&#8243; make_equal=&#8221;on&#8221; specialty=&#8221;on&#8221; parallax_2=&#8221;on&#8221; bg_img_2=&#8221;https:\/\/wormshafts.top\/wp-content\/uploads\/2025\/11\/ep-Worm-Gear-Shaft-Worm-Gear-Drive-Shaft-Customized-Worm-Shaft-features1_1.webp&#8221; padding_top_1=&#8221;60px&#8221; padding_bottom_1=&#8221;60px&#8221; padding_top_bottom_link_1=&#8221;true&#8221; padding_left_right_link_1=&#8221;false&#8221; padding_1_tablet=&#8221;0px||0px||true|false&#8221; padding_1_phone=&#8221;0px||0px||true|false&#8221; padding_1_last_edited=&#8221;on|desktop&#8221; admin_label=&#8221;Features&#8221; _builder_version=&#8221;4.20.4&#8243; _module_preset=&#8221;default&#8221; background_enable_color=&#8221;off&#8221; inner_max_width=&#8221;2000px&#8221; collapsed=&#8221;off&#8221; global_colors_info=&#8221;{}&#8221;][et_pb_column type=&#8221;1_2&#8243; specialty_columns=&#8221;2&#8243; _builder_version=&#8221;4.16&#8243; _module_preset=&#8221;default&#8221; custom_padding=&#8221;|||&#8221; global_colors_info=&#8221;{}&#8221; custom_padding__hover=&#8221;|||&#8221;][et_pb_row_inner _builder_version=&#8221;4.20.4&#8243; _module_preset=&#8221;default&#8221; collapsed=&#8221;on&#8221; global_colors_info=&#8221;{}&#8221;][et_pb_column_inner saved_specialty_column_type=&#8221;1_2&#8243; _builder_version=&#8221;4.24.1&#8243; _module_preset=&#8221;default&#8221; global_colors_info=&#8221;{}&#8221;][et_pb_text _builder_version=&#8221;4.20.4&#8243; _module_preset=&#8221;353929ff-e31e-4d7b-a868-e205b95881fd&#8221; text_text_color=&#8221;#000000&#8243; text_font_size=&#8221;46px&#8221; text_line_height=&#8221;1.8em&#8221; width=&#8221;100%&#8221; max_width=&#8221;510px&#8221; global_colors_info=&#8221;{}&#8221;]<\/p>\n<p><span style=\"text-decoration: underline;\"><strong>Mere om os<\/strong><\/span><\/p>\n<p>[\/et_pb_text][et_pb_text _builder_version=&#8221;4.20.4&#8243; _module_preset=&#8221;c49240dd-4913-4048-8688-7a5f27d3ec42&#8243; text_font=&#8221;Adamina||||||||&#8221; text_font_size=&#8221;6px&#8221; max_width=&#8221;510px&#8221; custom_margin=&#8221;||0px||false|false&#8221; global_colors_info=&#8221;{}&#8221;]<\/p>\n<h3>Kvalitetssikring<\/h3>\n<p>[\/et_pb_text][et_pb_text _builder_version=&#8221;4.20.4&#8243; _module_preset=&#8221;e23c6d2e-271c-4f7d-ba56-7401472cc86e&#8221; max_width=&#8221;510px&#8221; global_colors_info=&#8221;{}&#8221;]<\/p>\n<p style=\"text-align: justify;\">Vores produkter er bygget til at holde, med fokus p\u00e5 pr\u00e6cisionsteknik og holdbarhed. Hver komponent testes grundigt for at opfylde de h\u00f8jeste standarder, hvilket sikrer maksimal effektivitet og lang levetid i drift.<\/p>\n<p>[\/et_pb_text][et_pb_text _builder_version=&#8221;4.20.4&#8243; _module_preset=&#8221;c49240dd-4913-4048-8688-7a5f27d3ec42&#8243; text_font=&#8221;Adamina||||||||&#8221; text_font_size=&#8221;12px&#8221; max_width=&#8221;510px&#8221; custom_margin=&#8221;||0px||false|false&#8221; global_colors_info=&#8221;{}&#8221;]<\/p>\n<h3>Tilpassede l\u00f8sninger<\/h3>\n<p>[\/et_pb_text][et_pb_text _builder_version=&#8221;4.20.4&#8243; _module_preset=&#8221;e23c6d2e-271c-4f7d-ba56-7401472cc86e&#8221; max_width=&#8221;510px&#8221; global_colors_info=&#8221;{}&#8221;]<\/p>\n<p style=\"text-align: justify;\">Vi leverer skr\u00e6ddersyede produkter, der passer pr\u00e6cist til dine behov. Uanset om det er en speciel reduktionsgearkasse eller en unik gearkassel\u00f8sning, arbejder vores team t\u00e6t sammen med kunderne for at levere skr\u00e6ddersyede l\u00f8sninger, der opfylder dine specifikationer.<\/p>\n<p>[\/et_pb_text][et_pb_text _builder_version=&#8221;4.20.4&#8243; _module_preset=&#8221;c49240dd-4913-4048-8688-7a5f27d3ec42&#8243; text_font=&#8221;Adamina||||||||&#8221; max_width=&#8221;510px&#8221; custom_margin=&#8221;||0px||false|false&#8221; global_colors_info=&#8221;{}&#8221;]<\/p>\n<h3>Konkurrencedygtige priser<\/h3>\n<p>[\/et_pb_text][et_pb_text _builder_version=&#8221;4.20.4&#8243; _module_preset=&#8221;e23c6d2e-271c-4f7d-ba56-7401472cc86e&#8221; max_width=&#8221;510px&#8221; global_colors_info=&#8221;{}&#8221;]<\/p>\n<p style=\"text-align: justify;\">Vi leverer produkter af h\u00f8j kvalitet til konkurrencedygtige priser. Vores effektive produktionsprocesser og engagement i innovation g\u00f8r det muligt for os at levere omkostningseffektive l\u00f8sninger uden at g\u00e5 p\u00e5 kompromis med kvaliteten.<\/p>\n<p>[\/et_pb_text][\/et_pb_column_inner][\/et_pb_row_inner][et_pb_row_inner column_structure=&#8221;1_2,1_2&#8243; _builder_version=&#8221;4.20.4&#8243; _module_preset=&#8221;default&#8221; background_enable_color=&#8221;off&#8221; collapsed=&#8221;off&#8221; global_colors_info=&#8221;{}&#8221;][et_pb_column_inner type=&#8221;1_2&#8243; saved_specialty_column_type=&#8221;1_2&#8243; _builder_version=&#8221;4.24.1&#8243; _module_preset=&#8221;default&#8221; global_colors_info=&#8221;{}&#8221;][et_pb_button button_text=&#8221;Email us&#8221; _builder_version=&#8221;4.20.4&#8243; _module_preset=&#8221;3d6ed4dc-45ea-4f15-950a-963331a57bed&#8221; global_colors_info=&#8221;{}&#8221;][\/et_pb_button][\/et_pb_column_inner][et_pb_column_inner type=&#8221;1_2&#8243; saved_specialty_column_type=&#8221;1_2&#8243; _builder_version=&#8221;4.24.1&#8243; _module_preset=&#8221;default&#8221; global_colors_info=&#8221;{}&#8221;][et_pb_button button_text=&#8221;sales@wormshafts.top&#8221; _builder_version=&#8221;4.20.4&#8243; _module_preset=&#8221;3d6ed4dc-45ea-4f15-950a-963331a57bed&#8221; locked=&#8221;off&#8221; global_colors_info=&#8221;{}&#8221;][\/et_pb_button][\/et_pb_column_inner][\/et_pb_row_inner][\/et_pb_column][et_pb_column type=&#8221;1_2&#8243; _builder_version=&#8221;4.16&#8243; _module_preset=&#8221;default&#8221; custom_padding=&#8221;|||&#8221; global_colors_info=&#8221;{}&#8221; custom_padding__hover=&#8221;|||&#8221;][\/et_pb_column][\/et_pb_section][et_pb_section fb_built=&#8221;1&#8243; admin_label=&#8221;Gallery&#8221; _builder_version=&#8221;4.24.1&#8243; _module_preset=&#8221;default&#8221; collapsed=&#8221;on&#8221; global_colors_info=&#8221;{}&#8221;][et_pb_row column_structure=&#8221;1_2,1_2&#8243; _builder_version=&#8221;4.20.4&#8243; _module_preset=&#8221;default&#8221; background_color=&#8221;#FFFFFF&#8221; width=&#8221;90%&#8221; max_width=&#8221;2000px&#8221; global_colors_info=&#8221;{}&#8221;][et_pb_column type=&#8221;1_2&#8243; _builder_version=&#8221;4.24.1&#8243; _module_preset=&#8221;default&#8221; global_colors_info=&#8221;{}&#8221;][et_pb_text _builder_version=&#8221;4.20.4&#8243; _module_preset=&#8221;default&#8221; text_text_color=&#8221;#000000&#8243; text_font_size=&#8221;57px&#8221; text_line_height=&#8221;1.8em&#8221; text_text_shadow_style=&#8221;preset5&#8243; text_text_shadow_color=&#8221;#D6D6D6&#8243; global_colors_info=&#8221;{}&#8221;]<\/p>\n<p><strong>Anmeldelser om vores service<\/strong><\/p>\n<p>[\/et_pb_text][\/et_pb_column][et_pb_column type=&#8221;1_2&#8243; _builder_version=&#8221;4.24.1&#8243; _module_preset=&#8221;default&#8221; global_colors_info=&#8221;{}&#8221;][et_pb_slider _builder_version=&#8221;4.20.4&#8243; _module_preset=&#8221;default&#8221; body_text_color=&#8221;#FFFFFF&#8221; background_color=&#8221;#242424&#8243; box_shadow_style_image=&#8221;preset2&#8243; global_colors_info=&#8221;{}&#8221;][et_pb_slide _builder_version=&#8221;4.20.4&#8243; _module_preset=&#8221;default&#8221; global_colors_info=&#8221;{}&#8221; sticky_transition=&#8221;on&#8221;]<\/p>\n<p>\"Vi har brugt Everpowers snekkeaksler i over et \u00e5r i vores maskineri, og ydeevnen har v\u00e6ret exceptionel. Pr\u00e6cisionen og holdbarheden er uovertruffen. De fungerer problemfrit og tilbyder h\u00f8j momentoverf\u00f8rsel med minimal friktion. Kan varmt anbefales til alle, der har brug for p\u00e5lidelige, h\u00f8jtydende gearl\u00f8sninger.\"<\/p>\n<p>[\/et_pb_slide][et_pb_slide _builder_version=&#8221;4.20.4&#8243; _module_preset=&#8221;default&#8221; global_colors_info=&#8221;{}&#8221; sticky_transition=&#8221;on&#8221;]<\/p>\n<p>\"Jeg har for nylig installeret en snekkeaksel fra Everpower i mit udstyr, og det har v\u00e6ret fantastisk! Installationen var ligetil, og den k\u00f8rer virkelig problemfrit. Det er et solidt produkt, der g\u00f8r pr\u00e6cis, hvad jeg har brug for - h\u00f8jt drejningsmoment med mindre vedligeholdelse. Meget tilfreds med k\u00f8bet!\"<\/p>\n<p>[\/et_pb_slide][et_pb_slide _builder_version=&#8221;4.20.4&#8243; _module_preset=&#8221;default&#8221; global_colors_info=&#8221;{}&#8221; sticky_transition=&#8221;on&#8221;]<\/p>\n<p>\"K\u00f8bte for nylig en snekkeaksel fra Everpower. Jeg var ikke sikker p\u00e5, hvad jeg skulle forvente, men den fungerer perfekt! Ingen problemer indtil videre, og mit udstyr k\u00f8rer meget mere j\u00e6vnt. Jeg er bestemt tilfreds med k\u00f8bet og vil komme tilbage efter mere, hvis det er n\u00f8dvendigt!\"<\/p>\n<p>[\/et_pb_slide][et_pb_slide _builder_version=&#8221;4.20.4&#8243; _module_preset=&#8221;default&#8221; global_colors_info=&#8221;{}&#8221; sticky_transition=&#8221;on&#8221;]<\/p>\n<p>\"Vi har integreret Everpowers snekkeaksler i vores produktionssystemer, og de har konsekvent leveret h\u00f8j ydeevne. Den j\u00e6vne drift og de lave vedligeholdelseskrav har forbedret vores effektivitet betydeligt. Den pr\u00e6cise konstruktion og materialekvalitet sikrer langvarig p\u00e5lidelighed, hvilket er afg\u00f8rende for vores industrielle drift. Vi stoler p\u00e5 Everpower til alle vores udstyrsbehov.\"<\/p>\n<p>[\/et_pb_slide][\/et_pb_slider][\/et_pb_column][\/et_pb_row][et_pb_row _builder_version=&#8221;4.20.4&#8243; _module_preset=&#8221;default&#8221; global_colors_info=&#8221;{}&#8221;][et_pb_column type=&#8221;4_4&#8243; _builder_version=&#8221;4.20.4&#8243; _module_preset=&#8221;default&#8221; global_colors_info=&#8221;{}&#8221;][et_pb_post_slider show_arrows=&#8221;off&#8221; show_pagination=&#8221;off&#8221; show_meta=&#8221;off&#8221; _builder_version=&#8221;4.20.4&#8243; _module_preset=&#8221;default&#8221; body_text_align=&#8221;justify&#8221; background_color=&#8221;#242424&#8243; global_colors_info=&#8221;{}&#8221;][\/et_pb_post_slider][\/et_pb_column][\/et_pb_row][\/et_pb_section][et_pb_section fb_built=&#8221;1&#8243; admin_label=&#8221;Call to Action&#8221; _builder_version=&#8221;4.20.4&#8243; _module_preset=&#8221;default&#8221; use_background_color_gradient=&#8221;on&#8221; background_color_gradient_type=&#8221;circular&#8221; background_color_gradient_stops=&#8221;rgba(0,0,0,0.5) 0%|#000000 100%&#8221; background_color_gradient_overlays_image=&#8221;on&#8221; background_image=&#8221;https:\/\/wormshafts.top\/wp-content\/uploads\/2025\/11\/ep-wormshaft-1.webp&#8221; parallax=&#8221;on&#8221; custom_padding=&#8221;8%||8%||true|false&#8221; collapsed=&#8221;on&#8221; global_colors_info=&#8221;{}&#8221;][et_pb_row _builder_version=&#8221;4.24.1&#8243; _module_preset=&#8221;default&#8221; max_width=&#8221;800px&#8221; global_colors_info=&#8221;{}&#8221;][et_pb_column type=&#8221;4_4&#8243; _builder_version=&#8221;4.24.1&#8243; _module_preset=&#8221;default&#8221; global_colors_info=&#8221;{}&#8221;][et_pb_text _builder_version=&#8221;4.20.4&#8243; _module_preset=&#8221;353929ff-e31e-4d7b-a868-e205b95881fd&#8221; text_font=&#8221;Adamina||||||||&#8221; text_text_color=&#8221;#FFFFFF&#8221; text_font_size=&#8221;37px&#8221; header_2_text_color=&#8221;#FFFFFF&#8221; text_orientation=&#8221;center&#8221; global_colors_info=&#8221;{}&#8221;]<\/p>\n<p>Levering af produkter og tjenester af h\u00f8j kvalitet<\/p>\n<p>[\/et_pb_text][et_pb_button button_text=&#8221;Contact Us&#8221; button_alignment=&#8221;center&#8221; _builder_version=&#8221;4.20.4&#8243; _module_preset=&#8221;ece8a07d-d704-4fa3-9ac8-e39fc8cd8e58&#8243; hover_enabled=&#8221;0&#8243; global_colors_info=&#8221;{}&#8221; sticky_enabled=&#8221;0&#8243;][\/et_pb_button][et_pb_button button_text=&#8221;Edit by gzl&#8221; button_alignment=&#8221;center&#8221; _builder_version=&#8221;4.27.4&#8243; _module_preset=&#8221;ece8a07d-d704-4fa3-9ac8-e39fc8cd8e58&#8243; hover_enabled=&#8221;0&#8243; global_colors_info=&#8221;{}&#8221; sticky_enabled=&#8221;0&#8243;][\/et_pb_button][\/et_pb_column][\/et_pb_row][\/et_pb_section]<\/p>","protected":false},"excerpt":{"rendered":"<p>Warm ShaftsCustomized Worm Shafts for High-Performance Industrial Gearboxessales@wormshafts.top Customer&#8217;s demand is all we pursuitOur focus is on delivering shafts that meet the most demanding industrial specifications for torque transmission, efficiency, and long-term durability.Contact Us to See More &nbsp; As a worm gear shaft manufacturer, we will do our best to serve you. If you need [&hellip;]<\/p>","protected":false},"author":1,"featured_media":0,"parent":0,"menu_order":0,"comment_status":"closed","ping_status":"closed","template":"","meta":{"_et_pb_use_builder":"on","_et_pb_old_content":"","_et_gb_content_width":"","footnotes":""},"class_list":["post-1054","page","type-page","status-publish","hentry"],"_links":{"self":[{"href":"https:\/\/wormshafts.top\/da\/wp-json\/wp\/v2\/pages\/1054","targetHints":{"allow":["GET"]}}],"collection":[{"href":"https:\/\/wormshafts.top\/da\/wp-json\/wp\/v2\/pages"}],"about":[{"href":"https:\/\/wormshafts.top\/da\/wp-json\/wp\/v2\/types\/page"}],"author":[{"embeddable":true,"href":"https:\/\/wormshafts.top\/da\/wp-json\/wp\/v2\/users\/1"}],"replies":[{"embeddable":true,"href":"https:\/\/wormshafts.top\/da\/wp-json\/wp\/v2\/comments?post=1054"}],"version-history":[{"count":1,"href":"https:\/\/wormshafts.top\/da\/wp-json\/wp\/v2\/pages\/1054\/revisions"}],"predecessor-version":[{"id":1056,"href":"https:\/\/wormshafts.top\/da\/wp-json\/wp\/v2\/pages\/1054\/revisions\/1056"}],"wp:attachment":[{"href":"https:\/\/wormshafts.top\/da\/wp-json\/wp\/v2\/media?parent=1054"}],"curies":[{"name":"wp","href":"https:\/\/api.w.org\/{rel}","templated":true}]}}