{"id":1054,"date":"2025-09-15T02:09:42","date_gmt":"2025-09-15T02:09:42","guid":{"rendered":"https:\/\/wormshafts.top\/?page_id=1054"},"modified":"2025-11-24T09:31:03","modified_gmt":"2025-11-24T09:31:03","slug":"home","status":"publish","type":"page","link":"https:\/\/wormshafts.top\/de\/","title":{"rendered":"Heim"},"content":{"rendered":"<p>[et_pb_section fb_built=&#8221;1&#8243; admin_label=&#8221;Header&#8221; _builder_version=&#8221;4.20.4&#8243; _module_preset=&#8221;default&#8221; use_background_color_gradient=&#8221;on&#8221; background_color_gradient_stops=&#8221;rgba(0,0,0,0.5) 0%|rgba(0,0,0,0.5) 100%&#8221; background_color_gradient_overlays_image=&#8221;on&#8221; background_image=&#8221;https:\/\/wormshafts.top\/wp-content\/uploads\/2025\/11\/ep-Worm-Gear-2-51.webp&#8221; parallax=&#8221;on&#8221; custom_padding=&#8221;6vw||||false|false&#8221; collapsed=&#8221;on&#8221; global_colors_info=&#8221;{}&#8221;][et_pb_row _builder_version=&#8221;4.24.2&#8243; _module_preset=&#8221;default&#8221; width=&#8221;90%&#8221; max_width=&#8221;none&#8221; global_colors_info=&#8221;{}&#8221;][et_pb_column type=&#8221;4_4&#8243; _builder_version=&#8221;4.24.1&#8243; _module_preset=&#8221;default&#8221; global_colors_info=&#8221;{}&#8221;][et_pb_text _builder_version=&#8221;4.20.4&#8243; _module_preset=&#8221;e0cbbeb0-4e03-46b9-8e55-cc4f458a154c&#8221; text_font=&#8221;Adamina|||on|||||&#8221; text_text_color=&#8221;#FFFFFF&#8221; text_font_size=&#8221;80px&#8221; header_text_color=&#8221;#FFFFFF&#8221; text_orientation=&#8221;center&#8221; custom_margin=&#8221;30px||10px||false|false&#8221; global_colors_info=&#8221;{}&#8221;]<\/p>\n<h1>Warme Sch\u00e4fte<\/h1>\n<p>[\/et_pb_text][et_pb_text quote_border_color=&#8221;#FFFFFF&#8221; _builder_version=&#8221;4.20.4&#8243; _module_preset=&#8221;9cd6cec6-8451-47fc-be25-dc9076bc3d98&#8243; text_font=&#8221;Abhaya Libre||||||||&#8221; text_text_color=&#8221;#FFFFFF&#8221; text_line_height=&#8221;3em&#8221; link_text_color=&#8221;#FFFFFF&#8221; quote_text_color=&#8221;#FFFFFF&#8221; header_2_text_color=&#8221;#FFFFFF&#8221; header_2_font_size=&#8221;23px&#8221; text_orientation=&#8221;center&#8221; max_width=&#8221;900px&#8221; module_alignment=&#8221;center&#8221; custom_margin=&#8221;0px||||false|false&#8221; global_colors_info=&#8221;{}&#8221;]<\/p>\n<h2>Kundenspezifische Schneckenwellen f\u00fcr Hochleistungs-Industriegetriebe<\/h2>\n<p>[\/et_pb_text][et_pb_button button_text=&#8221;Contact Us&#8221; button_alignment=&#8221;center&#8221; _builder_version=&#8221;4.20.4&#8243; _module_preset=&#8221;ece8a07d-d704-4fa3-9ac8-e39fc8cd8e58&#8243; global_colors_info=&#8221;{}&#8221;][\/et_pb_button][\/et_pb_column][\/et_pb_row][et_pb_row column_structure=&#8221;1_3,1_3,1_3&#8243; _builder_version=&#8221;4.24.2&#8243; _module_preset=&#8221;default&#8221; width=&#8221;90%&#8221; max_width=&#8221;none&#8221; custom_margin=&#8221;8vw||||false|false&#8221; custom_padding=&#8221;0px||0px||false|false&#8221; global_colors_info=&#8221;{}&#8221;][et_pb_column type=&#8221;1_3&#8243; _builder_version=&#8221;4.24.1&#8243; _module_preset=&#8221;default&#8221; global_colors_info=&#8221;{}&#8221;][\/et_pb_column][et_pb_column type=&#8221;1_3&#8243; _builder_version=&#8221;4.24.1&#8243; _module_preset=&#8221;default&#8221; global_colors_info=&#8221;{}&#8221;][\/et_pb_column][et_pb_column type=&#8221;1_3&#8243; _builder_version=&#8221;4.24.1&#8243; _module_preset=&#8221;default&#8221; global_colors_info=&#8221;{}&#8221;][et_pb_text _builder_version=&#8221;4.27.4&#8243; _module_preset=&#8221;c49240dd-4913-4048-8688-7a5f27d3ec42&#8243; text_font=&#8221;Alike||||||||&#8221; text_text_color=&#8221;#FFFFFF&#8221; header_2_text_color=&#8221;#FFFFFF&#8221; header_2_font_size=&#8221;17px&#8221; header_5_text_color=&#8221;#FFFFFF&#8221; text_orientation=&#8221;right&#8221; custom_margin=&#8221;||0px||false|false&#8221; text_orientation_tablet=&#8221;center&#8221; text_orientation_phone=&#8221;center&#8221; text_orientation_last_edited=&#8221;on|tablet&#8221; locked=&#8221;off&#8221; global_colors_info=&#8221;{}&#8221;]<\/p>\n<h2><a href=\"mailto:mail%20to sales@wormshafts.top\">sales@wormshafts.top<\/a><\/h2>\n<h2>Die Bed\u00fcrfnisse unserer Kunden stehen f\u00fcr uns an erster Stelle.<\/h2>\n<p>[\/et_pb_text][\/et_pb_column][\/et_pb_row][\/et_pb_section][et_pb_section fb_built=&#8221;1&#8243; admin_label=&#8221;About&#8221; _builder_version=&#8221;4.24.2&#8243; _module_preset=&#8221;default&#8221; custom_padding=&#8221;8vw||8vw||true|false&#8221; collapsed=&#8221;on&#8221; global_colors_info=&#8221;{}&#8221;][et_pb_row _builder_version=&#8221;4.24.1&#8243; _module_preset=&#8221;default&#8221; global_colors_info=&#8221;{}&#8221;][et_pb_column type=&#8221;4_4&#8243; _builder_version=&#8221;4.24.1&#8243; _module_preset=&#8221;default&#8221; global_colors_info=&#8221;{}&#8221;][et_pb_text _builder_version=&#8221;4.20.4&#8243; _module_preset=&#8221;6ece7d17-654a-416c-ba8b-c3e4bfb5df2b&#8221; header_3_font_size=&#8221;39px&#8221; global_colors_info=&#8221;{}&#8221;]<\/p>\n<h3>Unser Fokus liegt auf der Lieferung von Wellen, die den anspruchsvollsten industriellen Spezifikationen hinsichtlich Drehmoment\u00fcbertragung, Effizienz und Langzeitbest\u00e4ndigkeit gerecht werden.<\/h3>\n<p>[\/et_pb_text][\/et_pb_column][\/et_pb_row][\/et_pb_section][et_pb_section fb_built=&#8221;1&#8243; _builder_version=&#8221;4.20.4&#8243; _module_preset=&#8221;default&#8221; global_colors_info=&#8221;{}&#8221;][et_pb_row column_structure=&#8221;1_3,2_3&#8243; _builder_version=&#8221;4.20.4&#8243; _module_preset=&#8221;default&#8221; global_colors_info=&#8221;{}&#8221;][et_pb_column type=&#8221;1_3&#8243; _builder_version=&#8221;4.20.4&#8243; _module_preset=&#8221;default&#8221; global_colors_info=&#8221;{}&#8221;][et_pb_text _builder_version=&#8221;4.20.4&#8243; _module_preset=&#8221;default&#8221; text_font=&#8221;Abhaya Libre||||||||&#8221; custom_margin=&#8221;160px||||false|false&#8221; global_colors_info=&#8221;{}&#8221;]<\/p>\n<h2 style=\"text-align: justify;\"><strong>Kontaktieren Sie uns, um mehr zu erfahren<\/strong><span><\/span><\/h2>\n<p>&nbsp;<\/p>\n<h3 style=\"text-align: justify;\"><span>Als Hersteller von Schneckenwellen werden wir unser Bestes tun, um Ihnen den bestm\u00f6glichen Service zu bieten. <\/span><\/h3>\n<h3 style=\"text-align: justify;\"><span>Falls Sie kundenspezifische Produkte ben\u00f6tigen, die gew\u00fcnschten Produkte nicht auf unserer Website finden oder einen Produktkatalog ben\u00f6tigen, keine Sorge, es werden st\u00e4ndig weitere Produkte hochgeladen. <\/span><\/h3>\n<h3 style=\"text-align: justify;\"><span>Sie k\u00f6nnen uns direkt eine E-Mail schreiben, und wir werden Ihnen innerhalb von 24 Stunden antworten!<\/span><\/h3>\n<p>[\/et_pb_text][\/et_pb_column][et_pb_column type=&#8221;2_3&#8243; _builder_version=&#8221;4.20.4&#8243; _module_preset=&#8221;default&#8221; global_colors_info=&#8221;{}&#8221;][et_pb_shop columns_number=&#8221;3&#8243; _builder_version=&#8221;4.20.4&#8243; _module_preset=&#8221;default&#8221; global_colors_info=&#8221;{}&#8221;][\/et_pb_shop][\/et_pb_column][\/et_pb_row][\/et_pb_section][et_pb_section fb_built=&#8221;1&#8243; admin_label=&#8221;Menu&#8221; _builder_version=&#8221;4.24.2&#8243; _module_preset=&#8221;default&#8221; background_color=&#8221;#000000&#8243; custom_padding=&#8221;|10%||10%|false|true&#8221; collapsed=&#8221;on&#8221; global_colors_info=&#8221;{}&#8221;][et_pb_row column_structure=&#8221;1_2,1_2&#8243; _builder_version=&#8221;4.24.1&#8243; _module_preset=&#8221;default&#8221; width=&#8221;100%&#8221; max_width=&#8221;2000px&#8221; locked=&#8221;off&#8221; global_colors_info=&#8221;{}&#8221;][et_pb_column type=&#8221;1_2&#8243; saved_specialty_column_type=&#8221;1_2&#8243; _builder_version=&#8221;4.24.1&#8243; _module_preset=&#8221;default&#8221; global_colors_info=&#8221;{}&#8221;][et_pb_text _builder_version=&#8221;4.20.4&#8243; _module_preset=&#8221;6ece7d17-654a-416c-ba8b-c3e4bfb5df2b&#8221; header_3_font=&#8221;Shippori Mincho||||on||||&#8221; header_3_text_color=&#8221;#FFFFFF&#8221; custom_margin=&#8221;||10px||false|false&#8221; global_colors_info=&#8221;{}&#8221;]<\/p>\n<h3><em>Was ist eine Schneckenwelle?<\/em><\/h3>\n<p>[\/et_pb_text][et_pb_text _builder_version=&#8221;4.20.4&#8243; _module_preset=&#8221;e23c6d2e-271c-4f7d-ba56-7401472cc86e&#8221; text_text_color=&#8221;#FFFFFF&#8221; global_colors_info=&#8221;{}&#8221;]<\/p>\n<p style=\"text-align: justify;\">Eine Schneckenwelle ist ein zentrales Bauteil in mechanischen Systemen und wird vorwiegend in Schneckengetrieben eingesetzt. Sie besteht aus einer Welle mit einem schr\u00e4gverzahnten Zahnrad, der sogenannten Schnecke, die mit einem Schneckenrad (dem von ihr angetriebenen Zahnrad) k\u00e4mmt. Schneckenwellen werden typischerweise in Anwendungen verwendet, die eine hohe Drehmoment\u00fcbertragung und eine kompakte, effiziente Kraft\u00fcbertragung zwischen sich nicht schneidenden und nicht parallelen Wellen erfordern.<\/p>\n<p>[\/et_pb_text][et_pb_image src=&#8221;https:\/\/wormshafts.top\/wp-content\/uploads\/2025\/11\/ep-Worm-Gear-2-411.webp&#8221; alt=&#8221;worm shaft&#8221; title_text=&#8221;ep-Worm-Gear-2 (4)11&#8243; _builder_version=&#8221;4.20.4&#8243; _module_preset=&#8221;default&#8221; scroll_vertical_motion_enable=&#8221;on&#8221; scroll_vertical_motion=&#8221;0|50|50|100|1|0|-1&#8243; global_colors_info=&#8221;{}&#8221;][\/et_pb_image][\/et_pb_column][et_pb_column type=&#8221;1_2&#8243; saved_specialty_column_type=&#8221;1_2&#8243; _builder_version=&#8221;4.24.1&#8243; _module_preset=&#8221;default&#8221; global_colors_info=&#8221;{}&#8221;][et_pb_image src=&#8221;https:\/\/wormshafts.top\/wp-content\/uploads\/2025\/11\/ep-Worm-Gear-2-111111.webp&#8221; alt=&#8221;worm shaft&#8221; title_text=&#8221;ep-Worm-Gear-2 (1)11111&#8243; align=&#8221;right&#8221; _builder_version=&#8221;4.20.4&#8243; _module_preset=&#8221;default&#8221; max_width=&#8221;400px&#8221; locked=&#8221;off&#8221; global_colors_info=&#8221;{}&#8221;][\/et_pb_image][et_pb_text _builder_version=&#8221;4.20.4&#8243; _module_preset=&#8221;6ece7d17-654a-416c-ba8b-c3e4bfb5df2b&#8221; header_3_font=&#8221;Shippori Mincho||||on||||&#8221; header_3_text_color=&#8221;#FFFFFF&#8221; text_orientation=&#8221;right&#8221; custom_margin=&#8221;||10px||false|false&#8221; locked=&#8221;off&#8221; global_colors_info=&#8221;{}&#8221;]<\/p>\n<h3><em>Warum Sie sich f\u00fcr uns entscheiden sollten<\/em><\/h3>\n<p>[\/et_pb_text][et_pb_text _builder_version=&#8221;4.20.4&#8243; _module_preset=&#8221;e23c6d2e-271c-4f7d-ba56-7401472cc86e&#8221; text_text_color=&#8221;#FFFFFF&#8221; text_orientation=&#8221;right&#8221; locked=&#8221;off&#8221; global_colors_info=&#8221;{}&#8221;]<\/p>\n<p style=\"text-align: justify;\">Wir bei Everpower sind spezialisiert auf die Entwicklung und Fertigung hochwertiger mechanischer und hydraulischer Getriebe. Unser breites Spektrum an Getriebel\u00f6sungen ist auf die spezifischen Bed\u00fcrfnisse verschiedenster Branchen zugeschnitten \u2013 von der Landwirtschaft \u00fcber die Automobilindustrie bis hin zum Maschinenbau.<\/p>\n<p>[\/et_pb_text][\/et_pb_column][\/et_pb_row][\/et_pb_section][et_pb_section fb_built=&#8221;1&#8243; admin_label=&#8221;Image&#8221; _builder_version=&#8221;4.20.4&#8243; _module_preset=&#8221;default&#8221; background_color=&#8221;#000000&#8243; use_background_color_gradient=&#8221;on&#8221; background_color_gradient_stops=&#8221;#000000 0%|rgba(255,255,255,0) 100%&#8221; background_color_gradient_overlays_image=&#8221;on&#8221; background_image=&#8221;https:\/\/wormshafts.top\/wp-content\/uploads\/2025\/11\/ep-Worm-Gear-1.webp&#8221; parallax=&#8221;on&#8221; collapsed=&#8221;on&#8221; global_colors_info=&#8221;{}&#8221;][et_pb_row _builder_version=&#8221;4.24.1&#8243; _module_preset=&#8221;default&#8221; global_colors_info=&#8221;{}&#8221;][et_pb_column type=&#8221;4_4&#8243; _builder_version=&#8221;4.24.1&#8243; _module_preset=&#8221;default&#8221; global_colors_info=&#8221;{}&#8221;][et_pb_divider show_divider=&#8221;off&#8221; _builder_version=&#8221;4.24.2&#8243; _module_preset=&#8221;default&#8221; height=&#8221;30vw&#8221; global_colors_info=&#8221;{}&#8221;][\/et_pb_divider][\/et_pb_column][\/et_pb_row][\/et_pb_section][et_pb_section fb_built=&#8221;1&#8243; _builder_version=&#8221;4.20.4&#8243; _module_preset=&#8221;default&#8221; global_colors_info=&#8221;{}&#8221;][\/et_pb_section][et_pb_section fb_built=&#8221;1&#8243; make_equal=&#8221;on&#8221; specialty=&#8221;on&#8221; parallax_2=&#8221;on&#8221; bg_img_2=&#8221;https:\/\/wormshafts.top\/wp-content\/uploads\/2025\/11\/ep-Worm-Gear-Shaft-Worm-Gear-Drive-Shaft-Customized-Worm-Shaft-features1_1.webp&#8221; padding_top_1=&#8221;60px&#8221; padding_bottom_1=&#8221;60px&#8221; padding_top_bottom_link_1=&#8221;true&#8221; padding_left_right_link_1=&#8221;false&#8221; padding_1_tablet=&#8221;0px||0px||true|false&#8221; padding_1_phone=&#8221;0px||0px||true|false&#8221; padding_1_last_edited=&#8221;on|desktop&#8221; admin_label=&#8221;Features&#8221; _builder_version=&#8221;4.20.4&#8243; _module_preset=&#8221;default&#8221; background_enable_color=&#8221;off&#8221; inner_max_width=&#8221;2000px&#8221; collapsed=&#8221;off&#8221; global_colors_info=&#8221;{}&#8221;][et_pb_column type=&#8221;1_2&#8243; specialty_columns=&#8221;2&#8243; _builder_version=&#8221;4.16&#8243; _module_preset=&#8221;default&#8221; custom_padding=&#8221;|||&#8221; global_colors_info=&#8221;{}&#8221; custom_padding__hover=&#8221;|||&#8221;][et_pb_row_inner _builder_version=&#8221;4.20.4&#8243; _module_preset=&#8221;default&#8221; collapsed=&#8221;on&#8221; global_colors_info=&#8221;{}&#8221;][et_pb_column_inner saved_specialty_column_type=&#8221;1_2&#8243; _builder_version=&#8221;4.24.1&#8243; _module_preset=&#8221;default&#8221; global_colors_info=&#8221;{}&#8221;][et_pb_text _builder_version=&#8221;4.20.4&#8243; _module_preset=&#8221;353929ff-e31e-4d7b-a868-e205b95881fd&#8221; text_text_color=&#8221;#000000&#8243; text_font_size=&#8221;46px&#8221; text_line_height=&#8221;1.8em&#8221; width=&#8221;100%&#8221; max_width=&#8221;510px&#8221; global_colors_info=&#8221;{}&#8221;]<\/p>\n<p><span style=\"text-decoration: underline;\"><strong>Mehr \u00fcber uns<\/strong><\/span><\/p>\n<p>[\/et_pb_text][et_pb_text _builder_version=&#8221;4.20.4&#8243; _module_preset=&#8221;c49240dd-4913-4048-8688-7a5f27d3ec42&#8243; text_font=&#8221;Adamina||||||||&#8221; text_font_size=&#8221;6px&#8221; max_width=&#8221;510px&#8221; custom_margin=&#8221;||0px||false|false&#8221; global_colors_info=&#8221;{}&#8221;]<\/p>\n<h3>Qualit\u00e4tssicherung<\/h3>\n<p>[\/et_pb_text][et_pb_text _builder_version=&#8221;4.20.4&#8243; _module_preset=&#8221;e23c6d2e-271c-4f7d-ba56-7401472cc86e&#8221; max_width=&#8221;510px&#8221; global_colors_info=&#8221;{}&#8221;]<\/p>\n<p style=\"text-align: justify;\">Unsere Produkte sind auf Langlebigkeit ausgelegt und zeichnen sich durch pr\u00e4zise Konstruktion und Robustheit aus. Jede Komponente wird strengstens gepr\u00fcft, um h\u00f6chste Standards zu erf\u00fcllen und maximale Effizienz und Lebensdauer zu gew\u00e4hrleisten.<\/p>\n<p>[\/et_pb_text][et_pb_text _builder_version=&#8221;4.20.4&#8243; _module_preset=&#8221;c49240dd-4913-4048-8688-7a5f27d3ec42&#8243; text_font=&#8221;Adamina||||||||&#8221; text_font_size=&#8221;12px&#8221; max_width=&#8221;510px&#8221; custom_margin=&#8221;||0px||false|false&#8221; global_colors_info=&#8221;{}&#8221;]<\/p>\n<h3>Kundenspezifische L\u00f6sungen<\/h3>\n<p>[\/et_pb_text][et_pb_text _builder_version=&#8221;4.20.4&#8243; _module_preset=&#8221;e23c6d2e-271c-4f7d-ba56-7401472cc86e&#8221; max_width=&#8221;510px&#8221; global_colors_info=&#8221;{}&#8221;]<\/p>\n<p style=\"text-align: justify;\">Wir bieten ma\u00dfgeschneiderte Produkte, die exakt Ihren Anforderungen entsprechen. Ob Spezialgetriebe oder individuelle Getriebel\u00f6sungen \u2013 unser Team arbeitet eng mit Ihnen zusammen, um ma\u00dfgeschneiderte L\u00f6sungen zu entwickeln, die Ihren Spezifikationen gen\u00fcgen.<\/p>\n<p>[\/et_pb_text][et_pb_text _builder_version=&#8221;4.20.4&#8243; _module_preset=&#8221;c49240dd-4913-4048-8688-7a5f27d3ec42&#8243; text_font=&#8221;Adamina||||||||&#8221; max_width=&#8221;510px&#8221; custom_margin=&#8221;||0px||false|false&#8221; global_colors_info=&#8221;{}&#8221;]<\/p>\n<h3>Wettbewerbsf\u00e4hige Preise<\/h3>\n<p>[\/et_pb_text][et_pb_text _builder_version=&#8221;4.20.4&#8243; _module_preset=&#8221;e23c6d2e-271c-4f7d-ba56-7401472cc86e&#8221; max_width=&#8221;510px&#8221; global_colors_info=&#8221;{}&#8221;]<\/p>\n<p style=\"text-align: justify;\">Wir bieten qualitativ hochwertige Produkte zu wettbewerbsf\u00e4higen Preisen. Unsere effizienten Fertigungsprozesse und unser Engagement f\u00fcr Innovation erm\u00f6glichen es uns, kosteng\u00fcnstige L\u00f6sungen ohne Qualit\u00e4tseinbu\u00dfen anzubieten.<\/p>\n<p>[\/et_pb_text][\/et_pb_column_inner][\/et_pb_row_inner][et_pb_row_inner column_structure=&#8221;1_2,1_2&#8243; _builder_version=&#8221;4.20.4&#8243; _module_preset=&#8221;default&#8221; background_enable_color=&#8221;off&#8221; collapsed=&#8221;off&#8221; global_colors_info=&#8221;{}&#8221;][et_pb_column_inner type=&#8221;1_2&#8243; saved_specialty_column_type=&#8221;1_2&#8243; _builder_version=&#8221;4.24.1&#8243; _module_preset=&#8221;default&#8221; global_colors_info=&#8221;{}&#8221;][et_pb_button button_text=&#8221;Email us&#8221; _builder_version=&#8221;4.20.4&#8243; _module_preset=&#8221;3d6ed4dc-45ea-4f15-950a-963331a57bed&#8221; global_colors_info=&#8221;{}&#8221;][\/et_pb_button][\/et_pb_column_inner][et_pb_column_inner type=&#8221;1_2&#8243; saved_specialty_column_type=&#8221;1_2&#8243; _builder_version=&#8221;4.24.1&#8243; _module_preset=&#8221;default&#8221; global_colors_info=&#8221;{}&#8221;][et_pb_button button_text=&#8221;sales@wormshafts.top&#8221; _builder_version=&#8221;4.20.4&#8243; _module_preset=&#8221;3d6ed4dc-45ea-4f15-950a-963331a57bed&#8221; locked=&#8221;off&#8221; global_colors_info=&#8221;{}&#8221;][\/et_pb_button][\/et_pb_column_inner][\/et_pb_row_inner][\/et_pb_column][et_pb_column type=&#8221;1_2&#8243; _builder_version=&#8221;4.16&#8243; _module_preset=&#8221;default&#8221; custom_padding=&#8221;|||&#8221; global_colors_info=&#8221;{}&#8221; custom_padding__hover=&#8221;|||&#8221;][\/et_pb_column][\/et_pb_section][et_pb_section fb_built=&#8221;1&#8243; admin_label=&#8221;Gallery&#8221; _builder_version=&#8221;4.24.1&#8243; _module_preset=&#8221;default&#8221; collapsed=&#8221;on&#8221; global_colors_info=&#8221;{}&#8221;][et_pb_row column_structure=&#8221;1_2,1_2&#8243; _builder_version=&#8221;4.20.4&#8243; _module_preset=&#8221;default&#8221; background_color=&#8221;#FFFFFF&#8221; width=&#8221;90%&#8221; max_width=&#8221;2000px&#8221; global_colors_info=&#8221;{}&#8221;][et_pb_column type=&#8221;1_2&#8243; _builder_version=&#8221;4.24.1&#8243; _module_preset=&#8221;default&#8221; global_colors_info=&#8221;{}&#8221;][et_pb_text _builder_version=&#8221;4.20.4&#8243; _module_preset=&#8221;default&#8221; text_text_color=&#8221;#000000&#8243; text_font_size=&#8221;57px&#8221; text_line_height=&#8221;1.8em&#8221; text_text_shadow_style=&#8221;preset5&#8243; text_text_shadow_color=&#8221;#D6D6D6&#8243; global_colors_info=&#8221;{}&#8221;]<\/p>\n<p><strong>Bewertungen zu unserem Service<\/strong><\/p>\n<p>[\/et_pb_text][\/et_pb_column][et_pb_column type=&#8221;1_2&#8243; _builder_version=&#8221;4.24.1&#8243; _module_preset=&#8221;default&#8221; global_colors_info=&#8221;{}&#8221;][et_pb_slider _builder_version=&#8221;4.20.4&#8243; _module_preset=&#8221;default&#8221; body_text_color=&#8221;#FFFFFF&#8221; background_color=&#8221;#242424&#8243; box_shadow_style_image=&#8221;preset2&#8243; global_colors_info=&#8221;{}&#8221;][et_pb_slide _builder_version=&#8221;4.20.4&#8243; _module_preset=&#8221;default&#8221; global_colors_info=&#8221;{}&#8221; sticky_transition=&#8221;on&#8221;]<\/p>\n<p>\u201eWir setzen die Schneckenwellen von Everpower seit \u00fcber einem Jahr in unseren Maschinen ein und sind von der Leistung begeistert. Pr\u00e4zision und Langlebigkeit sind un\u00fcbertroffen. Sie laufen seidenweich und bieten eine hohe Drehmoment\u00fcbertragung bei minimaler Reibung. Absolut empfehlenswert f\u00fcr alle, die zuverl\u00e4ssige und leistungsstarke Getriebel\u00f6sungen ben\u00f6tigen.\u201c<\/p>\n<p>[\/et_pb_slide][et_pb_slide _builder_version=&#8221;4.20.4&#8243; _module_preset=&#8221;default&#8221; global_colors_info=&#8221;{}&#8221; sticky_transition=&#8221;on&#8221;]<\/p>\n<p>\u201eIch habe vor Kurzem eine Schneckenwelle von Everpower in meine Maschine eingebaut und bin begeistert! Der Einbau war unkompliziert und sie l\u00e4uft absolut reibungslos. Ein solides Produkt, das genau meine Bed\u00fcrfnisse erf\u00fcllt \u2013 hohes Drehmoment bei geringem Wartungsaufwand. Ich bin sehr zufrieden mit dem Kauf!\u201c<\/p>\n<p>[\/et_pb_slide][et_pb_slide _builder_version=&#8221;4.20.4&#8243; _module_preset=&#8221;default&#8221; global_colors_info=&#8221;{}&#8221; sticky_transition=&#8221;on&#8221;]<\/p>\n<p>\u201eIch habe vor Kurzem eine Schneckenwelle von Everpower gekauft. Ich war mir nicht sicher, was ich erwarten sollte, aber sie funktioniert einwandfrei! Bisher keinerlei Probleme, und meine Ger\u00e4te laufen viel ruhiger. Ich bin sehr zufrieden mit dem Kauf und werde bei Bedarf wiederkommen!\u201c<\/p>\n<p>[\/et_pb_slide][et_pb_slide _builder_version=&#8221;4.20.4&#8243; _module_preset=&#8221;default&#8221; global_colors_info=&#8221;{}&#8221; sticky_transition=&#8221;on&#8221;]<\/p>\n<p>\u201eWir setzen die Schneckenwellen von Everpower in unseren Produktionsanlagen ein und sie liefern durchweg hohe Leistung. Der ruhige Lauf und der geringe Wartungsaufwand haben unsere Effizienz deutlich gesteigert. Die pr\u00e4zise Konstruktion und die Materialqualit\u00e4t gew\u00e4hrleisten langfristige Zuverl\u00e4ssigkeit, die f\u00fcr unsere industriellen Prozesse unerl\u00e4sslich ist. Wir vertrauen Everpower bei all unseren Getriebebed\u00fcrfnissen.\u201c<\/p>\n<p>[\/et_pb_slide][\/et_pb_slider][\/et_pb_column][\/et_pb_row][et_pb_row _builder_version=&#8221;4.20.4&#8243; _module_preset=&#8221;default&#8221; global_colors_info=&#8221;{}&#8221;][et_pb_column type=&#8221;4_4&#8243; _builder_version=&#8221;4.20.4&#8243; _module_preset=&#8221;default&#8221; global_colors_info=&#8221;{}&#8221;][et_pb_post_slider show_arrows=&#8221;off&#8221; show_pagination=&#8221;off&#8221; show_meta=&#8221;off&#8221; _builder_version=&#8221;4.20.4&#8243; _module_preset=&#8221;default&#8221; body_text_align=&#8221;justify&#8221; background_color=&#8221;#242424&#8243; global_colors_info=&#8221;{}&#8221;][\/et_pb_post_slider][\/et_pb_column][\/et_pb_row][\/et_pb_section][et_pb_section fb_built=&#8221;1&#8243; admin_label=&#8221;Call to Action&#8221; _builder_version=&#8221;4.20.4&#8243; _module_preset=&#8221;default&#8221; use_background_color_gradient=&#8221;on&#8221; background_color_gradient_type=&#8221;circular&#8221; background_color_gradient_stops=&#8221;rgba(0,0,0,0.5) 0%|#000000 100%&#8221; background_color_gradient_overlays_image=&#8221;on&#8221; background_image=&#8221;https:\/\/wormshafts.top\/wp-content\/uploads\/2025\/11\/ep-wormshaft-1.webp&#8221; parallax=&#8221;on&#8221; custom_padding=&#8221;8%||8%||true|false&#8221; collapsed=&#8221;on&#8221; global_colors_info=&#8221;{}&#8221;][et_pb_row _builder_version=&#8221;4.24.1&#8243; _module_preset=&#8221;default&#8221; max_width=&#8221;800px&#8221; global_colors_info=&#8221;{}&#8221;][et_pb_column type=&#8221;4_4&#8243; _builder_version=&#8221;4.24.1&#8243; _module_preset=&#8221;default&#8221; global_colors_info=&#8221;{}&#8221;][et_pb_text _builder_version=&#8221;4.20.4&#8243; _module_preset=&#8221;353929ff-e31e-4d7b-a868-e205b95881fd&#8221; text_font=&#8221;Adamina||||||||&#8221; text_text_color=&#8221;#FFFFFF&#8221; text_font_size=&#8221;37px&#8221; header_2_text_color=&#8221;#FFFFFF&#8221; text_orientation=&#8221;center&#8221; global_colors_info=&#8221;{}&#8221;]<\/p>\n<p>Bereitstellung hochwertiger Produkte und Dienstleistungen<\/p>\n<p>[\/et_pb_text][et_pb_button button_text=&#8221;Contact Us&#8221; button_alignment=&#8221;center&#8221; _builder_version=&#8221;4.20.4&#8243; _module_preset=&#8221;ece8a07d-d704-4fa3-9ac8-e39fc8cd8e58&#8243; hover_enabled=&#8221;0&#8243; global_colors_info=&#8221;{}&#8221; sticky_enabled=&#8221;0&#8243;][\/et_pb_button][et_pb_button button_text=&#8221;Edit by gzl&#8221; button_alignment=&#8221;center&#8221; _builder_version=&#8221;4.27.4&#8243; _module_preset=&#8221;ece8a07d-d704-4fa3-9ac8-e39fc8cd8e58&#8243; hover_enabled=&#8221;0&#8243; global_colors_info=&#8221;{}&#8221; sticky_enabled=&#8221;0&#8243;][\/et_pb_button][\/et_pb_column][\/et_pb_row][\/et_pb_section]<\/p>","protected":false},"excerpt":{"rendered":"<p>Warm ShaftsCustomized Worm Shafts for High-Performance Industrial Gearboxessales@wormshafts.top Customer&#8217;s demand is all we pursuitOur focus is on delivering shafts that meet the most demanding industrial specifications for torque transmission, efficiency, and long-term durability.Contact Us to See More &nbsp; As a worm gear shaft manufacturer, we will do our best to serve you. If you need [&hellip;]<\/p>","protected":false},"author":1,"featured_media":0,"parent":0,"menu_order":0,"comment_status":"closed","ping_status":"closed","template":"","meta":{"_et_pb_use_builder":"on","_et_pb_old_content":"","_et_gb_content_width":"","footnotes":""},"class_list":["post-1054","page","type-page","status-publish","hentry"],"_links":{"self":[{"href":"https:\/\/wormshafts.top\/de\/wp-json\/wp\/v2\/pages\/1054","targetHints":{"allow":["GET"]}}],"collection":[{"href":"https:\/\/wormshafts.top\/de\/wp-json\/wp\/v2\/pages"}],"about":[{"href":"https:\/\/wormshafts.top\/de\/wp-json\/wp\/v2\/types\/page"}],"author":[{"embeddable":true,"href":"https:\/\/wormshafts.top\/de\/wp-json\/wp\/v2\/users\/1"}],"replies":[{"embeddable":true,"href":"https:\/\/wormshafts.top\/de\/wp-json\/wp\/v2\/comments?post=1054"}],"version-history":[{"count":1,"href":"https:\/\/wormshafts.top\/de\/wp-json\/wp\/v2\/pages\/1054\/revisions"}],"predecessor-version":[{"id":1056,"href":"https:\/\/wormshafts.top\/de\/wp-json\/wp\/v2\/pages\/1054\/revisions\/1056"}],"wp:attachment":[{"href":"https:\/\/wormshafts.top\/de\/wp-json\/wp\/v2\/media?parent=1054"}],"curies":[{"name":"wp","href":"https:\/\/api.w.org\/{rel}","templated":true}]}}