{"id":1054,"date":"2025-09-15T02:09:42","date_gmt":"2025-09-15T02:09:42","guid":{"rendered":"https:\/\/wormshafts.top\/?page_id=1054"},"modified":"2025-11-24T09:31:03","modified_gmt":"2025-11-24T09:31:03","slug":"home","status":"publish","type":"page","link":"https:\/\/wormshafts.top\/es\/","title":{"rendered":"Hogar"},"content":{"rendered":"<p>[et_pb_section fb_built=&#8221;1&#8243; admin_label=&#8221;Header&#8221; _builder_version=&#8221;4.20.4&#8243; _module_preset=&#8221;default&#8221; use_background_color_gradient=&#8221;on&#8221; background_color_gradient_stops=&#8221;rgba(0,0,0,0.5) 0%|rgba(0,0,0,0.5) 100%&#8221; background_color_gradient_overlays_image=&#8221;on&#8221; background_image=&#8221;https:\/\/wormshafts.top\/wp-content\/uploads\/2025\/11\/ep-Worm-Gear-2-51.webp&#8221; parallax=&#8221;on&#8221; custom_padding=&#8221;6vw||||false|false&#8221; collapsed=&#8221;on&#8221; global_colors_info=&#8221;{}&#8221;][et_pb_row _builder_version=&#8221;4.24.2&#8243; _module_preset=&#8221;default&#8221; width=&#8221;90%&#8221; max_width=&#8221;none&#8221; global_colors_info=&#8221;{}&#8221;][et_pb_column type=&#8221;4_4&#8243; _builder_version=&#8221;4.24.1&#8243; _module_preset=&#8221;default&#8221; global_colors_info=&#8221;{}&#8221;][et_pb_text _builder_version=&#8221;4.20.4&#8243; _module_preset=&#8221;e0cbbeb0-4e03-46b9-8e55-cc4f458a154c&#8221; text_font=&#8221;Adamina|||on|||||&#8221; text_text_color=&#8221;#FFFFFF&#8221; text_font_size=&#8221;80px&#8221; header_text_color=&#8221;#FFFFFF&#8221; text_orientation=&#8221;center&#8221; custom_margin=&#8221;30px||10px||false|false&#8221; global_colors_info=&#8221;{}&#8221;]<\/p>\n<h1>Ejes calientes<\/h1>\n<p>[\/et_pb_text][et_pb_text quote_border_color=&#8221;#FFFFFF&#8221; _builder_version=&#8221;4.20.4&#8243; _module_preset=&#8221;9cd6cec6-8451-47fc-be25-dc9076bc3d98&#8243; text_font=&#8221;Abhaya Libre||||||||&#8221; text_text_color=&#8221;#FFFFFF&#8221; text_line_height=&#8221;3em&#8221; link_text_color=&#8221;#FFFFFF&#8221; quote_text_color=&#8221;#FFFFFF&#8221; header_2_text_color=&#8221;#FFFFFF&#8221; header_2_font_size=&#8221;23px&#8221; text_orientation=&#8221;center&#8221; max_width=&#8221;900px&#8221; module_alignment=&#8221;center&#8221; custom_margin=&#8221;0px||||false|false&#8221; global_colors_info=&#8221;{}&#8221;]<\/p>\n<h2>Ejes sinf\u00edn personalizados para cajas de engranajes industriales de alto rendimiento<\/h2>\n<p>[\/et_pb_text][et_pb_button button_text=&#8221;Contact Us&#8221; button_alignment=&#8221;center&#8221; _builder_version=&#8221;4.20.4&#8243; _module_preset=&#8221;ece8a07d-d704-4fa3-9ac8-e39fc8cd8e58&#8243; global_colors_info=&#8221;{}&#8221;][\/et_pb_button][\/et_pb_column][\/et_pb_row][et_pb_row column_structure=&#8221;1_3,1_3,1_3&#8243; _builder_version=&#8221;4.24.2&#8243; _module_preset=&#8221;default&#8221; width=&#8221;90%&#8221; max_width=&#8221;none&#8221; custom_margin=&#8221;8vw||||false|false&#8221; custom_padding=&#8221;0px||0px||false|false&#8221; global_colors_info=&#8221;{}&#8221;][et_pb_column type=&#8221;1_3&#8243; _builder_version=&#8221;4.24.1&#8243; _module_preset=&#8221;default&#8221; global_colors_info=&#8221;{}&#8221;][\/et_pb_column][et_pb_column type=&#8221;1_3&#8243; _builder_version=&#8221;4.24.1&#8243; _module_preset=&#8221;default&#8221; global_colors_info=&#8221;{}&#8221;][\/et_pb_column][et_pb_column type=&#8221;1_3&#8243; _builder_version=&#8221;4.24.1&#8243; _module_preset=&#8221;default&#8221; global_colors_info=&#8221;{}&#8221;][et_pb_text _builder_version=&#8221;4.27.4&#8243; _module_preset=&#8221;c49240dd-4913-4048-8688-7a5f27d3ec42&#8243; text_font=&#8221;Alike||||||||&#8221; text_text_color=&#8221;#FFFFFF&#8221; header_2_text_color=&#8221;#FFFFFF&#8221; header_2_font_size=&#8221;17px&#8221; header_5_text_color=&#8221;#FFFFFF&#8221; text_orientation=&#8221;right&#8221; custom_margin=&#8221;||0px||false|false&#8221; text_orientation_tablet=&#8221;center&#8221; text_orientation_phone=&#8221;center&#8221; text_orientation_last_edited=&#8221;on|tablet&#8221; locked=&#8221;off&#8221; global_colors_info=&#8221;{}&#8221;]<\/p>\n<h2><a href=\"mailto:mail%20to sales@wormshafts.top\">sales@wormshafts.top<\/a><\/h2>\n<h2>La demanda del cliente es todo lo que buscamos.<\/h2>\n<p>[\/et_pb_text][\/et_pb_column][\/et_pb_row][\/et_pb_section][et_pb_section fb_built=&#8221;1&#8243; admin_label=&#8221;About&#8221; _builder_version=&#8221;4.24.2&#8243; _module_preset=&#8221;default&#8221; custom_padding=&#8221;8vw||8vw||true|false&#8221; collapsed=&#8221;on&#8221; global_colors_info=&#8221;{}&#8221;][et_pb_row _builder_version=&#8221;4.24.1&#8243; _module_preset=&#8221;default&#8221; global_colors_info=&#8221;{}&#8221;][et_pb_column type=&#8221;4_4&#8243; _builder_version=&#8221;4.24.1&#8243; _module_preset=&#8221;default&#8221; global_colors_info=&#8221;{}&#8221;][et_pb_text _builder_version=&#8221;4.20.4&#8243; _module_preset=&#8221;6ece7d17-654a-416c-ba8b-c3e4bfb5df2b&#8221; header_3_font_size=&#8221;39px&#8221; global_colors_info=&#8221;{}&#8221;]<\/p>\n<h3>Nuestro enfoque est\u00e1 en entregar ejes que cumplan con las especificaciones industriales m\u00e1s exigentes en cuanto a transmisi\u00f3n de torque, eficiencia y durabilidad a largo plazo.<\/h3>\n<p>[\/et_pb_text][\/et_pb_column][\/et_pb_row][\/et_pb_section][et_pb_section fb_built=&#8221;1&#8243; _builder_version=&#8221;4.20.4&#8243; _module_preset=&#8221;default&#8221; global_colors_info=&#8221;{}&#8221;][et_pb_row column_structure=&#8221;1_3,2_3&#8243; _builder_version=&#8221;4.20.4&#8243; _module_preset=&#8221;default&#8221; global_colors_info=&#8221;{}&#8221;][et_pb_column type=&#8221;1_3&#8243; _builder_version=&#8221;4.20.4&#8243; _module_preset=&#8221;default&#8221; global_colors_info=&#8221;{}&#8221;][et_pb_text _builder_version=&#8221;4.20.4&#8243; _module_preset=&#8221;default&#8221; text_font=&#8221;Abhaya Libre||||||||&#8221; custom_margin=&#8221;160px||||false|false&#8221; global_colors_info=&#8221;{}&#8221;]<\/p>\n<h2 style=\"text-align: justify;\"><strong>Cont\u00e1ctenos para ver m\u00e1s<\/strong><span><\/span><\/h2>\n<p>&nbsp;<\/p>\n<h3 style=\"text-align: justify;\"><span>Como fabricante de ejes de engranajes helicoidales, haremos todo lo posible para servirle. <\/span><\/h3>\n<h3 style=\"text-align: justify;\"><span>Si necesitas productos personalizados, o los productos que necesitas no los encuentras en nuestra web o necesitas un cat\u00e1logo de productos, no te preocupes, seguimos subiendo m\u00e1s productos nuestros. <\/span><\/h3>\n<h3 style=\"text-align: justify;\"><span>\u00a1Puede enviarnos un correo electr\u00f3nico directamente y le responderemos dentro de las 24 horas!<\/span><\/h3>\n<p>[\/et_pb_text][\/et_pb_column][et_pb_column type=&#8221;2_3&#8243; _builder_version=&#8221;4.20.4&#8243; _module_preset=&#8221;default&#8221; global_colors_info=&#8221;{}&#8221;][et_pb_shop columns_number=&#8221;3&#8243; _builder_version=&#8221;4.20.4&#8243; _module_preset=&#8221;default&#8221; global_colors_info=&#8221;{}&#8221;][\/et_pb_shop][\/et_pb_column][\/et_pb_row][\/et_pb_section][et_pb_section fb_built=&#8221;1&#8243; admin_label=&#8221;Menu&#8221; _builder_version=&#8221;4.24.2&#8243; _module_preset=&#8221;default&#8221; background_color=&#8221;#000000&#8243; custom_padding=&#8221;|10%||10%|false|true&#8221; collapsed=&#8221;on&#8221; global_colors_info=&#8221;{}&#8221;][et_pb_row column_structure=&#8221;1_2,1_2&#8243; _builder_version=&#8221;4.24.1&#8243; _module_preset=&#8221;default&#8221; width=&#8221;100%&#8221; max_width=&#8221;2000px&#8221; locked=&#8221;off&#8221; global_colors_info=&#8221;{}&#8221;][et_pb_column type=&#8221;1_2&#8243; saved_specialty_column_type=&#8221;1_2&#8243; _builder_version=&#8221;4.24.1&#8243; _module_preset=&#8221;default&#8221; global_colors_info=&#8221;{}&#8221;][et_pb_text _builder_version=&#8221;4.20.4&#8243; _module_preset=&#8221;6ece7d17-654a-416c-ba8b-c3e4bfb5df2b&#8221; header_3_font=&#8221;Shippori Mincho||||on||||&#8221; header_3_text_color=&#8221;#FFFFFF&#8221; custom_margin=&#8221;||10px||false|false&#8221; global_colors_info=&#8221;{}&#8221;]<\/p>\n<h3><em>\u00bfQu\u00e9 es un eje sinf\u00edn?<\/em><\/h3>\n<p>[\/et_pb_text][et_pb_text _builder_version=&#8221;4.20.4&#8243; _module_preset=&#8221;e23c6d2e-271c-4f7d-ba56-7401472cc86e&#8221; text_text_color=&#8221;#FFFFFF&#8221; global_colors_info=&#8221;{}&#8221;]<\/p>\n<p style=\"text-align: justify;\">Un eje sinf\u00edn es un componente cr\u00edtico en los sistemas mec\u00e1nicos, utilizado principalmente en transmisiones por engranajes sinf\u00edn. Consiste en un eje con un engranaje helicoidal, conocido como \"sinf\u00edn\", dise\u00f1ado para engranar con una rueda sinf\u00edn (el engranaje que acciona). Los ejes sinf\u00edn se emplean generalmente en aplicaciones que requieren una transmisi\u00f3n de par elevado y una transferencia de potencia compacta y eficiente entre ejes no intersecantes ni paralelos.<\/p>\n<p>[\/et_pb_text][et_pb_image src=&#8221;https:\/\/wormshafts.top\/wp-content\/uploads\/2025\/11\/ep-Worm-Gear-2-411.webp&#8221; alt=&#8221;worm shaft&#8221; title_text=&#8221;ep-Worm-Gear-2 (4)11&#8243; _builder_version=&#8221;4.20.4&#8243; _module_preset=&#8221;default&#8221; scroll_vertical_motion_enable=&#8221;on&#8221; scroll_vertical_motion=&#8221;0|50|50|100|1|0|-1&#8243; global_colors_info=&#8221;{}&#8221;][\/et_pb_image][\/et_pb_column][et_pb_column type=&#8221;1_2&#8243; saved_specialty_column_type=&#8221;1_2&#8243; _builder_version=&#8221;4.24.1&#8243; _module_preset=&#8221;default&#8221; global_colors_info=&#8221;{}&#8221;][et_pb_image src=&#8221;https:\/\/wormshafts.top\/wp-content\/uploads\/2025\/11\/ep-Worm-Gear-2-111111.webp&#8221; alt=&#8221;worm shaft&#8221; title_text=&#8221;ep-Worm-Gear-2 (1)11111&#8243; align=&#8221;right&#8221; _builder_version=&#8221;4.20.4&#8243; _module_preset=&#8221;default&#8221; max_width=&#8221;400px&#8221; locked=&#8221;off&#8221; global_colors_info=&#8221;{}&#8221;][\/et_pb_image][et_pb_text _builder_version=&#8221;4.20.4&#8243; _module_preset=&#8221;6ece7d17-654a-416c-ba8b-c3e4bfb5df2b&#8221; header_3_font=&#8221;Shippori Mincho||||on||||&#8221; header_3_text_color=&#8221;#FFFFFF&#8221; text_orientation=&#8221;right&#8221; custom_margin=&#8221;||10px||false|false&#8221; locked=&#8221;off&#8221; global_colors_info=&#8221;{}&#8221;]<\/p>\n<h3><em>\u00bfPor qu\u00e9 elegirnos?<\/em><\/h3>\n<p>[\/et_pb_text][et_pb_text _builder_version=&#8221;4.20.4&#8243; _module_preset=&#8221;e23c6d2e-271c-4f7d-ba56-7401472cc86e&#8221; text_text_color=&#8221;#FFFFFF&#8221; text_orientation=&#8221;right&#8221; locked=&#8221;off&#8221; global_colors_info=&#8221;{}&#8221;]<\/p>\n<p style=\"text-align: justify;\">En Everpower, nos especializamos en el dise\u00f1o y la fabricaci\u00f3n de una amplia gama de productos de transmisi\u00f3n mec\u00e1nica e hidr\u00e1ulica de alta calidad. Ofrecemos una amplia gama de soluciones de transmisi\u00f3n, dise\u00f1adas para satisfacer las necesidades espec\u00edficas de industrias que abarcan desde la agricultura y la automoci\u00f3n hasta la maquinaria industrial.<\/p>\n<p>[\/et_pb_text][\/et_pb_column][\/et_pb_row][\/et_pb_section][et_pb_section fb_built=&#8221;1&#8243; admin_label=&#8221;Image&#8221; _builder_version=&#8221;4.20.4&#8243; _module_preset=&#8221;default&#8221; background_color=&#8221;#000000&#8243; use_background_color_gradient=&#8221;on&#8221; background_color_gradient_stops=&#8221;#000000 0%|rgba(255,255,255,0) 100%&#8221; background_color_gradient_overlays_image=&#8221;on&#8221; background_image=&#8221;https:\/\/wormshafts.top\/wp-content\/uploads\/2025\/11\/ep-Worm-Gear-1.webp&#8221; parallax=&#8221;on&#8221; collapsed=&#8221;on&#8221; global_colors_info=&#8221;{}&#8221;][et_pb_row _builder_version=&#8221;4.24.1&#8243; _module_preset=&#8221;default&#8221; global_colors_info=&#8221;{}&#8221;][et_pb_column type=&#8221;4_4&#8243; _builder_version=&#8221;4.24.1&#8243; _module_preset=&#8221;default&#8221; global_colors_info=&#8221;{}&#8221;][et_pb_divider show_divider=&#8221;off&#8221; _builder_version=&#8221;4.24.2&#8243; _module_preset=&#8221;default&#8221; height=&#8221;30vw&#8221; global_colors_info=&#8221;{}&#8221;][\/et_pb_divider][\/et_pb_column][\/et_pb_row][\/et_pb_section][et_pb_section fb_built=&#8221;1&#8243; _builder_version=&#8221;4.20.4&#8243; _module_preset=&#8221;default&#8221; global_colors_info=&#8221;{}&#8221;][\/et_pb_section][et_pb_section fb_built=&#8221;1&#8243; make_equal=&#8221;on&#8221; specialty=&#8221;on&#8221; parallax_2=&#8221;on&#8221; bg_img_2=&#8221;https:\/\/wormshafts.top\/wp-content\/uploads\/2025\/11\/ep-Worm-Gear-Shaft-Worm-Gear-Drive-Shaft-Customized-Worm-Shaft-features1_1.webp&#8221; padding_top_1=&#8221;60px&#8221; padding_bottom_1=&#8221;60px&#8221; padding_top_bottom_link_1=&#8221;true&#8221; padding_left_right_link_1=&#8221;false&#8221; padding_1_tablet=&#8221;0px||0px||true|false&#8221; padding_1_phone=&#8221;0px||0px||true|false&#8221; padding_1_last_edited=&#8221;on|desktop&#8221; admin_label=&#8221;Features&#8221; _builder_version=&#8221;4.20.4&#8243; _module_preset=&#8221;default&#8221; background_enable_color=&#8221;off&#8221; inner_max_width=&#8221;2000px&#8221; collapsed=&#8221;off&#8221; global_colors_info=&#8221;{}&#8221;][et_pb_column type=&#8221;1_2&#8243; specialty_columns=&#8221;2&#8243; _builder_version=&#8221;4.16&#8243; _module_preset=&#8221;default&#8221; custom_padding=&#8221;|||&#8221; global_colors_info=&#8221;{}&#8221; custom_padding__hover=&#8221;|||&#8221;][et_pb_row_inner _builder_version=&#8221;4.20.4&#8243; _module_preset=&#8221;default&#8221; collapsed=&#8221;on&#8221; global_colors_info=&#8221;{}&#8221;][et_pb_column_inner saved_specialty_column_type=&#8221;1_2&#8243; _builder_version=&#8221;4.24.1&#8243; _module_preset=&#8221;default&#8221; global_colors_info=&#8221;{}&#8221;][et_pb_text _builder_version=&#8221;4.20.4&#8243; _module_preset=&#8221;353929ff-e31e-4d7b-a868-e205b95881fd&#8221; text_text_color=&#8221;#000000&#8243; text_font_size=&#8221;46px&#8221; text_line_height=&#8221;1.8em&#8221; width=&#8221;100%&#8221; max_width=&#8221;510px&#8221; global_colors_info=&#8221;{}&#8221;]<\/p>\n<p><span style=\"text-decoration: underline;\"><strong>M\u00e1s sobre nosotros<\/strong><\/span><\/p>\n<p>[\/et_pb_text][et_pb_text _builder_version=&#8221;4.20.4&#8243; _module_preset=&#8221;c49240dd-4913-4048-8688-7a5f27d3ec42&#8243; text_font=&#8221;Adamina||||||||&#8221; text_font_size=&#8221;6px&#8221; max_width=&#8221;510px&#8221; custom_margin=&#8221;||0px||false|false&#8221; global_colors_info=&#8221;{}&#8221;]<\/p>\n<h3>Garant\u00eda de calidad<\/h3>\n<p>[\/et_pb_text][et_pb_text _builder_version=&#8221;4.20.4&#8243; _module_preset=&#8221;e23c6d2e-271c-4f7d-ba56-7401472cc86e&#8221; max_width=&#8221;510px&#8221; global_colors_info=&#8221;{}&#8221;]<\/p>\n<p style=\"text-align: justify;\">Nuestros productos est\u00e1n dise\u00f1ados para durar, con un enfoque en la ingenier\u00eda de precisi\u00f3n y la durabilidad. Cada componente se somete a rigurosas pruebas para cumplir con los m\u00e1s altos est\u00e1ndares, garantizando la m\u00e1xima eficiencia y durabilidad.<\/p>\n<p>[\/et_pb_text][et_pb_text _builder_version=&#8221;4.20.4&#8243; _module_preset=&#8221;c49240dd-4913-4048-8688-7a5f27d3ec42&#8243; text_font=&#8221;Adamina||||||||&#8221; text_font_size=&#8221;12px&#8221; max_width=&#8221;510px&#8221; custom_margin=&#8221;||0px||false|false&#8221; global_colors_info=&#8221;{}&#8221;]<\/p>\n<h3>Soluciones personalizadas<\/h3>\n<p>[\/et_pb_text][et_pb_text _builder_version=&#8221;4.20.4&#8243; _module_preset=&#8221;e23c6d2e-271c-4f7d-ba56-7401472cc86e&#8221; max_width=&#8221;510px&#8221; global_colors_info=&#8221;{}&#8221;]<\/p>\n<p style=\"text-align: justify;\">Ofrecemos productos personalizados que se adaptan a sus necesidades espec\u00edficas. Ya sea un reductor especial o una soluci\u00f3n de caja de engranajes \u00fanica, nuestro equipo colabora estrechamente con nuestros clientes para ofrecer soluciones a medida que cumplan con sus especificaciones.<\/p>\n<p>[\/et_pb_text][et_pb_text _builder_version=&#8221;4.20.4&#8243; _module_preset=&#8221;c49240dd-4913-4048-8688-7a5f27d3ec42&#8243; text_font=&#8221;Adamina||||||||&#8221; max_width=&#8221;510px&#8221; custom_margin=&#8221;||0px||false|false&#8221; global_colors_info=&#8221;{}&#8221;]<\/p>\n<h3>Precios competitivos<\/h3>\n<p>[\/et_pb_text][et_pb_text _builder_version=&#8221;4.20.4&#8243; _module_preset=&#8221;e23c6d2e-271c-4f7d-ba56-7401472cc86e&#8221; max_width=&#8221;510px&#8221; global_colors_info=&#8221;{}&#8221;]<\/p>\n<p style=\"text-align: justify;\">Ofrecemos productos de alta calidad a precios competitivos. Nuestros eficientes procesos de fabricaci\u00f3n y nuestro compromiso con la innovaci\u00f3n nos permiten ofrecer soluciones rentables sin comprometer la calidad.<\/p>\n<p>[\/et_pb_text][\/et_pb_column_inner][\/et_pb_row_inner][et_pb_row_inner column_structure=&#8221;1_2,1_2&#8243; _builder_version=&#8221;4.20.4&#8243; _module_preset=&#8221;default&#8221; background_enable_color=&#8221;off&#8221; collapsed=&#8221;off&#8221; global_colors_info=&#8221;{}&#8221;][et_pb_column_inner type=&#8221;1_2&#8243; saved_specialty_column_type=&#8221;1_2&#8243; _builder_version=&#8221;4.24.1&#8243; _module_preset=&#8221;default&#8221; global_colors_info=&#8221;{}&#8221;][et_pb_button button_text=&#8221;Email us&#8221; _builder_version=&#8221;4.20.4&#8243; _module_preset=&#8221;3d6ed4dc-45ea-4f15-950a-963331a57bed&#8221; global_colors_info=&#8221;{}&#8221;][\/et_pb_button][\/et_pb_column_inner][et_pb_column_inner type=&#8221;1_2&#8243; saved_specialty_column_type=&#8221;1_2&#8243; _builder_version=&#8221;4.24.1&#8243; _module_preset=&#8221;default&#8221; global_colors_info=&#8221;{}&#8221;][et_pb_button button_text=&#8221;sales@wormshafts.top&#8221; _builder_version=&#8221;4.20.4&#8243; _module_preset=&#8221;3d6ed4dc-45ea-4f15-950a-963331a57bed&#8221; locked=&#8221;off&#8221; global_colors_info=&#8221;{}&#8221;][\/et_pb_button][\/et_pb_column_inner][\/et_pb_row_inner][\/et_pb_column][et_pb_column type=&#8221;1_2&#8243; _builder_version=&#8221;4.16&#8243; _module_preset=&#8221;default&#8221; custom_padding=&#8221;|||&#8221; global_colors_info=&#8221;{}&#8221; custom_padding__hover=&#8221;|||&#8221;][\/et_pb_column][\/et_pb_section][et_pb_section fb_built=&#8221;1&#8243; admin_label=&#8221;Gallery&#8221; _builder_version=&#8221;4.24.1&#8243; _module_preset=&#8221;default&#8221; collapsed=&#8221;on&#8221; global_colors_info=&#8221;{}&#8221;][et_pb_row column_structure=&#8221;1_2,1_2&#8243; _builder_version=&#8221;4.20.4&#8243; _module_preset=&#8221;default&#8221; background_color=&#8221;#FFFFFF&#8221; width=&#8221;90%&#8221; max_width=&#8221;2000px&#8221; global_colors_info=&#8221;{}&#8221;][et_pb_column type=&#8221;1_2&#8243; _builder_version=&#8221;4.24.1&#8243; _module_preset=&#8221;default&#8221; global_colors_info=&#8221;{}&#8221;][et_pb_text _builder_version=&#8221;4.20.4&#8243; _module_preset=&#8221;default&#8221; text_text_color=&#8221;#000000&#8243; text_font_size=&#8221;57px&#8221; text_line_height=&#8221;1.8em&#8221; text_text_shadow_style=&#8221;preset5&#8243; text_text_shadow_color=&#8221;#D6D6D6&#8243; global_colors_info=&#8221;{}&#8221;]<\/p>\n<p><strong>Rese\u00f1as sobre nuestro servicio<\/strong><\/p>\n<p>[\/et_pb_text][\/et_pb_column][et_pb_column type=&#8221;1_2&#8243; _builder_version=&#8221;4.24.1&#8243; _module_preset=&#8221;default&#8221; global_colors_info=&#8221;{}&#8221;][et_pb_slider _builder_version=&#8221;4.20.4&#8243; _module_preset=&#8221;default&#8221; body_text_color=&#8221;#FFFFFF&#8221; background_color=&#8221;#242424&#8243; box_shadow_style_image=&#8221;preset2&#8243; global_colors_info=&#8221;{}&#8221;][et_pb_slide _builder_version=&#8221;4.20.4&#8243; _module_preset=&#8221;default&#8221; global_colors_info=&#8221;{}&#8221; sticky_transition=&#8221;on&#8221;]<\/p>\n<p>Llevamos m\u00e1s de un a\u00f1o utilizando los ejes sinf\u00edn de Everpower en nuestra maquinaria y su rendimiento ha sido excepcional. Su precisi\u00f3n y durabilidad son inigualables. Funcionan con suavidad, ofreciendo una alta transferencia de par con m\u00ednima fricci\u00f3n. Los recomendamos ampliamente a quienes necesitan soluciones de engranajes fiables y de alto rendimiento.<\/p>\n<p>[\/et_pb_slide][et_pb_slide _builder_version=&#8221;4.20.4&#8243; _module_preset=&#8221;default&#8221; global_colors_info=&#8221;{}&#8221; sticky_transition=&#8221;on&#8221;]<\/p>\n<p>Recientemente instal\u00e9 un eje sinf\u00edn de Everpower en mi equipo, \u00a1y ha sido fant\u00e1stico! La instalaci\u00f3n fue sencilla y funciona a la perfecci\u00f3n. Es un producto s\u00f3lido que cumple con mis necesidades: alto par motor con poco mantenimiento. \u00a1Estoy muy satisfecho con la compra!<\/p>\n<p>[\/et_pb_slide][et_pb_slide _builder_version=&#8221;4.20.4&#8243; _module_preset=&#8221;default&#8221; global_colors_info=&#8221;{}&#8221; sticky_transition=&#8221;on&#8221;]<\/p>\n<p>Compr\u00e9 un eje sinf\u00edn de Everpower hace poco. No sab\u00eda qu\u00e9 esperar, \u00a1pero funciona a la perfecci\u00f3n! Hasta ahora no he tenido problemas y mi equipo funciona mucho mejor. Estoy muy contento con la compra y volver\u00e9 por m\u00e1s si necesito m\u00e1s.<\/p>\n<p>[\/et_pb_slide][et_pb_slide _builder_version=&#8221;4.20.4&#8243; _module_preset=&#8221;default&#8221; global_colors_info=&#8221;{}&#8221; sticky_transition=&#8221;on&#8221;]<\/p>\n<p>Hemos incorporado los ejes sinf\u00edn de Everpower a nuestros sistemas de producci\u00f3n y han ofrecido un alto rendimiento de forma constante. Su funcionamiento fluido y su bajo mantenimiento han mejorado significativamente nuestra eficiencia. La ingenier\u00eda precisa y la calidad de los materiales garantizan una fiabilidad a largo plazo, crucial para nuestras operaciones industriales. Confiamos en Everpower para todas nuestras necesidades de engranajes.<\/p>\n<p>[\/et_pb_slide][\/et_pb_slider][\/et_pb_column][\/et_pb_row][et_pb_row _builder_version=&#8221;4.20.4&#8243; _module_preset=&#8221;default&#8221; global_colors_info=&#8221;{}&#8221;][et_pb_column type=&#8221;4_4&#8243; _builder_version=&#8221;4.20.4&#8243; _module_preset=&#8221;default&#8221; global_colors_info=&#8221;{}&#8221;][et_pb_post_slider show_arrows=&#8221;off&#8221; show_pagination=&#8221;off&#8221; show_meta=&#8221;off&#8221; _builder_version=&#8221;4.20.4&#8243; _module_preset=&#8221;default&#8221; body_text_align=&#8221;justify&#8221; background_color=&#8221;#242424&#8243; global_colors_info=&#8221;{}&#8221;][\/et_pb_post_slider][\/et_pb_column][\/et_pb_row][\/et_pb_section][et_pb_section fb_built=&#8221;1&#8243; admin_label=&#8221;Call to Action&#8221; _builder_version=&#8221;4.20.4&#8243; _module_preset=&#8221;default&#8221; use_background_color_gradient=&#8221;on&#8221; background_color_gradient_type=&#8221;circular&#8221; background_color_gradient_stops=&#8221;rgba(0,0,0,0.5) 0%|#000000 100%&#8221; background_color_gradient_overlays_image=&#8221;on&#8221; background_image=&#8221;https:\/\/wormshafts.top\/wp-content\/uploads\/2025\/11\/ep-wormshaft-1.webp&#8221; parallax=&#8221;on&#8221; custom_padding=&#8221;8%||8%||true|false&#8221; collapsed=&#8221;on&#8221; global_colors_info=&#8221;{}&#8221;][et_pb_row _builder_version=&#8221;4.24.1&#8243; _module_preset=&#8221;default&#8221; max_width=&#8221;800px&#8221; global_colors_info=&#8221;{}&#8221;][et_pb_column type=&#8221;4_4&#8243; _builder_version=&#8221;4.24.1&#8243; _module_preset=&#8221;default&#8221; global_colors_info=&#8221;{}&#8221;][et_pb_text _builder_version=&#8221;4.20.4&#8243; _module_preset=&#8221;353929ff-e31e-4d7b-a868-e205b95881fd&#8221; text_font=&#8221;Adamina||||||||&#8221; text_text_color=&#8221;#FFFFFF&#8221; text_font_size=&#8221;37px&#8221; header_2_text_color=&#8221;#FFFFFF&#8221; text_orientation=&#8221;center&#8221; global_colors_info=&#8221;{}&#8221;]<\/p>\n<p>Proporcionar productos y servicios de alta calidad.<\/p>\n<p>[\/et_pb_text][et_pb_button button_text=&#8221;Contact Us&#8221; button_alignment=&#8221;center&#8221; _builder_version=&#8221;4.20.4&#8243; _module_preset=&#8221;ece8a07d-d704-4fa3-9ac8-e39fc8cd8e58&#8243; hover_enabled=&#8221;0&#8243; global_colors_info=&#8221;{}&#8221; sticky_enabled=&#8221;0&#8243;][\/et_pb_button][et_pb_button button_text=&#8221;Edit by gzl&#8221; button_alignment=&#8221;center&#8221; _builder_version=&#8221;4.27.4&#8243; _module_preset=&#8221;ece8a07d-d704-4fa3-9ac8-e39fc8cd8e58&#8243; hover_enabled=&#8221;0&#8243; global_colors_info=&#8221;{}&#8221; sticky_enabled=&#8221;0&#8243;][\/et_pb_button][\/et_pb_column][\/et_pb_row][\/et_pb_section]<\/p>","protected":false},"excerpt":{"rendered":"<p>Warm ShaftsCustomized Worm Shafts for High-Performance Industrial Gearboxessales@wormshafts.top Customer&#8217;s demand is all we pursuitOur focus is on delivering shafts that meet the most demanding industrial specifications for torque transmission, efficiency, and long-term durability.Contact Us to See More &nbsp; As a worm gear shaft manufacturer, we will do our best to serve you. If you need [&hellip;]<\/p>","protected":false},"author":1,"featured_media":0,"parent":0,"menu_order":0,"comment_status":"closed","ping_status":"closed","template":"","meta":{"_et_pb_use_builder":"on","_et_pb_old_content":"","_et_gb_content_width":"","footnotes":""},"class_list":["post-1054","page","type-page","status-publish","hentry"],"_links":{"self":[{"href":"https:\/\/wormshafts.top\/es\/wp-json\/wp\/v2\/pages\/1054","targetHints":{"allow":["GET"]}}],"collection":[{"href":"https:\/\/wormshafts.top\/es\/wp-json\/wp\/v2\/pages"}],"about":[{"href":"https:\/\/wormshafts.top\/es\/wp-json\/wp\/v2\/types\/page"}],"author":[{"embeddable":true,"href":"https:\/\/wormshafts.top\/es\/wp-json\/wp\/v2\/users\/1"}],"replies":[{"embeddable":true,"href":"https:\/\/wormshafts.top\/es\/wp-json\/wp\/v2\/comments?post=1054"}],"version-history":[{"count":1,"href":"https:\/\/wormshafts.top\/es\/wp-json\/wp\/v2\/pages\/1054\/revisions"}],"predecessor-version":[{"id":1056,"href":"https:\/\/wormshafts.top\/es\/wp-json\/wp\/v2\/pages\/1054\/revisions\/1056"}],"wp:attachment":[{"href":"https:\/\/wormshafts.top\/es\/wp-json\/wp\/v2\/media?parent=1054"}],"curies":[{"name":"wp","href":"https:\/\/api.w.org\/{rel}","templated":true}]}}