{"id":1054,"date":"2025-09-15T02:09:42","date_gmt":"2025-09-15T02:09:42","guid":{"rendered":"https:\/\/wormshafts.top\/?page_id=1054"},"modified":"2025-11-24T09:31:03","modified_gmt":"2025-11-24T09:31:03","slug":"home","status":"publish","type":"page","link":"https:\/\/wormshafts.top\/fi\/","title":{"rendered":"Kotiin"},"content":{"rendered":"<p>[et_pb_section fb_built=&#8221;1&#8243; admin_label=&#8221;Header&#8221; _builder_version=&#8221;4.20.4&#8243; _module_preset=&#8221;default&#8221; use_background_color_gradient=&#8221;on&#8221; background_color_gradient_stops=&#8221;rgba(0,0,0,0.5) 0%|rgba(0,0,0,0.5) 100%&#8221; background_color_gradient_overlays_image=&#8221;on&#8221; background_image=&#8221;https:\/\/wormshafts.top\/wp-content\/uploads\/2025\/11\/ep-Worm-Gear-2-51.webp&#8221; parallax=&#8221;on&#8221; custom_padding=&#8221;6vw||||false|false&#8221; collapsed=&#8221;on&#8221; global_colors_info=&#8221;{}&#8221;][et_pb_row _builder_version=&#8221;4.24.2&#8243; _module_preset=&#8221;default&#8221; width=&#8221;90%&#8221; max_width=&#8221;none&#8221; global_colors_info=&#8221;{}&#8221;][et_pb_column type=&#8221;4_4&#8243; _builder_version=&#8221;4.24.1&#8243; _module_preset=&#8221;default&#8221; global_colors_info=&#8221;{}&#8221;][et_pb_text _builder_version=&#8221;4.20.4&#8243; _module_preset=&#8221;e0cbbeb0-4e03-46b9-8e55-cc4f458a154c&#8221; text_font=&#8221;Adamina|||on|||||&#8221; text_text_color=&#8221;#FFFFFF&#8221; text_font_size=&#8221;80px&#8221; header_text_color=&#8221;#FFFFFF&#8221; text_orientation=&#8221;center&#8221; custom_margin=&#8221;30px||10px||false|false&#8221; global_colors_info=&#8221;{}&#8221;]<\/p>\n<h1>L\u00e4mpim\u00e4t akselit<\/h1>\n<p>[\/et_pb_text][et_pb_text quote_border_color=&#8221;#FFFFFF&#8221; _builder_version=&#8221;4.20.4&#8243; _module_preset=&#8221;9cd6cec6-8451-47fc-be25-dc9076bc3d98&#8243; text_font=&#8221;Abhaya Libre||||||||&#8221; text_text_color=&#8221;#FFFFFF&#8221; text_line_height=&#8221;3em&#8221; link_text_color=&#8221;#FFFFFF&#8221; quote_text_color=&#8221;#FFFFFF&#8221; header_2_text_color=&#8221;#FFFFFF&#8221; header_2_font_size=&#8221;23px&#8221; text_orientation=&#8221;center&#8221; max_width=&#8221;900px&#8221; module_alignment=&#8221;center&#8221; custom_margin=&#8221;0px||||false|false&#8221; global_colors_info=&#8221;{}&#8221;]<\/p>\n<h2>R\u00e4\u00e4t\u00e4l\u00f6idyt matoakselit tehokkaisiin teollisuusvaihteistoihin<\/h2>\n<p>[\/et_pb_text][et_pb_button button_text=&#8221;Contact Us&#8221; button_alignment=&#8221;center&#8221; _builder_version=&#8221;4.20.4&#8243; _module_preset=&#8221;ece8a07d-d704-4fa3-9ac8-e39fc8cd8e58&#8243; global_colors_info=&#8221;{}&#8221;][\/et_pb_button][\/et_pb_column][\/et_pb_row][et_pb_row column_structure=&#8221;1_3,1_3,1_3&#8243; _builder_version=&#8221;4.24.2&#8243; _module_preset=&#8221;default&#8221; width=&#8221;90%&#8221; max_width=&#8221;none&#8221; custom_margin=&#8221;8vw||||false|false&#8221; custom_padding=&#8221;0px||0px||false|false&#8221; global_colors_info=&#8221;{}&#8221;][et_pb_column type=&#8221;1_3&#8243; _builder_version=&#8221;4.24.1&#8243; _module_preset=&#8221;default&#8221; global_colors_info=&#8221;{}&#8221;][\/et_pb_column][et_pb_column type=&#8221;1_3&#8243; _builder_version=&#8221;4.24.1&#8243; _module_preset=&#8221;default&#8221; global_colors_info=&#8221;{}&#8221;][\/et_pb_column][et_pb_column type=&#8221;1_3&#8243; _builder_version=&#8221;4.24.1&#8243; _module_preset=&#8221;default&#8221; global_colors_info=&#8221;{}&#8221;][et_pb_text _builder_version=&#8221;4.27.4&#8243; _module_preset=&#8221;c49240dd-4913-4048-8688-7a5f27d3ec42&#8243; text_font=&#8221;Alike||||||||&#8221; text_text_color=&#8221;#FFFFFF&#8221; header_2_text_color=&#8221;#FFFFFF&#8221; header_2_font_size=&#8221;17px&#8221; header_5_text_color=&#8221;#FFFFFF&#8221; text_orientation=&#8221;right&#8221; custom_margin=&#8221;||0px||false|false&#8221; text_orientation_tablet=&#8221;center&#8221; text_orientation_phone=&#8221;center&#8221; text_orientation_last_edited=&#8221;on|tablet&#8221; locked=&#8221;off&#8221; global_colors_info=&#8221;{}&#8221;]<\/p>\n<h2><a href=\"mailto:mail%20to sales@wormshafts.top\">sales@wormshafts.top<\/a><\/h2>\n<h2>Asiakkaan kysynt\u00e4 on kaikki mit\u00e4 pyrimme<\/h2>\n<p>[\/et_pb_text][\/et_pb_column][\/et_pb_row][\/et_pb_section][et_pb_section fb_built=&#8221;1&#8243; admin_label=&#8221;About&#8221; _builder_version=&#8221;4.24.2&#8243; _module_preset=&#8221;default&#8221; custom_padding=&#8221;8vw||8vw||true|false&#8221; collapsed=&#8221;on&#8221; global_colors_info=&#8221;{}&#8221;][et_pb_row _builder_version=&#8221;4.24.1&#8243; _module_preset=&#8221;default&#8221; global_colors_info=&#8221;{}&#8221;][et_pb_column type=&#8221;4_4&#8243; _builder_version=&#8221;4.24.1&#8243; _module_preset=&#8221;default&#8221; global_colors_info=&#8221;{}&#8221;][et_pb_text _builder_version=&#8221;4.20.4&#8243; _module_preset=&#8221;6ece7d17-654a-416c-ba8b-c3e4bfb5df2b&#8221; header_3_font_size=&#8221;39px&#8221; global_colors_info=&#8221;{}&#8221;]<\/p>\n<h3>Keskitymme toimittamaan akseleita, jotka t\u00e4ytt\u00e4v\u00e4t vaativimmatkin teollisuuden vaatimukset v\u00e4\u00e4nt\u00f6momentin siirron, tehokkuuden ja pitk\u00e4aikaisen kest\u00e4vyyden suhteen.<\/h3>\n<p>[\/et_pb_text][\/et_pb_column][\/et_pb_row][\/et_pb_section][et_pb_section fb_built=&#8221;1&#8243; _builder_version=&#8221;4.20.4&#8243; _module_preset=&#8221;default&#8221; global_colors_info=&#8221;{}&#8221;][et_pb_row column_structure=&#8221;1_3,2_3&#8243; _builder_version=&#8221;4.20.4&#8243; _module_preset=&#8221;default&#8221; global_colors_info=&#8221;{}&#8221;][et_pb_column type=&#8221;1_3&#8243; _builder_version=&#8221;4.20.4&#8243; _module_preset=&#8221;default&#8221; global_colors_info=&#8221;{}&#8221;][et_pb_text _builder_version=&#8221;4.20.4&#8243; _module_preset=&#8221;default&#8221; text_font=&#8221;Abhaya Libre||||||||&#8221; custom_margin=&#8221;160px||||false|false&#8221; global_colors_info=&#8221;{}&#8221;]<\/p>\n<h2 style=\"text-align: justify;\"><strong>Ota yhteytt\u00e4 n\u00e4hd\u00e4ksesi lis\u00e4\u00e4<\/strong><span><\/span><\/h2>\n<p>&nbsp;<\/p>\n<h3 style=\"text-align: justify;\"><span>Matovaihteen akselivalmistajana teemme parhaamme palvellaksemme sinua. <\/span><\/h3>\n<h3 style=\"text-align: justify;\"><span>Jos tarvitset r\u00e4\u00e4t\u00e4l\u00f6ityj\u00e4 tuotteita, tai tarvitsemiasi tuotteita ei l\u00f6ydy verkkosivuiltamme tai tarvitset tuoteluettelon, \u00e4l\u00e4 huoli, lis\u00e4\u00e4 tuotteitamme ladataan edelleen. <\/span><\/h3>\n<h3 style=\"text-align: justify;\"><span>Voit l\u00e4hett\u00e4\u00e4 meille suoraan s\u00e4hk\u00f6postia, ja vastaamme sinulle 24 tunnin kuluessa!<\/span><\/h3>\n<p>[\/et_pb_text][\/et_pb_column][et_pb_column type=&#8221;2_3&#8243; _builder_version=&#8221;4.20.4&#8243; _module_preset=&#8221;default&#8221; global_colors_info=&#8221;{}&#8221;][et_pb_shop columns_number=&#8221;3&#8243; _builder_version=&#8221;4.20.4&#8243; _module_preset=&#8221;default&#8221; global_colors_info=&#8221;{}&#8221;][\/et_pb_shop][\/et_pb_column][\/et_pb_row][\/et_pb_section][et_pb_section fb_built=&#8221;1&#8243; admin_label=&#8221;Menu&#8221; _builder_version=&#8221;4.24.2&#8243; _module_preset=&#8221;default&#8221; background_color=&#8221;#000000&#8243; custom_padding=&#8221;|10%||10%|false|true&#8221; collapsed=&#8221;on&#8221; global_colors_info=&#8221;{}&#8221;][et_pb_row column_structure=&#8221;1_2,1_2&#8243; _builder_version=&#8221;4.24.1&#8243; _module_preset=&#8221;default&#8221; width=&#8221;100%&#8221; max_width=&#8221;2000px&#8221; locked=&#8221;off&#8221; global_colors_info=&#8221;{}&#8221;][et_pb_column type=&#8221;1_2&#8243; saved_specialty_column_type=&#8221;1_2&#8243; _builder_version=&#8221;4.24.1&#8243; _module_preset=&#8221;default&#8221; global_colors_info=&#8221;{}&#8221;][et_pb_text _builder_version=&#8221;4.20.4&#8243; _module_preset=&#8221;6ece7d17-654a-416c-ba8b-c3e4bfb5df2b&#8221; header_3_font=&#8221;Shippori Mincho||||on||||&#8221; header_3_text_color=&#8221;#FFFFFF&#8221; custom_margin=&#8221;||10px||false|false&#8221; global_colors_info=&#8221;{}&#8221;]<\/p>\n<h3><em>Mik\u00e4 on matoakseli<\/em><\/h3>\n<p>[\/et_pb_text][et_pb_text _builder_version=&#8221;4.20.4&#8243; _module_preset=&#8221;e23c6d2e-271c-4f7d-ba56-7401472cc86e&#8221; text_text_color=&#8221;#FFFFFF&#8221; global_colors_info=&#8221;{}&#8221;]<\/p>\n<p style=\"text-align: justify;\">Matoakseli on kriittinen komponentti mekaanisissa j\u00e4rjestelmiss\u00e4, ja sit\u00e4 k\u00e4ytet\u00e4\u00e4n p\u00e4\u00e4asiassa matovaihteissa. Se koostuu akselista, jossa on kierukkapy\u00f6r\u00e4, joka tunnetaan nimell\u00e4 \"mato\", ja joka on suunniteltu kytkeytym\u00e4\u00e4n matopy\u00f6r\u00e4\u00e4n (se k\u00e4ytt\u00e4\u00e4 hammaspy\u00f6r\u00e4\u00e4). Matoakseleita k\u00e4ytet\u00e4\u00e4n tyypillisesti sovelluksissa, jotka vaativat suurta v\u00e4\u00e4nt\u00f6momenttia ja kompaktia, tehokasta voimansiirtoa ei-leikkaavien, ei-yhdensuuntaisten akselien v\u00e4lill\u00e4.<\/p>\n<p>[\/et_pb_text][et_pb_image src=&#8221;https:\/\/wormshafts.top\/wp-content\/uploads\/2025\/11\/ep-Worm-Gear-2-411.webp&#8221; alt=&#8221;worm shaft&#8221; title_text=&#8221;ep-Worm-Gear-2 (4)11&#8243; _builder_version=&#8221;4.20.4&#8243; _module_preset=&#8221;default&#8221; scroll_vertical_motion_enable=&#8221;on&#8221; scroll_vertical_motion=&#8221;0|50|50|100|1|0|-1&#8243; global_colors_info=&#8221;{}&#8221;][\/et_pb_image][\/et_pb_column][et_pb_column type=&#8221;1_2&#8243; saved_specialty_column_type=&#8221;1_2&#8243; _builder_version=&#8221;4.24.1&#8243; _module_preset=&#8221;default&#8221; global_colors_info=&#8221;{}&#8221;][et_pb_image src=&#8221;https:\/\/wormshafts.top\/wp-content\/uploads\/2025\/11\/ep-Worm-Gear-2-111111.webp&#8221; alt=&#8221;worm shaft&#8221; title_text=&#8221;ep-Worm-Gear-2 (1)11111&#8243; align=&#8221;right&#8221; _builder_version=&#8221;4.20.4&#8243; _module_preset=&#8221;default&#8221; max_width=&#8221;400px&#8221; locked=&#8221;off&#8221; global_colors_info=&#8221;{}&#8221;][\/et_pb_image][et_pb_text _builder_version=&#8221;4.20.4&#8243; _module_preset=&#8221;6ece7d17-654a-416c-ba8b-c3e4bfb5df2b&#8221; header_3_font=&#8221;Shippori Mincho||||on||||&#8221; header_3_text_color=&#8221;#FFFFFF&#8221; text_orientation=&#8221;right&#8221; custom_margin=&#8221;||10px||false|false&#8221; locked=&#8221;off&#8221; global_colors_info=&#8221;{}&#8221;]<\/p>\n<h3><em>Miksi valita meid\u00e4t<\/em><\/h3>\n<p>[\/et_pb_text][et_pb_text _builder_version=&#8221;4.20.4&#8243; _module_preset=&#8221;e23c6d2e-271c-4f7d-ba56-7401472cc86e&#8221; text_text_color=&#8221;#FFFFFF&#8221; text_orientation=&#8221;right&#8221; locked=&#8221;off&#8221; global_colors_info=&#8221;{}&#8221;]<\/p>\n<p style=\"text-align: justify;\">Everpowerilla olemme erikoistuneet laajan valikoiman korkealaatuisten mekaanisten ja hydraulisten voimansiirtotuotteiden suunnitteluun ja valmistukseen. Tarjoamme laajan valikoiman voimansiirtoratkaisuja, jotka on r\u00e4\u00e4t\u00e4l\u00f6ity vastaamaan eri teollisuudenalojen erityistarpeisiin maataloudesta ja autoteollisuudesta teollisuuskoneisiin.<\/p>\n<p>[\/et_pb_text][\/et_pb_column][\/et_pb_row][\/et_pb_section][et_pb_section fb_built=&#8221;1&#8243; admin_label=&#8221;Image&#8221; _builder_version=&#8221;4.20.4&#8243; _module_preset=&#8221;default&#8221; background_color=&#8221;#000000&#8243; use_background_color_gradient=&#8221;on&#8221; background_color_gradient_stops=&#8221;#000000 0%|rgba(255,255,255,0) 100%&#8221; background_color_gradient_overlays_image=&#8221;on&#8221; background_image=&#8221;https:\/\/wormshafts.top\/wp-content\/uploads\/2025\/11\/ep-Worm-Gear-1.webp&#8221; parallax=&#8221;on&#8221; collapsed=&#8221;on&#8221; global_colors_info=&#8221;{}&#8221;][et_pb_row _builder_version=&#8221;4.24.1&#8243; _module_preset=&#8221;default&#8221; global_colors_info=&#8221;{}&#8221;][et_pb_column type=&#8221;4_4&#8243; _builder_version=&#8221;4.24.1&#8243; _module_preset=&#8221;default&#8221; global_colors_info=&#8221;{}&#8221;][et_pb_divider show_divider=&#8221;off&#8221; _builder_version=&#8221;4.24.2&#8243; _module_preset=&#8221;default&#8221; height=&#8221;30vw&#8221; global_colors_info=&#8221;{}&#8221;][\/et_pb_divider][\/et_pb_column][\/et_pb_row][\/et_pb_section][et_pb_section fb_built=&#8221;1&#8243; _builder_version=&#8221;4.20.4&#8243; _module_preset=&#8221;default&#8221; global_colors_info=&#8221;{}&#8221;][\/et_pb_section][et_pb_section fb_built=&#8221;1&#8243; make_equal=&#8221;on&#8221; specialty=&#8221;on&#8221; parallax_2=&#8221;on&#8221; bg_img_2=&#8221;https:\/\/wormshafts.top\/wp-content\/uploads\/2025\/11\/ep-Worm-Gear-Shaft-Worm-Gear-Drive-Shaft-Customized-Worm-Shaft-features1_1.webp&#8221; padding_top_1=&#8221;60px&#8221; padding_bottom_1=&#8221;60px&#8221; padding_top_bottom_link_1=&#8221;true&#8221; padding_left_right_link_1=&#8221;false&#8221; padding_1_tablet=&#8221;0px||0px||true|false&#8221; padding_1_phone=&#8221;0px||0px||true|false&#8221; padding_1_last_edited=&#8221;on|desktop&#8221; admin_label=&#8221;Features&#8221; _builder_version=&#8221;4.20.4&#8243; _module_preset=&#8221;default&#8221; background_enable_color=&#8221;off&#8221; inner_max_width=&#8221;2000px&#8221; collapsed=&#8221;off&#8221; global_colors_info=&#8221;{}&#8221;][et_pb_column type=&#8221;1_2&#8243; specialty_columns=&#8221;2&#8243; _builder_version=&#8221;4.16&#8243; _module_preset=&#8221;default&#8221; custom_padding=&#8221;|||&#8221; global_colors_info=&#8221;{}&#8221; custom_padding__hover=&#8221;|||&#8221;][et_pb_row_inner _builder_version=&#8221;4.20.4&#8243; _module_preset=&#8221;default&#8221; collapsed=&#8221;on&#8221; global_colors_info=&#8221;{}&#8221;][et_pb_column_inner saved_specialty_column_type=&#8221;1_2&#8243; _builder_version=&#8221;4.24.1&#8243; _module_preset=&#8221;default&#8221; global_colors_info=&#8221;{}&#8221;][et_pb_text _builder_version=&#8221;4.20.4&#8243; _module_preset=&#8221;353929ff-e31e-4d7b-a868-e205b95881fd&#8221; text_text_color=&#8221;#000000&#8243; text_font_size=&#8221;46px&#8221; text_line_height=&#8221;1.8em&#8221; width=&#8221;100%&#8221; max_width=&#8221;510px&#8221; global_colors_info=&#8221;{}&#8221;]<\/p>\n<p><span style=\"text-decoration: underline;\"><strong>Lis\u00e4tietoja meist\u00e4<\/strong><\/span><\/p>\n<p>[\/et_pb_text][et_pb_text _builder_version=&#8221;4.20.4&#8243; _module_preset=&#8221;c49240dd-4913-4048-8688-7a5f27d3ec42&#8243; text_font=&#8221;Adamina||||||||&#8221; text_font_size=&#8221;6px&#8221; max_width=&#8221;510px&#8221; custom_margin=&#8221;||0px||false|false&#8221; global_colors_info=&#8221;{}&#8221;]<\/p>\n<h3>Laadunvarmistus<\/h3>\n<p>[\/et_pb_text][et_pb_text _builder_version=&#8221;4.20.4&#8243; _module_preset=&#8221;e23c6d2e-271c-4f7d-ba56-7401472cc86e&#8221; max_width=&#8221;510px&#8221; global_colors_info=&#8221;{}&#8221;]<\/p>\n<p style=\"text-align: justify;\">Tuotteemme on rakennettu kest\u00e4m\u00e4\u00e4n keskittyen tarkkuustekniikkaan ja kest\u00e4vyyteen. Jokainen komponentti testataan perusteellisesti korkeimpien standardien t\u00e4ytt\u00e4miseksi, mik\u00e4 varmistaa maksimaalisen tehokkuuden ja pitk\u00e4n k\u00e4ytt\u00f6i\u00e4n.<\/p>\n<p>[\/et_pb_text][et_pb_text _builder_version=&#8221;4.20.4&#8243; _module_preset=&#8221;c49240dd-4913-4048-8688-7a5f27d3ec42&#8243; text_font=&#8221;Adamina||||||||&#8221; text_font_size=&#8221;12px&#8221; max_width=&#8221;510px&#8221; custom_margin=&#8221;||0px||false|false&#8221; global_colors_info=&#8221;{}&#8221;]<\/p>\n<h3>R\u00e4\u00e4t\u00e4l\u00f6idyt ratkaisut<\/h3>\n<p>[\/et_pb_text][et_pb_text _builder_version=&#8221;4.20.4&#8243; _module_preset=&#8221;e23c6d2e-271c-4f7d-ba56-7401472cc86e&#8221; max_width=&#8221;510px&#8221; global_colors_info=&#8221;{}&#8221;]<\/p>\n<p style=\"text-align: justify;\">Tarjoamme r\u00e4\u00e4t\u00e4l\u00f6ityj\u00e4 tuotteita juuri sinun tarpeisiisi. Olipa kyseess\u00e4 sitten erityinen alennusvaihteisto tai ainutlaatuinen vaihdelaatikkoratkaisu, tiimimme tekee tiivist\u00e4 yhteisty\u00f6t\u00e4 asiakkaiden kanssa toimittaakseen r\u00e4\u00e4t\u00e4l\u00f6ityj\u00e4 ratkaisuja, jotka t\u00e4ytt\u00e4v\u00e4t vaatimuksesi.<\/p>\n<p>[\/et_pb_text][et_pb_text _builder_version=&#8221;4.20.4&#8243; _module_preset=&#8221;c49240dd-4913-4048-8688-7a5f27d3ec42&#8243; text_font=&#8221;Adamina||||||||&#8221; max_width=&#8221;510px&#8221; custom_margin=&#8221;||0px||false|false&#8221; global_colors_info=&#8221;{}&#8221;]<\/p>\n<h3>Kilpailukykyinen hinnoittelu<\/h3>\n<p>[\/et_pb_text][et_pb_text _builder_version=&#8221;4.20.4&#8243; _module_preset=&#8221;e23c6d2e-271c-4f7d-ba56-7401472cc86e&#8221; max_width=&#8221;510px&#8221; global_colors_info=&#8221;{}&#8221;]<\/p>\n<p style=\"text-align: justify;\">Tarjoamme korkealaatuisia tuotteita kilpailukykyiseen hintaan. Tehokkaat valmistusprosessimme ja sitoutumisemme innovaatioihin mahdollistavat kustannustehokkaiden ratkaisujen toimittamisen laadusta tinkim\u00e4tt\u00e4.<\/p>\n<p>[\/et_pb_text][\/et_pb_column_inner][\/et_pb_row_inner][et_pb_row_inner column_structure=&#8221;1_2,1_2&#8243; _builder_version=&#8221;4.20.4&#8243; _module_preset=&#8221;default&#8221; background_enable_color=&#8221;off&#8221; collapsed=&#8221;off&#8221; global_colors_info=&#8221;{}&#8221;][et_pb_column_inner type=&#8221;1_2&#8243; saved_specialty_column_type=&#8221;1_2&#8243; _builder_version=&#8221;4.24.1&#8243; _module_preset=&#8221;default&#8221; global_colors_info=&#8221;{}&#8221;][et_pb_button button_text=&#8221;Email us&#8221; _builder_version=&#8221;4.20.4&#8243; _module_preset=&#8221;3d6ed4dc-45ea-4f15-950a-963331a57bed&#8221; global_colors_info=&#8221;{}&#8221;][\/et_pb_button][\/et_pb_column_inner][et_pb_column_inner type=&#8221;1_2&#8243; saved_specialty_column_type=&#8221;1_2&#8243; _builder_version=&#8221;4.24.1&#8243; _module_preset=&#8221;default&#8221; global_colors_info=&#8221;{}&#8221;][et_pb_button button_text=&#8221;sales@wormshafts.top&#8221; _builder_version=&#8221;4.20.4&#8243; _module_preset=&#8221;3d6ed4dc-45ea-4f15-950a-963331a57bed&#8221; locked=&#8221;off&#8221; global_colors_info=&#8221;{}&#8221;][\/et_pb_button][\/et_pb_column_inner][\/et_pb_row_inner][\/et_pb_column][et_pb_column type=&#8221;1_2&#8243; _builder_version=&#8221;4.16&#8243; _module_preset=&#8221;default&#8221; custom_padding=&#8221;|||&#8221; global_colors_info=&#8221;{}&#8221; custom_padding__hover=&#8221;|||&#8221;][\/et_pb_column][\/et_pb_section][et_pb_section fb_built=&#8221;1&#8243; admin_label=&#8221;Gallery&#8221; _builder_version=&#8221;4.24.1&#8243; _module_preset=&#8221;default&#8221; collapsed=&#8221;on&#8221; global_colors_info=&#8221;{}&#8221;][et_pb_row column_structure=&#8221;1_2,1_2&#8243; _builder_version=&#8221;4.20.4&#8243; _module_preset=&#8221;default&#8221; background_color=&#8221;#FFFFFF&#8221; width=&#8221;90%&#8221; max_width=&#8221;2000px&#8221; global_colors_info=&#8221;{}&#8221;][et_pb_column type=&#8221;1_2&#8243; _builder_version=&#8221;4.24.1&#8243; _module_preset=&#8221;default&#8221; global_colors_info=&#8221;{}&#8221;][et_pb_text _builder_version=&#8221;4.20.4&#8243; _module_preset=&#8221;default&#8221; text_text_color=&#8221;#000000&#8243; text_font_size=&#8221;57px&#8221; text_line_height=&#8221;1.8em&#8221; text_text_shadow_style=&#8221;preset5&#8243; text_text_shadow_color=&#8221;#D6D6D6&#8243; global_colors_info=&#8221;{}&#8221;]<\/p>\n<p><strong>Arvostelut palvelustamme<\/strong><\/p>\n<p>[\/et_pb_text][\/et_pb_column][et_pb_column type=&#8221;1_2&#8243; _builder_version=&#8221;4.24.1&#8243; _module_preset=&#8221;default&#8221; global_colors_info=&#8221;{}&#8221;][et_pb_slider _builder_version=&#8221;4.20.4&#8243; _module_preset=&#8221;default&#8221; body_text_color=&#8221;#FFFFFF&#8221; background_color=&#8221;#242424&#8243; box_shadow_style_image=&#8221;preset2&#8243; global_colors_info=&#8221;{}&#8221;][et_pb_slide _builder_version=&#8221;4.20.4&#8243; _module_preset=&#8221;default&#8221; global_colors_info=&#8221;{}&#8221; sticky_transition=&#8221;on&#8221;]<\/p>\n<p>\u201dOlemme k\u00e4ytt\u00e4neet Everpowerin matoakseleita koneissamme yli vuoden ajan, ja niiden suorituskyky on ollut poikkeuksellinen. Tarkkuus ja kest\u00e4vyys ovat vertaansa vailla. Ne toimivat sujuvasti ja tarjoavat suuren v\u00e4\u00e4nt\u00f6momentin siirron minimaalisella kitkalla. Suosittelen l\u00e4mpim\u00e4sti kaikille, jotka tarvitsevat luotettavia ja tehokkaita vaihderatkaisuja.\u201d<\/p>\n<p>[\/et_pb_slide][et_pb_slide _builder_version=&#8221;4.20.4&#8243; _module_preset=&#8221;default&#8221; global_colors_info=&#8221;{}&#8221; sticky_transition=&#8221;on&#8221;]<\/p>\n<p>\u201dAsensin hiljattain Everpowerin matoakselin laitteeseeni, ja se on ollut mahtava! Asennus oli suoraviivaista, ja se toimii todella sujuvasti. Se on vankka tuote, joka tekee juuri sen, mit\u00e4 tarvitsen \u2013 suuren v\u00e4\u00e4nt\u00f6momentin ja v\u00e4hemm\u00e4n huollon tarpeen. Olen eritt\u00e4in tyytyv\u00e4inen ostokseen!\u201d<\/p>\n<p>[\/et_pb_slide][et_pb_slide _builder_version=&#8221;4.20.4&#8243; _module_preset=&#8221;default&#8221; global_colors_info=&#8221;{}&#8221; sticky_transition=&#8221;on&#8221;]<\/p>\n<p>\"Ostin hiljattain matoakselin Everpowerista. En ollut varma, mit\u00e4 odottaa, mutta se toimii t\u00e4ydellisesti! Ei ongelmia t\u00e4h\u00e4n menness\u00e4, ja laitteeni toimii paljon tasaisemmin. Olen ehdottomasti tyytyv\u00e4inen ostokseen ja tulen takaisin hakemaan lis\u00e4\u00e4 tarvittaessa!\"<\/p>\n<p>[\/et_pb_slide][et_pb_slide _builder_version=&#8221;4.20.4&#8243; _module_preset=&#8221;default&#8221; global_colors_info=&#8221;{}&#8221; sticky_transition=&#8221;on&#8221;]<\/p>\n<p>\u201dOlemme ottaneet Everpowerin matoakseleita k\u00e4ytt\u00f6\u00f6n tuotantoj\u00e4rjestelmiss\u00e4mme, ja ne ovat jatkuvasti tuottaneet korkeaa suorituskyky\u00e4. Sujuva toiminta ja v\u00e4h\u00e4inen huoltotarve ovat parantaneet merkitt\u00e4v\u00e4sti tehokkuuttamme. Tarkka suunnittelu ja materiaalien laatu takaavat pitk\u00e4aikaisen luotettavuuden, mik\u00e4 on ratkaisevan t\u00e4rke\u00e4\u00e4 teolliselle toiminnallemme. Luotamme Everpoweriin kaikissa vaihdetarpeissamme.\u201d<\/p>\n<p>[\/et_pb_slide][\/et_pb_slider][\/et_pb_column][\/et_pb_row][et_pb_row _builder_version=&#8221;4.20.4&#8243; _module_preset=&#8221;default&#8221; global_colors_info=&#8221;{}&#8221;][et_pb_column type=&#8221;4_4&#8243; _builder_version=&#8221;4.20.4&#8243; _module_preset=&#8221;default&#8221; global_colors_info=&#8221;{}&#8221;][et_pb_post_slider show_arrows=&#8221;off&#8221; show_pagination=&#8221;off&#8221; show_meta=&#8221;off&#8221; _builder_version=&#8221;4.20.4&#8243; _module_preset=&#8221;default&#8221; body_text_align=&#8221;justify&#8221; background_color=&#8221;#242424&#8243; global_colors_info=&#8221;{}&#8221;][\/et_pb_post_slider][\/et_pb_column][\/et_pb_row][\/et_pb_section][et_pb_section fb_built=&#8221;1&#8243; admin_label=&#8221;Call to Action&#8221; _builder_version=&#8221;4.20.4&#8243; _module_preset=&#8221;default&#8221; use_background_color_gradient=&#8221;on&#8221; background_color_gradient_type=&#8221;circular&#8221; background_color_gradient_stops=&#8221;rgba(0,0,0,0.5) 0%|#000000 100%&#8221; background_color_gradient_overlays_image=&#8221;on&#8221; background_image=&#8221;https:\/\/wormshafts.top\/wp-content\/uploads\/2025\/11\/ep-wormshaft-1.webp&#8221; parallax=&#8221;on&#8221; custom_padding=&#8221;8%||8%||true|false&#8221; collapsed=&#8221;on&#8221; global_colors_info=&#8221;{}&#8221;][et_pb_row _builder_version=&#8221;4.24.1&#8243; _module_preset=&#8221;default&#8221; max_width=&#8221;800px&#8221; global_colors_info=&#8221;{}&#8221;][et_pb_column type=&#8221;4_4&#8243; _builder_version=&#8221;4.24.1&#8243; _module_preset=&#8221;default&#8221; global_colors_info=&#8221;{}&#8221;][et_pb_text _builder_version=&#8221;4.20.4&#8243; _module_preset=&#8221;353929ff-e31e-4d7b-a868-e205b95881fd&#8221; text_font=&#8221;Adamina||||||||&#8221; text_text_color=&#8221;#FFFFFF&#8221; text_font_size=&#8221;37px&#8221; header_2_text_color=&#8221;#FFFFFF&#8221; text_orientation=&#8221;center&#8221; global_colors_info=&#8221;{}&#8221;]<\/p>\n<p>Korkealaatuisten tuotteiden ja palveluiden tarjoaminen<\/p>\n<p>[\/et_pb_text][et_pb_button button_text=&#8221;Contact Us&#8221; button_alignment=&#8221;center&#8221; _builder_version=&#8221;4.20.4&#8243; _module_preset=&#8221;ece8a07d-d704-4fa3-9ac8-e39fc8cd8e58&#8243; hover_enabled=&#8221;0&#8243; global_colors_info=&#8221;{}&#8221; sticky_enabled=&#8221;0&#8243;][\/et_pb_button][et_pb_button button_text=&#8221;Edit by gzl&#8221; button_alignment=&#8221;center&#8221; _builder_version=&#8221;4.27.4&#8243; _module_preset=&#8221;ece8a07d-d704-4fa3-9ac8-e39fc8cd8e58&#8243; hover_enabled=&#8221;0&#8243; global_colors_info=&#8221;{}&#8221; sticky_enabled=&#8221;0&#8243;][\/et_pb_button][\/et_pb_column][\/et_pb_row][\/et_pb_section]<\/p>","protected":false},"excerpt":{"rendered":"<p>Warm ShaftsCustomized Worm Shafts for High-Performance Industrial Gearboxessales@wormshafts.top Customer&#8217;s demand is all we pursuitOur focus is on delivering shafts that meet the most demanding industrial specifications for torque transmission, efficiency, and long-term durability.Contact Us to See More &nbsp; As a worm gear shaft manufacturer, we will do our best to serve you. If you need [&hellip;]<\/p>","protected":false},"author":1,"featured_media":0,"parent":0,"menu_order":0,"comment_status":"closed","ping_status":"closed","template":"","meta":{"_et_pb_use_builder":"on","_et_pb_old_content":"","_et_gb_content_width":"","footnotes":""},"class_list":["post-1054","page","type-page","status-publish","hentry"],"_links":{"self":[{"href":"https:\/\/wormshafts.top\/fi\/wp-json\/wp\/v2\/pages\/1054","targetHints":{"allow":["GET"]}}],"collection":[{"href":"https:\/\/wormshafts.top\/fi\/wp-json\/wp\/v2\/pages"}],"about":[{"href":"https:\/\/wormshafts.top\/fi\/wp-json\/wp\/v2\/types\/page"}],"author":[{"embeddable":true,"href":"https:\/\/wormshafts.top\/fi\/wp-json\/wp\/v2\/users\/1"}],"replies":[{"embeddable":true,"href":"https:\/\/wormshafts.top\/fi\/wp-json\/wp\/v2\/comments?post=1054"}],"version-history":[{"count":1,"href":"https:\/\/wormshafts.top\/fi\/wp-json\/wp\/v2\/pages\/1054\/revisions"}],"predecessor-version":[{"id":1056,"href":"https:\/\/wormshafts.top\/fi\/wp-json\/wp\/v2\/pages\/1054\/revisions\/1056"}],"wp:attachment":[{"href":"https:\/\/wormshafts.top\/fi\/wp-json\/wp\/v2\/media?parent=1054"}],"curies":[{"name":"wp","href":"https:\/\/api.w.org\/{rel}","templated":true}]}}