{"id":1244,"date":"2025-11-04T05:26:34","date_gmt":"2025-11-04T05:26:34","guid":{"rendered":"https:\/\/wormshafts.top\/?page_id=1244"},"modified":"2025-11-05T09:35:14","modified_gmt":"2025-11-05T09:35:14","slug":"all-products","status":"publish","type":"page","link":"https:\/\/wormshafts.top\/fi\/all-products\/","title":{"rendered":"All Products"},"content":{"rendered":"<p>[et_pb_section fb_built=&#8221;1&#8243; admin_label=&#8221;section&#8221; _builder_version=&#8221;4.16&#8243; global_colors_info=&#8221;{}&#8221;][et_pb_row admin_label=&#8221;row&#8221; _builder_version=&#8221;4.16&#8243; background_size=&#8221;initial&#8221; background_position=&#8221;top_left&#8221; background_repeat=&#8221;repeat&#8221; global_colors_info=&#8221;{}&#8221;][et_pb_column type=&#8221;4_4&#8243; _builder_version=&#8221;4.16&#8243; custom_padding=&#8221;|||&#8221; global_colors_info=&#8221;{}&#8221; custom_padding__hover=&#8221;|||&#8221;][et_pb_text _builder_version=&#8221;4.20.4&#8243; _module_preset=&#8221;default&#8221; global_colors_info=&#8221;{}&#8221;]<\/p>\n<h1 style=\"text-align: center;\">Tuotteemme<\/h1>\n<p>[\/et_pb_text][et_pb_text _builder_version=&#8221;4.20.4&#8243; _module_preset=&#8221;default&#8221; global_colors_info=&#8221;{}&#8221;]<\/p>\n<p>\u00a0 \u00a0 \u00a0 Matovaihteen akselivalmistajana teemme parhaamme palvellaksemme sinua. Jos tarvitset r\u00e4\u00e4t\u00e4l\u00f6ityj\u00e4 tuotteita, tarvitsemiasi tuotteita ei l\u00f6ydy verkkosivuiltamme tai tarvitset tuoteluettelon, \u00e4l\u00e4 huoli, lis\u00e4\u00e4 tuotteitamme ladataan edelleen. Voit l\u00e4hett\u00e4\u00e4 meille s\u00e4hk\u00f6postia suoraan, ja vastaamme sinulle 24 tunnin kuluessa!<\/p>\n<p>[\/et_pb_text][\/et_pb_column][\/et_pb_row][\/et_pb_section][et_pb_section fb_built=&#8221;1&#8243; _builder_version=&#8221;4.20.4&#8243; _module_preset=&#8221;default&#8221; global_colors_info=&#8221;{}&#8221;][et_pb_row _builder_version=&#8221;4.20.4&#8243; _module_preset=&#8221;default&#8221; global_colors_info=&#8221;{}&#8221;][et_pb_column type=&#8221;4_4&#8243; _builder_version=&#8221;4.20.4&#8243; _module_preset=&#8221;default&#8221; global_colors_info=&#8221;{}&#8221;][et_pb_shop columns_number=&#8221;3&#8243; _builder_version=&#8221;4.20.4&#8243; _module_preset=&#8221;default&#8221; global_colors_info=&#8221;{}&#8221;][\/et_pb_shop][\/et_pb_column][\/et_pb_row][\/et_pb_section]<\/p>","protected":false},"excerpt":{"rendered":"<p>Our Products\u00a0 \u00a0 \u00a0 As a worm gear shaft manufacturer, we will do our best to serve you. If you need customized products, or the products you need are not found on our website or need a product catalog, don&#8217;t worry, more of our products are still being uploaded. You can email us directly, and [&hellip;]<\/p>","protected":false},"author":1,"featured_media":0,"parent":0,"menu_order":0,"comment_status":"closed","ping_status":"closed","template":"","meta":{"_et_pb_use_builder":"on","_et_pb_old_content":"","_et_gb_content_width":"","footnotes":""},"class_list":["post-1244","page","type-page","status-publish","hentry"],"_links":{"self":[{"href":"https:\/\/wormshafts.top\/fi\/wp-json\/wp\/v2\/pages\/1244","targetHints":{"allow":["GET"]}}],"collection":[{"href":"https:\/\/wormshafts.top\/fi\/wp-json\/wp\/v2\/pages"}],"about":[{"href":"https:\/\/wormshafts.top\/fi\/wp-json\/wp\/v2\/types\/page"}],"author":[{"embeddable":true,"href":"https:\/\/wormshafts.top\/fi\/wp-json\/wp\/v2\/users\/1"}],"replies":[{"embeddable":true,"href":"https:\/\/wormshafts.top\/fi\/wp-json\/wp\/v2\/comments?post=1244"}],"version-history":[{"count":0,"href":"https:\/\/wormshafts.top\/fi\/wp-json\/wp\/v2\/pages\/1244\/revisions"}],"wp:attachment":[{"href":"https:\/\/wormshafts.top\/fi\/wp-json\/wp\/v2\/media?parent=1244"}],"curies":[{"name":"wp","href":"https:\/\/api.w.org\/{rel}","templated":true}]}}