{"id":11,"date":"2022-05-17T01:19:06","date_gmt":"2022-05-17T01:19:06","guid":{"rendered":"http:\/\/wormshafts.top\/?page_id=11"},"modified":"2025-11-10T07:11:31","modified_gmt":"2025-11-10T07:11:31","slug":"contacts-us","status":"publish","type":"page","link":"https:\/\/wormshafts.top\/sv\/contacts-us\/","title":{"rendered":"Kontakta oss"},"content":{"rendered":"<p>[et_pb_section fb_built=&#8221;1&#8243; admin_label=&#8221;section&#8221; _builder_version=&#8221;4.16&#8243; global_colors_info=&#8221;{}&#8221;][et_pb_row admin_label=&#8221;row&#8221; _builder_version=&#8221;4.16&#8243; background_size=&#8221;initial&#8221; background_position=&#8221;top_left&#8221; background_repeat=&#8221;repeat&#8221; global_colors_info=&#8221;{}&#8221;][et_pb_column type=&#8221;4_4&#8243; _builder_version=&#8221;4.16&#8243; custom_padding=&#8221;|||&#8221; global_colors_info=&#8221;{}&#8221; custom_padding__hover=&#8221;|||&#8221;][et_pb_text admin_label=&#8221;Text&#8221; _builder_version=&#8221;4.20.4&#8243; background_size=&#8221;initial&#8221; background_position=&#8221;top_left&#8221; background_repeat=&#8221;repeat&#8221; hover_enabled=&#8221;0&#8243; global_colors_info=&#8221;{}&#8221; sticky_enabled=&#8221;0&#8243;]<\/p>\n<header class=\"entry-header\" style=\"margin: 0px 0px 1.71429rem; padding: 0px; border: 0px; font-size: 14px; vertical-align: baseline; color: #444444; font-family: 'Open Sans', Helvetica, Arial, sans-serif;\">\n<h1 class=\"entry-title\" style=\"overflow-wrap: break-word; margin: 0px; padding: 0px; border: 0px; font-size: 1.57143rem; vertical-align: baseline; clear: both; line-height: 1.2; font-weight: normal; text-align: center;\"><span style=\"font-size: 1.5rem;\">Sn\u00e4ckaxlar<\/span><\/h1>\n<\/header>\n<div class=\"entry-content\" style=\"margin: 0px; padding: 0px; border: 0px; font-size: 14px; vertical-align: baseline; line-height: 1.71429; color: #444444; font-family: 'Open Sans', Helvetica, Arial, sans-serif;\">\n<div class=\"entry-content\" style=\"margin: 0px; padding: 0px; border: 0px; vertical-align: baseline; line-height: 1.71429;\">\n<div class=\"entry-content\" style=\"margin: 0px; padding: 0px; border: 0px; vertical-align: baseline; line-height: 1.71429;\">\n<p style=\"overflow-wrap: break-word; margin: 0px 0px 1.71429rem; padding: 0px; border: 0px; vertical-align: baseline; line-height: 1.71429; text-align: justify;\">Som en av tillverkarna, leverant\u00f6rerna och export\u00f6rerna av sn\u00e4ckaxlar av mekaniska produkter, erbjuder vi sn\u00e4ckaxlar och m\u00e5nga andra produkter.<\/p>\n<p style=\"overflow-wrap: break-word; margin: 0px 0px 1.71429rem; padding: 0px; border: 0px; vertical-align: baseline; line-height: 1.71429; text-align: justify;\">Kontakta oss f\u00f6r mer information.<\/p>\n<p style=\"overflow-wrap: break-word; margin: 0px 0px 1.71429rem; padding: 0px; border: 0px; vertical-align: baseline; line-height: 1.71429; text-align: justify;\"><strong style=\"margin: 0px; padding: 0px; border: 0px; vertical-align: baseline;\">Post: <a style=\"margin: 0px; padding: 0px; border: 0px; vertical-align: baseline; outline: none; color: #21759b;\" href=\"mailto:sales@wrom shafts.top\">sales@wormshafts.top<\/a><br \/><\/strong><\/p>\n<p style=\"overflow-wrap: break-word; margin: 0px 0px 1.71429rem; padding: 0px; border: 0px; vertical-align: baseline; line-height: 1.71429; text-align: justify;\">Tillverkare, leverant\u00f6r och export\u00f6r av sn\u00e4ckaxlar.<\/p>\n<div class=\"entry-content\" style=\"margin: 0px; padding: 0px; border: 0px; vertical-align: baseline; line-height: 1.71429;\">\n<p style=\"overflow-wrap: break-word; margin: 0px 0px 1.71429rem; padding: 0px; border: 0px; vertical-align: baseline; line-height: 1.71429; text-align: justify;\">Vi specialiserar oss p\u00e5 produktion av jordbruksv\u00e4xell\u00e5dor, kraftuttagsaxlar, kedjehjul, v\u00e4tskekopplingar, sn\u00e4ckv\u00e4xlar, kugghjul och kuggst\u00e4nger, rullkedjor, trissor och remskivor, planetv\u00e4xell\u00e5dor, kamremskivor, axelkragar med mera.<\/p>\n<p style=\"overflow-wrap: break-word; margin: 0px 0px 1.71429rem; padding: 0px; border: 0px; vertical-align: baseline; line-height: 1.71429; text-align: justify;\">Vi har exporterat v\u00e5ra produkter till kunder \u00f6ver hela v\u00e4rlden och f\u00e5tt ett gott rykte tack vare v\u00e5r \u00f6verl\u00e4gsna produktkvalitet och eftermarknadsservice.<\/p>\n<p style=\"overflow-wrap: break-word; margin: 0px 0px 1.71429rem; padding: 0px; border: 0px; vertical-align: baseline; line-height: 1.71429; text-align: justify;\">Vi v\u00e4lkomnar varmt kunder b\u00e5de hemma och utomlands att kontakta oss f\u00f6r att f\u00f6rhandla aff\u00e4rer, utbyta information och samarbeta med oss.<\/p>\n<\/div>\n<\/div>\n<\/div>\n<\/div>\n<p>[\/et_pb_text][\/et_pb_column][\/et_pb_row][\/et_pb_section]<\/p>","protected":false},"excerpt":{"rendered":"<p>Worm shafts As one of worm shafts manufacturers, suppliers, and exporters of mechanical products, We offer worm shafts and many other products. Please get in touch with us for details. Mail: sales@wormshafts.top Manufacturer supplier exporter of worm shafts. We specialize in the production of Agricultural Gearbox, PTO Shafts, Sprockets, Fluid Coupling, Worm Gear Reducers, Gears [&hellip;]<\/p>","protected":false},"author":1,"featured_media":0,"parent":0,"menu_order":0,"comment_status":"closed","ping_status":"closed","template":"","meta":{"_et_pb_use_builder":"on","_et_pb_old_content":"<header class=\"entry-header\" style=\"margin: 0px 0px 1.71429rem; padding: 0px; border: 0px; font-size: 14px; vertical-align: baseline; color: #444444; font-family: 'Open Sans', Helvetica, Arial, sans-serif;\">\r\n<h1 class=\"entry-title\" style=\"overflow-wrap: break-word; margin: 0px; padding: 0px; border: 0px; font-size: 1.57143rem; vertical-align: baseline; clear: both; line-height: 1.2; font-weight: normal;\"><span style=\"font-size: 1.5rem;\">Worm shafts<\/span><\/h1>\r\n<\/header>\r\n<div class=\"entry-content\" style=\"margin: 0px; padding: 0px; border: 0px; font-size: 14px; vertical-align: baseline; line-height: 1.71429; color: #444444; font-family: 'Open Sans', Helvetica, Arial, sans-serif;\">\r\n<div class=\"entry-content\" style=\"margin: 0px; padding: 0px; border: 0px; vertical-align: baseline; line-height: 1.71429;\">\r\n<div class=\"entry-content\" style=\"margin: 0px; padding: 0px; border: 0px; vertical-align: baseline; line-height: 1.71429;\">\r\n<p style=\"overflow-wrap: break-word; margin: 0px 0px 1.71429rem; padding: 0px; border: 0px; vertical-align: baseline; line-height: 1.71429;\">As one of worm shafts manufacturers, suppliers, and exporters of mechanical products, We offer worm shafts and many other products.<\/p>\r\n<p style=\"overflow-wrap: break-word; margin: 0px 0px 1.71429rem; padding: 0px; border: 0px; vertical-align: baseline; line-height: 1.71429;\">Please get in touch with us for details.<\/p>\r\n<p style=\"overflow-wrap: break-word; margin: 0px 0px 1.71429rem; padding: 0px; border: 0px; vertical-align: baseline; line-height: 1.71429;\"><strong style=\"margin: 0px; padding: 0px; border: 0px; vertical-align: baseline;\">Mail:<a style=\"margin: 0px; padding: 0px; border: 0px; vertical-align: baseline; outline: none; color: #21759b;\" href=\"mailto:sales@wrom shafts.top\">sales@wormshafts.top<\/a>\r\n<\/strong><\/p>\r\n<p style=\"overflow-wrap: break-word; margin: 0px 0px 1.71429rem; padding: 0px; border: 0px; vertical-align: baseline; line-height: 1.71429;\">Manufacturer supplier exporter of worm shafts.<\/p>\r\n\r\n<div class=\"entry-content\" style=\"margin: 0px; padding: 0px; border: 0px; vertical-align: baseline; line-height: 1.71429;\">\r\n<p style=\"overflow-wrap: break-word; margin: 0px 0px 1.71429rem; padding: 0px; border: 0px; vertical-align: baseline; line-height: 1.71429;\">We specialize in the production of Agricultural Gearbox, PTO Shafts, Sprockets, Fluid Coupling, Worm Gear Reducers, Gears and racks, Roller Chains, Sheave and Pulleys, Planetary Gearboxes, Timing Pulleys, Shaft Collars, and more.<\/p>\r\n<p style=\"overflow-wrap: break-word; margin: 0px 0px 1.71429rem; padding: 0px; border: 0px; vertical-align: baseline; line-height: 1.71429;\">We have exported our products to clients worldwide and earned a good reputation because of our superior product quality and after-sales service.<\/p>\r\n<p style=\"overflow-wrap: break-word; margin: 0px 0px 1.71429rem; padding: 0px; border: 0px; vertical-align: baseline; line-height: 1.71429;\">We warmly welcome customers both at home and abroad to contact us to negotiate business, exchange information, and cooperate with us.<\/p>\r\n\r\n<\/div>\r\n<\/div>\r\n<\/div>\r\n<\/div>","_et_gb_content_width":"","footnotes":""},"class_list":["post-11","page","type-page","status-publish","hentry"],"_links":{"self":[{"href":"https:\/\/wormshafts.top\/sv\/wp-json\/wp\/v2\/pages\/11","targetHints":{"allow":["GET"]}}],"collection":[{"href":"https:\/\/wormshafts.top\/sv\/wp-json\/wp\/v2\/pages"}],"about":[{"href":"https:\/\/wormshafts.top\/sv\/wp-json\/wp\/v2\/types\/page"}],"author":[{"embeddable":true,"href":"https:\/\/wormshafts.top\/sv\/wp-json\/wp\/v2\/users\/1"}],"replies":[{"embeddable":true,"href":"https:\/\/wormshafts.top\/sv\/wp-json\/wp\/v2\/comments?post=11"}],"version-history":[{"count":1,"href":"https:\/\/wormshafts.top\/sv\/wp-json\/wp\/v2\/pages\/11\/revisions"}],"predecessor-version":[{"id":12,"href":"https:\/\/wormshafts.top\/sv\/wp-json\/wp\/v2\/pages\/11\/revisions\/12"}],"wp:attachment":[{"href":"https:\/\/wormshafts.top\/sv\/wp-json\/wp\/v2\/media?parent=11"}],"curies":[{"name":"wp","href":"https:\/\/api.w.org\/{rel}","templated":true}]}}