{"id":1254,"date":"2025-11-04T06:36:51","date_gmt":"2025-11-04T06:36:51","guid":{"rendered":"https:\/\/wormshafts.top\/?post_type=product&#038;p=1254"},"modified":"2025-11-07T05:59:36","modified_gmt":"2025-11-07T05:59:36","slug":"cylindrical-worm-wheel","status":"publish","type":"product","link":"https:\/\/wormshafts.top\/sv\/product\/cylindrical-worm-wheel\/","title":{"rendered":"Cylindriskt sn\u00e4ckhjul \u2013 O\u00f6vertr\u00e4ffad precision"},"content":{"rendered":"<h3><\/h3>\n<p>Det cylindriska sn\u00e4ckhjulet \u2013 <a href=\"https:\/\/wormshafts.top\/sv\/product-category\/worm-shaft\/\">Maskaxlar<\/a> \u00e4r precisionskonstruerade mekaniska komponenter konstruerade f\u00f6r anv\u00e4ndning i olika kraft\u00f6verf\u00f6ringssystem, s\u00e4rskilt i sn\u00e4ckv\u00e4xlar. Dessa produkter \u00e4r viktiga f\u00f6r applikationer som kr\u00e4ver h\u00f6g vridmoment\u00f6verf\u00f6ring i kompakta konstruktioner med minimalt glapp och effektiv prestanda.<\/p>\n<p>&nbsp;<\/p>\n<h3>Viktiga funktioner<\/h3>\n<p>&nbsp;<\/p>\n<ul>\n<li><strong>Precisionstillverkning<\/strong>V\u00e5ra cylindriska sn\u00e4ckhjul och sn\u00e4ckaxlar \u00e4r tillverkade av h\u00f6gkvalitativa material med hj\u00e4lp av avancerade bearbetningsprocesser. Detta s\u00e4kerst\u00e4ller optimal passform, h\u00e5llbarhet och prestanda f\u00f6r en rad kr\u00e4vande applikationer.<\/li>\n<li><strong>H\u00f6gmomentsv\u00e4xell\u00e5da<\/strong>Sn\u00e4ckhjulets cylindriska design erbjuder utm\u00e4rkta moment\u00f6verf\u00f6ringsegenskaper, vilket s\u00e4kerst\u00e4ller tillf\u00f6rlitlig prestanda \u00e4ven vid tung belastning. De precisionsskurna t\u00e4nderna minimerar slitage och maximerar effektiviteten, vilket g\u00f6r dem idealiska f\u00f6r anv\u00e4ndning i b\u00e5de industriella och kommersiella milj\u00f6er.<\/li>\n<li><strong>Minimal motreaktion<\/strong>Dessa komponenter \u00e4r konstruerade med sn\u00e4va toleranser och bidrar till minimalt glapp, vilket \u00e4r avg\u00f6rande f\u00f6r applikationer d\u00e4r noggrannhet och smidig drift \u00e4r avg\u00f6rande. Kombinationen av det cylindriska sn\u00e4ckhjulet och axeln minskar glapp och s\u00e4kerst\u00e4ller j\u00e4mn kuggingrepp.<\/li>\n<li><strong>Korrosions- och slitstyrka<\/strong>Sn\u00e4ckhjulen och axlarna \u00e4r tillverkade av slitstarka material, inklusive h\u00f6gh\u00e5llfast st\u00e5l eller legeringsalternativ, och \u00e4r motst\u00e5ndskraftiga mot korrosion och slitage, \u00e4ven under tuffa milj\u00f6f\u00f6rh\u00e5llanden. Detta f\u00f6rl\u00e4nger komponenternas livsl\u00e4ngd och minskar behovet av frekvent underh\u00e5ll eller utbyte.<\/li>\n<li><strong>M\u00e5ngsidighet<\/strong>Dessa sn\u00e4ckv\u00e4xelkomponenter anv\u00e4nds ofta i olika mekaniska system, s\u00e5som transportband, fordonsapplikationer och industrimaskiner. Deras f\u00f6rm\u00e5ga att hantera h\u00f6gt vridmoment och arbeta under olika hastighetsf\u00f6rh\u00e5llanden g\u00f6r dem mycket m\u00e5ngsidiga inom en m\u00e4ngd olika industrier, inklusive tillverkning, automation och robotik.<\/li>\n<li><strong>Bil<\/strong>Anv\u00e4nds i servostyrningsmekanismer, transmissionssystem och andra fordonskomponenter som kr\u00e4ver kompakt och tillf\u00f6rlitlig moment\u00f6verf\u00f6ring.<\/li>\n<li><strong>Transport\u00f6rer och materialhantering<\/strong>Idealisk f\u00f6r transportband, materialhanteringssystem och liknande till\u00e4mpningar som kr\u00e4ver exakta och effektiva kugghjulsdrifter.<\/li>\n<li><strong>Industriella maskiner<\/strong>Anv\u00e4nds i industrimaskiner d\u00e4r utrymmet \u00e4r begr\u00e4nsat men h\u00f6g vridmoment\u00f6verf\u00f6ring fortfarande beh\u00f6vs, s\u00e5som i lyftutrustning, vinschar och robotarmar.<\/li>\n<li><strong>Automationssystem<\/strong>Viktigt i automatiserade produktionslinjer och robotsystem, d\u00e4r exakt r\u00f6relsekontroll och minskat glapp \u00e4r avg\u00f6rande f\u00f6r systemets noggrannhet och tillf\u00f6rlitlighet.<\/li>\n<\/ul>\n<h4><\/h4>\n<h3>F\u00f6rdelar<\/h3>\n<p>&nbsp;<\/p>\n<ul>\n<li><strong>Effektiv kraft\u00f6verf\u00f6ring<\/strong>Det cylindriska sn\u00e4ckhjulet och sn\u00e4ckaxelsystemet ger effektiv kraft\u00f6verf\u00f6ring med minskade energif\u00f6rluster, vilket resulterar i f\u00f6rb\u00e4ttrad total systemprestanda.<\/li>\n<li><strong>Minskat underh\u00e5ll<\/strong>H\u00f6gkvalitativa material och tillverkningsprocesser s\u00e4kerst\u00e4ller l\u00e5ng livsl\u00e4ngd, vilket g\u00f6r dessa komponenter l\u00e4ttsk\u00f6tta och tillf\u00f6rlitliga f\u00f6r l\u00e5ngvarig drift.<\/li>\n<li><strong>Kompakt design<\/strong>Sn\u00e4ckv\u00e4xelsystemens kompakta natur m\u00f6jligg\u00f6r installation i tr\u00e5nga utrymmen, vilket g\u00f6r dem l\u00e4mpliga f\u00f6r applikationer d\u00e4r storleksbegr\u00e4nsningar \u00e4r en faktor.<\/li>\n<\/ul>\n<h4><\/h4>\n<h3>Materialalternativ<\/h3>\n<p><img loading=\"lazy\" decoding=\"async\" class=\"size-medium wp-image-1365 aligncenter\" src=\"https:\/\/wormshafts.top\/wp-content\/uploads\/2025\/11\/ep-Cylindrical-Worm-Wheel-1_1-300x300.webp\" alt=\"Cylindriskt sn\u00e4ckhjul\" width=\"300\" height=\"300\" \/><\/p>\n<p>Vi erbjuder en m\u00e4ngd olika materialval, inklusive:<\/p>\n<ul>\n<li><strong>St\u00e5l<\/strong>Standardmaterial som ger h\u00f6g styrka och h\u00e5llbarhet.<\/li>\n<li><strong>Legerat st\u00e5l<\/strong>F\u00f6r applikationer som kr\u00e4ver f\u00f6rb\u00e4ttrad slitstyrka och h\u00f6gre lastkapacitet.<\/li>\n<li><strong>Rostfritt st\u00e5l<\/strong>F\u00f6r milj\u00f6er d\u00e4r korrosionsbest\u00e4ndighet \u00e4r av st\u00f6rsta vikt.<\/li>\n<\/ul>\n<h4><\/h4>\n<h3>Applikationer<\/h3>\n<p>&nbsp;<\/p>\n<p>Cylindriska sn\u00e4ckhjul \u2013 sn\u00e4ckaxlar \u00e4r h\u00f6gpresterande, h\u00e5llbara komponenter som uppfyller kraven fr\u00e5n en m\u00e4ngd olika till\u00e4mpningar. Deras precisionskonstruktion s\u00e4kerst\u00e4ller p\u00e5litlig moment\u00f6verf\u00f6ring med minimal glapp, vilket g\u00f6r dem till en viktig del av m\u00e5nga kraft\u00f6verf\u00f6ringssystem. Med sin \u00f6verl\u00e4gsna slitstyrka, m\u00e5ngsidighet och effektivitet \u00e4r dessa produkter utformade f\u00f6r att ge l\u00e5ngvarig prestanda i olika industriella och kommersiella milj\u00f6er.<\/p>\n<p>&nbsp;<\/p>\n<table class=\"scrollable\" style=\"width: 388px;\" border=\"1\">\n<tbody>\n<tr>\n<th style=\"width: 378px; text-align: center;\" colspan=\"2\">Specifikationer<\/th>\n<\/tr>\n<tr>\n<th style=\"width: 61.75px; text-align: center;\">Material<\/th>\n<td style=\"width: 310.25px; text-align: center;\">M\u00e4ssing<\/td>\n<\/tr>\n<tr>\n<th style=\"width: 61.75px; text-align: center;\">F\u00e4rg<\/th>\n<td style=\"width: 310.25px; text-align: center;\">Gul<\/td>\n<\/tr>\n<tr>\n<th style=\"width: 61.75px; text-align: center;\">Modul<\/th>\n<td style=\"width: 310.25px; text-align: center;\">0.5<\/td>\n<\/tr>\n<tr>\n<th style=\"width: 61.75px; text-align: center;\">Vikt<\/th>\n<td style=\"width: 310.25px; text-align: center;\">16 g<\/td>\n<\/tr>\n<\/tbody>\n<\/table>\n<p>&nbsp;<\/p>\n<table class=\"scrollable\" border=\"1\">\n<tbody>\n<tr>\n<th style=\"text-align: center;\" colspan=\"2\">Storleken p\u00e5 sn\u00e4ckhjulet<\/th>\n<\/tr>\n<tr>\n<th style=\"text-align: center;\">T\u00e4nder<\/th>\n<td style=\"text-align: center;\">20<\/td>\n<\/tr>\n<tr>\n<th style=\"text-align: center;\">T\u00e4nder Dia<\/th>\n<td style=\"text-align: center;\">11,2 mm<\/td>\n<\/tr>\n<tr>\n<th style=\"text-align: center;\">H\u00f6jd<\/th>\n<td style=\"text-align: center;\">12 mm\/0,47 tum<\/td>\n<\/tr>\n<tr>\n<th style=\"text-align: center;\">Ytterdiameter<\/th>\n<td style=\"text-align: center;\">11 mm\/0,43 tum<\/td>\n<\/tr>\n<tr>\n<th style=\"text-align: center;\">H\u00e5ldiameter<\/th>\n<td style=\"text-align: center;\">4 mm\/0,16 tum<\/td>\n<\/tr>\n<tr>\n<th style=\"text-align: center;\">Stegstorlek<\/th>\n<td style=\"text-align: center;\">9x7 mm\/0,35\u00d70,27 tum (diameter x h\u00f6jd)<\/td>\n<\/tr>\n<tr>\n<th style=\"text-align: center;\">Total storlek<\/th>\n<td style=\"text-align: center;\">12 x 11 x 4 mm \/ 0,47 \u00d7 0,39 \u00d7 0,12 tum (H x Y x ID)<\/td>\n<\/tr>\n<\/tbody>\n<\/table>\n<p>&nbsp;<\/p>\n<table class=\"scrollable\" border=\"1\">\n<tbody>\n<tr>\n<th style=\"text-align: center;\" colspan=\"2\">Storlek p\u00e5 sn\u00e4ckv\u00e4xelaxel<\/th>\n<\/tr>\n<tr>\n<th style=\"text-align: center;\">H\u00f6jd<\/th>\n<td style=\"text-align: center;\">20 mm\/0,79 tum<\/td>\n<\/tr>\n<tr>\n<th style=\"text-align: center;\">Ytterdiameter<\/th>\n<td style=\"text-align: center;\">9,8 mm\/0,39 tum<\/td>\n<\/tr>\n<tr>\n<th style=\"text-align: center;\">Innerdiameter<\/th>\n<td style=\"text-align: center;\">3,17 mm\/0,12 tum<\/td>\n<\/tr>\n<tr>\n<th style=\"text-align: center;\">Storlek<\/th>\n<td style=\"text-align: center;\">20\u00d79,8\u00d73,17 mm\/0,79\u00d70,39\u00d70,12 tum (H x Y x ID)<\/td>\n<\/tr>\n<\/tbody>\n<\/table>","protected":false},"excerpt":{"rendered":"<p>Cylindriska sn\u00e4ckhjul \u2013 sn\u00e4ckaxlar \u00e4r precisionstillverkade komponenter konstruerade f\u00f6r effektiv kraft\u00f6verf\u00f6ring i kompakta mekaniska system. De erbjuder h\u00f6ga vridmoment, minimalt glapp och utm\u00e4rkt slitstyrka, vilket g\u00f6r dem idealiska f\u00f6r till\u00e4mpningar inom fordonsindustrin, transportband, industrimaskiner och automationssystem. Tillverkade av slitstarka material ger dessa komponenter p\u00e5litlig prestanda och l\u00e5ngvarig h\u00e5llbarhet, \u00e4ven under tunga belastningar och tuffa milj\u00f6er.<\/p>","protected":false},"featured_media":1365,"template":"","meta":{"_et_pb_use_builder":"","_et_pb_old_content":"","_et_gb_content_width":""},"product_brand":[],"product_cat":[2358],"product_tag":[],"class_list":{"0":"post-1254","1":"product","2":"type-product","3":"status-publish","4":"has-post-thumbnail","6":"product_cat-worm-shaft","8":"first","9":"instock","10":"shipping-taxable","11":"product-type-simple"},"_links":{"self":[{"href":"https:\/\/wormshafts.top\/sv\/wp-json\/wp\/v2\/product\/1254","targetHints":{"allow":["GET"]}}],"collection":[{"href":"https:\/\/wormshafts.top\/sv\/wp-json\/wp\/v2\/product"}],"about":[{"href":"https:\/\/wormshafts.top\/sv\/wp-json\/wp\/v2\/types\/product"}],"wp:featuredmedia":[{"embeddable":true,"href":"https:\/\/wormshafts.top\/sv\/wp-json\/wp\/v2\/media\/1365"}],"wp:attachment":[{"href":"https:\/\/wormshafts.top\/sv\/wp-json\/wp\/v2\/media?parent=1254"}],"wp:term":[{"taxonomy":"product_brand","embeddable":true,"href":"https:\/\/wormshafts.top\/sv\/wp-json\/wp\/v2\/product_brand?post=1254"},{"taxonomy":"product_cat","embeddable":true,"href":"https:\/\/wormshafts.top\/sv\/wp-json\/wp\/v2\/product_cat?post=1254"},{"taxonomy":"product_tag","embeddable":true,"href":"https:\/\/wormshafts.top\/sv\/wp-json\/wp\/v2\/product_tag?post=1254"}],"curies":[{"name":"wp","href":"https:\/\/api.w.org\/{rel}","templated":true}]}}