{"id":11,"date":"2022-05-17T01:19:06","date_gmt":"2022-05-17T01:19:06","guid":{"rendered":"http:\/\/wormshafts.top\/?page_id=11"},"modified":"2025-11-10T07:11:31","modified_gmt":"2025-11-10T07:11:31","slug":"contacts-us","status":"publish","type":"page","link":"https:\/\/wormshafts.top\/vi\/contacts-us\/","title":{"rendered":"Li\u00ean h\u1ec7 v\u1edbi ch\u00fang t\u00f4i"},"content":{"rendered":"<p>[et_pb_section fb_built=&#8221;1&#8243; admin_label=&#8221;section&#8221; _builder_version=&#8221;4.16&#8243; global_colors_info=&#8221;{}&#8221;][et_pb_row admin_label=&#8221;row&#8221; _builder_version=&#8221;4.16&#8243; background_size=&#8221;initial&#8221; background_position=&#8221;top_left&#8221; background_repeat=&#8221;repeat&#8221; global_colors_info=&#8221;{}&#8221;][et_pb_column type=&#8221;4_4&#8243; _builder_version=&#8221;4.16&#8243; custom_padding=&#8221;|||&#8221; global_colors_info=&#8221;{}&#8221; custom_padding__hover=&#8221;|||&#8221;][et_pb_text admin_label=&#8221;Text&#8221; _builder_version=&#8221;4.20.4&#8243; background_size=&#8221;initial&#8221; background_position=&#8221;top_left&#8221; background_repeat=&#8221;repeat&#8221; hover_enabled=&#8221;0&#8243; global_colors_info=&#8221;{}&#8221; sticky_enabled=&#8221;0&#8243;]<\/p>\n<header class=\"entry-header\" style=\"margin: 0px 0px 1.71429rem; padding: 0px; border: 0px; font-size: 14px; vertical-align: baseline; color: #444444; font-family: 'Open Sans', Helvetica, Arial, sans-serif;\">\n<h1 class=\"entry-title\" style=\"overflow-wrap: break-word; margin: 0px; padding: 0px; border: 0px; font-size: 1.57143rem; vertical-align: baseline; clear: both; line-height: 1.2; font-weight: normal; text-align: center;\"><span style=\"font-size: 1.5rem;\">Tr\u1ee5c giun<\/span><\/h1>\n<\/header>\n<div class=\"entry-content\" style=\"margin: 0px; padding: 0px; border: 0px; font-size: 14px; vertical-align: baseline; line-height: 1.71429; color: #444444; font-family: 'Open Sans', Helvetica, Arial, sans-serif;\">\n<div class=\"entry-content\" style=\"margin: 0px; padding: 0px; border: 0px; vertical-align: baseline; line-height: 1.71429;\">\n<div class=\"entry-content\" style=\"margin: 0px; padding: 0px; border: 0px; vertical-align: baseline; line-height: 1.71429;\">\n<p style=\"overflow-wrap: break-word; margin: 0px 0px 1.71429rem; padding: 0px; border: 0px; vertical-align: baseline; line-height: 1.71429; text-align: justify;\">L\u00e0 m\u1ed9t trong nh\u1eefng nh\u00e0 s\u1ea3n xu\u1ea5t, nh\u00e0 cung c\u1ea5p v\u00e0 xu\u1ea5t kh\u1ea9u tr\u1ee5c v\u00edt, ch\u00fang t\u00f4i cung c\u1ea5p tr\u1ee5c v\u00edt v\u00e0 nhi\u1ec1u s\u1ea3n ph\u1ea9m c\u01a1 kh\u00ed kh\u00e1c.<\/p>\n<p style=\"overflow-wrap: break-word; margin: 0px 0px 1.71429rem; padding: 0px; border: 0px; vertical-align: baseline; line-height: 1.71429; text-align: justify;\">Vui l\u00f2ng li\u00ean h\u1ec7 v\u1edbi ch\u00fang t\u00f4i \u0111\u1ec3 bi\u1ebft th\u00eam chi ti\u1ebft.<\/p>\n<p style=\"overflow-wrap: break-word; margin: 0px 0px 1.71429rem; padding: 0px; border: 0px; vertical-align: baseline; line-height: 1.71429; text-align: justify;\"><strong style=\"margin: 0px; padding: 0px; border: 0px; vertical-align: baseline;\">Th\u01b0: <a style=\"margin: 0px; padding: 0px; border: 0px; vertical-align: baseline; outline: none; color: #21759b;\" href=\"mailto:sales@wrom shafts.top\">sales@wormshafts.top<\/a><br \/><\/strong><\/p>\n<p style=\"overflow-wrap: break-word; margin: 0px 0px 1.71429rem; padding: 0px; border: 0px; vertical-align: baseline; line-height: 1.71429; text-align: justify;\">Nh\u00e0 s\u1ea3n xu\u1ea5t, nh\u00e0 cung c\u1ea5p, nh\u00e0 xu\u1ea5t kh\u1ea9u tr\u1ee5c v\u00edt.<\/p>\n<div class=\"entry-content\" style=\"margin: 0px; padding: 0px; border: 0px; vertical-align: baseline; line-height: 1.71429;\">\n<p style=\"overflow-wrap: break-word; margin: 0px 0px 1.71429rem; padding: 0px; border: 0px; vertical-align: baseline; line-height: 1.71429; text-align: justify;\">Ch\u00fang t\u00f4i chuy\u00ean s\u1ea3n xu\u1ea5t h\u1ed9p s\u1ed1 n\u00f4ng nghi\u1ec7p, tr\u1ee5c PTO, b\u00e1nh r\u0103ng, kh\u1edbp n\u1ed1i th\u1ee7y l\u1ef1c, b\u1ed9 gi\u1ea3m t\u1ed1c b\u00e1nh r\u0103ng tr\u1ee5c v\u00edt, b\u00e1nh r\u0103ng v\u00e0 thanh r\u0103ng, x\u00edch con l\u0103n, r\u00f2ng r\u1ecdc v\u00e0 puly, h\u1ed9p s\u1ed1 h\u00e0nh tinh, puly \u0111\u1ecbnh th\u1eddi, v\u00f2ng \u0111\u1ec7m tr\u1ee5c v\u00e0 nhi\u1ec1u s\u1ea3n ph\u1ea9m kh\u00e1c.<\/p>\n<p style=\"overflow-wrap: break-word; margin: 0px 0px 1.71429rem; padding: 0px; border: 0px; vertical-align: baseline; line-height: 1.71429; text-align: justify;\">Ch\u00fang t\u00f4i \u0111\u00e3 xu\u1ea5t kh\u1ea9u s\u1ea3n ph\u1ea9m c\u1ee7a m\u00ecnh \u0111\u1ebfn kh\u00e1ch h\u00e0ng tr\u00ean to\u00e0n th\u1ebf gi\u1edbi v\u00e0 t\u1ea1o d\u1ef1ng \u0111\u01b0\u1ee3c uy t\u00edn t\u1ed1t nh\u1edd ch\u1ea5t l\u01b0\u1ee3ng s\u1ea3n ph\u1ea9m v\u01b0\u1ee3t tr\u1ed9i v\u00e0 d\u1ecbch v\u1ee5 h\u1eadu m\u00e3i chu \u0111\u00e1o.<\/p>\n<p style=\"overflow-wrap: break-word; margin: 0px 0px 1.71429rem; padding: 0px; border: 0px; vertical-align: baseline; line-height: 1.71429; text-align: justify;\">Ch\u00fang t\u00f4i nhi\u1ec7t li\u1ec7t ch\u00e0o \u0111\u00f3n kh\u00e1ch h\u00e0ng trong v\u00e0 ngo\u00e0i n\u01b0\u1edbc li\u00ean h\u1ec7 v\u1edbi ch\u00fang t\u00f4i \u0111\u1ec3 \u0111\u00e0m ph\u00e1n kinh doanh, trao \u0111\u1ed5i th\u00f4ng tin v\u00e0 h\u1ee3p t\u00e1c.<\/p>\n<\/div>\n<\/div>\n<\/div>\n<\/div>\n<p>[\/et_pb_text][\/et_pb_column][\/et_pb_row][\/et_pb_section]<\/p>","protected":false},"excerpt":{"rendered":"<p>Worm shafts As one of worm shafts manufacturers, suppliers, and exporters of mechanical products, We offer worm shafts and many other products. Please get in touch with us for details. Mail: sales@wormshafts.top Manufacturer supplier exporter of worm shafts. We specialize in the production of Agricultural Gearbox, PTO Shafts, Sprockets, Fluid Coupling, Worm Gear Reducers, Gears [&hellip;]<\/p>","protected":false},"author":1,"featured_media":0,"parent":0,"menu_order":0,"comment_status":"closed","ping_status":"closed","template":"","meta":{"_et_pb_use_builder":"on","_et_pb_old_content":"<header class=\"entry-header\" style=\"margin: 0px 0px 1.71429rem; padding: 0px; border: 0px; font-size: 14px; vertical-align: baseline; color: #444444; font-family: 'Open Sans', Helvetica, Arial, sans-serif;\">\r\n<h1 class=\"entry-title\" style=\"overflow-wrap: break-word; margin: 0px; padding: 0px; border: 0px; font-size: 1.57143rem; vertical-align: baseline; clear: both; line-height: 1.2; font-weight: normal;\"><span style=\"font-size: 1.5rem;\">Worm shafts<\/span><\/h1>\r\n<\/header>\r\n<div class=\"entry-content\" style=\"margin: 0px; padding: 0px; border: 0px; font-size: 14px; vertical-align: baseline; line-height: 1.71429; color: #444444; font-family: 'Open Sans', Helvetica, Arial, sans-serif;\">\r\n<div class=\"entry-content\" style=\"margin: 0px; padding: 0px; border: 0px; vertical-align: baseline; line-height: 1.71429;\">\r\n<div class=\"entry-content\" style=\"margin: 0px; padding: 0px; border: 0px; vertical-align: baseline; line-height: 1.71429;\">\r\n<p style=\"overflow-wrap: break-word; margin: 0px 0px 1.71429rem; padding: 0px; border: 0px; vertical-align: baseline; line-height: 1.71429;\">As one of worm shafts manufacturers, suppliers, and exporters of mechanical products, We offer worm shafts and many other products.<\/p>\r\n<p style=\"overflow-wrap: break-word; margin: 0px 0px 1.71429rem; padding: 0px; border: 0px; vertical-align: baseline; line-height: 1.71429;\">Please get in touch with us for details.<\/p>\r\n<p style=\"overflow-wrap: break-word; margin: 0px 0px 1.71429rem; padding: 0px; border: 0px; vertical-align: baseline; line-height: 1.71429;\"><strong style=\"margin: 0px; padding: 0px; border: 0px; vertical-align: baseline;\">Mail:<a style=\"margin: 0px; padding: 0px; border: 0px; vertical-align: baseline; outline: none; color: #21759b;\" href=\"mailto:sales@wrom shafts.top\">sales@wormshafts.top<\/a>\r\n<\/strong><\/p>\r\n<p style=\"overflow-wrap: break-word; margin: 0px 0px 1.71429rem; padding: 0px; border: 0px; vertical-align: baseline; line-height: 1.71429;\">Manufacturer supplier exporter of worm shafts.<\/p>\r\n\r\n<div class=\"entry-content\" style=\"margin: 0px; padding: 0px; border: 0px; vertical-align: baseline; line-height: 1.71429;\">\r\n<p style=\"overflow-wrap: break-word; margin: 0px 0px 1.71429rem; padding: 0px; border: 0px; vertical-align: baseline; line-height: 1.71429;\">We specialize in the production of Agricultural Gearbox, PTO Shafts, Sprockets, Fluid Coupling, Worm Gear Reducers, Gears and racks, Roller Chains, Sheave and Pulleys, Planetary Gearboxes, Timing Pulleys, Shaft Collars, and more.<\/p>\r\n<p style=\"overflow-wrap: break-word; margin: 0px 0px 1.71429rem; padding: 0px; border: 0px; vertical-align: baseline; line-height: 1.71429;\">We have exported our products to clients worldwide and earned a good reputation because of our superior product quality and after-sales service.<\/p>\r\n<p style=\"overflow-wrap: break-word; margin: 0px 0px 1.71429rem; padding: 0px; border: 0px; vertical-align: baseline; line-height: 1.71429;\">We warmly welcome customers both at home and abroad to contact us to negotiate business, exchange information, and cooperate with us.<\/p>\r\n\r\n<\/div>\r\n<\/div>\r\n<\/div>\r\n<\/div>","_et_gb_content_width":"","footnotes":""},"class_list":["post-11","page","type-page","status-publish","hentry"],"_links":{"self":[{"href":"https:\/\/wormshafts.top\/vi\/wp-json\/wp\/v2\/pages\/11","targetHints":{"allow":["GET"]}}],"collection":[{"href":"https:\/\/wormshafts.top\/vi\/wp-json\/wp\/v2\/pages"}],"about":[{"href":"https:\/\/wormshafts.top\/vi\/wp-json\/wp\/v2\/types\/page"}],"author":[{"embeddable":true,"href":"https:\/\/wormshafts.top\/vi\/wp-json\/wp\/v2\/users\/1"}],"replies":[{"embeddable":true,"href":"https:\/\/wormshafts.top\/vi\/wp-json\/wp\/v2\/comments?post=11"}],"version-history":[{"count":1,"href":"https:\/\/wormshafts.top\/vi\/wp-json\/wp\/v2\/pages\/11\/revisions"}],"predecessor-version":[{"id":12,"href":"https:\/\/wormshafts.top\/vi\/wp-json\/wp\/v2\/pages\/11\/revisions\/12"}],"wp:attachment":[{"href":"https:\/\/wormshafts.top\/vi\/wp-json\/wp\/v2\/media?parent=11"}],"curies":[{"name":"wp","href":"https:\/\/api.w.org\/{rel}","templated":true}]}}