{"id":1254,"date":"2025-11-04T06:36:51","date_gmt":"2025-11-04T06:36:51","guid":{"rendered":"https:\/\/wormshafts.top\/?post_type=product&#038;p=1254"},"modified":"2025-11-07T05:59:36","modified_gmt":"2025-11-07T05:59:36","slug":"cylindrical-worm-wheel","status":"publish","type":"product","link":"https:\/\/wormshafts.top\/vi\/product\/cylindrical-worm-wheel\/","title":{"rendered":"B\u00e1nh v\u00edt h\u00ecnh tr\u1ee5 \u2013 \u0110\u1ed9 ch\u00ednh x\u00e1c v\u00f4 song"},"content":{"rendered":"<h3><\/h3>\n<p>B\u00e1nh r\u0103ng tr\u1ee5c v\u00edt h\u00ecnh tr\u1ee5 \u2013 <a href=\"https:\/\/wormshafts.top\/vi\/product-category\/worm-shaft\/\">Tr\u1ee5c v\u00edt<\/a> \u0110\u00e2y l\u00e0 c\u00e1c linh ki\u1ec7n c\u01a1 kh\u00ed \u0111\u01b0\u1ee3c ch\u1ebf t\u1ea1o ch\u00ednh x\u00e1c, \u0111\u01b0\u1ee3c thi\u1ebft k\u1ebf \u0111\u1ec3 s\u1eed d\u1ee5ng trong nhi\u1ec1u h\u1ec7 th\u1ed1ng truy\u1ec1n \u0111\u1ed9ng, \u0111\u1eb7c bi\u1ec7t l\u00e0 trong c\u00e1c h\u1ec7 th\u1ed1ng truy\u1ec1n \u0111\u1ed9ng b\u00e1nh r\u0103ng tr\u1ee5c v\u00edt. C\u00e1c s\u1ea3n ph\u1ea9m n\u00e0y r\u1ea5t c\u1ea7n thi\u1ebft cho c\u00e1c \u1ee9ng d\u1ee5ng y\u00eau c\u1ea7u truy\u1ec1n m\u00f4-men xo\u1eafn cao trong thi\u1ebft k\u1ebf nh\u1ecf g\u1ecdn v\u1edbi \u0111\u1ed9 r\u01a1 t\u1ed1i thi\u1ec3u v\u00e0 hi\u1ec7u su\u1ea5t cao.<\/p>\n<p>&nbsp;<\/p>\n<h3>C\u00e1c t\u00ednh n\u0103ng ch\u00ednh<\/h3>\n<p>&nbsp;<\/p>\n<ul>\n<li><strong>S\u1ea3n xu\u1ea5t ch\u00ednh x\u00e1c<\/strong>C\u00e1c b\u00e1nh r\u0103ng tr\u1ee5c v\u00edt v\u00e0 tr\u1ee5c v\u00edt h\u00ecnh tr\u1ee5 c\u1ee7a ch\u00fang t\u00f4i \u0111\u01b0\u1ee3c ch\u1ebf t\u1ea1o t\u1eeb v\u1eadt li\u1ec7u ch\u1ea5t l\u01b0\u1ee3ng cao b\u1eb1ng c\u00e1c quy tr\u00ecnh gia c\u00f4ng ti\u00ean ti\u1ebfn. \u0110i\u1ec1u n\u00e0y \u0111\u1ea3m b\u1ea3o s\u1ef1 ph\u00f9 h\u1ee3p t\u1ed1i \u01b0u, \u0111\u1ed9 b\u1ec1n v\u00e0 hi\u1ec7u su\u1ea5t trong nhi\u1ec1u \u1ee9ng d\u1ee5ng \u0111\u00f2i h\u1ecfi kh\u1eaft khe.<\/li>\n<li><strong>H\u1ed9p s\u1ed1 m\u00f4-men xo\u1eafn cao<\/strong>Thi\u1ebft k\u1ebf h\u00ecnh tr\u1ee5 c\u1ee7a b\u00e1nh r\u0103ng tr\u1ee5c v\u00edt mang l\u1ea1i kh\u1ea3 n\u0103ng truy\u1ec1n m\u00f4-men xo\u1eafn tuy\u1ec7t v\u1eddi, \u0111\u1ea3m b\u1ea3o hi\u1ec7u su\u1ea5t \u0111\u00e1ng tin c\u1eady ngay c\u1ea3 trong \u0111i\u1ec1u ki\u1ec7n t\u1ea3i n\u1eb7ng. C\u00e1c r\u0103ng \u0111\u01b0\u1ee3c c\u1eaft ch\u00ednh x\u00e1c gi\u00fap gi\u1ea3m thi\u1ec3u m\u00e0i m\u00f2n v\u00e0 t\u1ed1i \u0111a h\u00f3a hi\u1ec7u qu\u1ea3, l\u00fd t\u01b0\u1edfng cho vi\u1ec7c s\u1eed d\u1ee5ng trong c\u1ea3 m\u00f4i tr\u01b0\u1eddng c\u00f4ng nghi\u1ec7p v\u00e0 th\u01b0\u01a1ng m\u1ea1i.<\/li>\n<li><strong>Ph\u1ea3n \u1ee9ng d\u1eef d\u1ed9i t\u1ed1i thi\u1ec3u<\/strong>\u0110\u01b0\u1ee3c thi\u1ebft k\u1ebf v\u1edbi dung sai ch\u1eb7t ch\u1ebd, c\u00e1c b\u1ed9 ph\u1eadn n\u00e0y gi\u00fap gi\u1ea3m thi\u1ec3u \u0111\u1ed9 r\u01a1, \u0111i\u1ec1u r\u1ea5t quan tr\u1ecdng \u0111\u1ed1i v\u1edbi c\u00e1c \u1ee9ng d\u1ee5ng \u0111\u00f2i h\u1ecfi \u0111\u1ed9 ch\u00ednh x\u00e1c v\u00e0 ho\u1ea1t \u0111\u1ed9ng tr\u01a1n tru. S\u1ef1 k\u1ebft h\u1ee3p gi\u1eefa b\u00e1nh r\u0103ng tr\u1ee5c v\u00edt h\u00ecnh tr\u1ee5 v\u00e0 tr\u1ee5c gi\u00fap gi\u1ea3m \u0111\u1ed9 r\u01a1 v\u00e0 \u0111\u1ea3m b\u1ea3o s\u1ef1 \u0103n kh\u1edbp b\u00e1nh r\u0103ng nh\u1ea5t qu\u00e1n.<\/li>\n<li><strong>Kh\u1ea3 n\u0103ng ch\u1ed1ng \u0103n m\u00f2n v\u00e0 m\u00e0i m\u00f2n<\/strong>\u0110\u01b0\u1ee3c ch\u1ebf t\u1ea1o t\u1eeb c\u00e1c v\u1eadt li\u1ec7u b\u1ec1n ch\u1eafc, bao g\u1ed3m th\u00e9p c\u01b0\u1eddng \u0111\u1ed9 cao ho\u1eb7c h\u1ee3p kim, c\u00e1c b\u00e1nh r\u0103ng v\u00e0 tr\u1ee5c v\u00edt c\u00f3 kh\u1ea3 n\u0103ng ch\u1ed1ng \u0103n m\u00f2n v\u00e0 m\u00e0i m\u00f2n, ngay c\u1ea3 trong \u0111i\u1ec1u ki\u1ec7n m\u00f4i tr\u01b0\u1eddng kh\u1eafc nghi\u1ec7t. \u0110i\u1ec1u n\u00e0y k\u00e9o d\u00e0i tu\u1ed5i th\u1ecd c\u1ee7a c\u00e1c b\u1ed9 ph\u1eadn v\u00e0 gi\u1ea3m nhu c\u1ea7u b\u1ea3o tr\u00ec ho\u1eb7c thay th\u1ebf th\u01b0\u1eddng xuy\u00ean.<\/li>\n<li><strong>T\u00ednh linh ho\u1ea1t<\/strong>C\u00e1c b\u1ed9 ph\u1eadn b\u00e1nh r\u0103ng tr\u1ee5c v\u00edt n\u00e0y \u0111\u01b0\u1ee3c s\u1eed d\u1ee5ng r\u1ed9ng r\u00e3i trong nhi\u1ec1u h\u1ec7 th\u1ed1ng c\u01a1 kh\u00ed kh\u00e1c nhau, ch\u1eb3ng h\u1ea1n nh\u01b0 b\u0103ng t\u1ea3i, \u1ee9ng d\u1ee5ng \u00f4 t\u00f4 v\u00e0 m\u00e1y m\u00f3c c\u00f4ng nghi\u1ec7p. Kh\u1ea3 n\u0103ng ch\u1ecbu m\u00f4-men xo\u1eafn cao v\u00e0 ho\u1ea1t \u0111\u1ed9ng trong c\u00e1c \u0111i\u1ec1u ki\u1ec7n t\u1ed1c \u0111\u1ed9 kh\u00e1c nhau khi\u1ebfn ch\u00fang tr\u1edf n\u00ean r\u1ea5t linh ho\u1ea1t trong nhi\u1ec1u ng\u00e0nh c\u00f4ng nghi\u1ec7p, bao g\u1ed3m s\u1ea3n xu\u1ea5t, t\u1ef1 \u0111\u1ed9ng h\u00f3a v\u00e0 robot.<\/li>\n<li><strong>\u00d4 t\u00f4<\/strong>\u0110\u01b0\u1ee3c s\u1eed d\u1ee5ng trong c\u01a1 c\u1ea5u tr\u1ee3 l\u1ef1c l\u00e1i, h\u1ec7 th\u1ed1ng truy\u1ec1n \u0111\u1ed9ng v\u00e0 c\u00e1c b\u1ed9 ph\u1eadn \u00f4 t\u00f4 kh\u00e1c y\u00eau c\u1ea7u truy\u1ec1n m\u00f4-men xo\u1eafn nh\u1ecf g\u1ecdn v\u00e0 \u0111\u00e1ng tin c\u1eady.<\/li>\n<li><strong>H\u1ec7 th\u1ed1ng b\u0103ng t\u1ea3i v\u00e0 x\u1eed l\u00fd v\u1eadt li\u1ec7u<\/strong>L\u00fd t\u01b0\u1edfng cho b\u0103ng t\u1ea3i, h\u1ec7 th\u1ed1ng v\u1eadn chuy\u1ec3n v\u1eadt li\u1ec7u v\u00e0 c\u00e1c \u1ee9ng d\u1ee5ng t\u01b0\u01a1ng t\u1ef1 \u0111\u00f2i h\u1ecfi truy\u1ec1n \u0111\u1ed9ng b\u00e1nh r\u0103ng ch\u00ednh x\u00e1c v\u00e0 hi\u1ec7u qu\u1ea3.<\/li>\n<li><strong>M\u00e1y m\u00f3c c\u00f4ng nghi\u1ec7p<\/strong>\u1ee8ng d\u1ee5ng trong c\u00e1c m\u00e1y m\u00f3c c\u00f4ng nghi\u1ec7p c\u00f3 kh\u00f4ng gian h\u1ea1n ch\u1ebf nh\u01b0ng v\u1eabn c\u1ea7n truy\u1ec1n m\u00f4-men xo\u1eafn cao, ch\u1eb3ng h\u1ea1n nh\u01b0 thi\u1ebft b\u1ecb n\u00e2ng h\u1ea1, t\u1eddi v\u00e0 c\u00e1nh tay robot.<\/li>\n<li><strong>H\u1ec7 th\u1ed1ng t\u1ef1 \u0111\u1ed9ng h\u00f3a<\/strong>: C\u1ea7n thi\u1ebft trong c\u00e1c d\u00e2y chuy\u1ec1n s\u1ea3n xu\u1ea5t t\u1ef1 \u0111\u1ed9ng v\u00e0 h\u1ec7 th\u1ed1ng robot, n\u01a1i vi\u1ec7c ki\u1ec3m so\u00e1t chuy\u1ec3n \u0111\u1ed9ng ch\u00ednh x\u00e1c v\u00e0 gi\u1ea3m \u0111\u1ed9 r\u01a1 l\u00e0 r\u1ea5t quan tr\u1ecdng \u0111\u1ed1i v\u1edbi \u0111\u1ed9 ch\u00ednh x\u00e1c v\u00e0 \u0111\u1ed9 tin c\u1eady c\u1ee7a h\u1ec7 th\u1ed1ng.<\/li>\n<\/ul>\n<h4><\/h4>\n<h3>Nh\u1eefng l\u1ee3i \u00edch<\/h3>\n<p>&nbsp;<\/p>\n<ul>\n<li><strong>Truy\u1ec1n t\u1ea3i \u0111i\u1ec7n hi\u1ec7u qu\u1ea3<\/strong>H\u1ec7 th\u1ed1ng b\u00e1nh r\u0103ng tr\u1ee5c v\u00edt h\u00ecnh tr\u1ee5 v\u00e0 tr\u1ee5c v\u00edt cung c\u1ea5p kh\u1ea3 n\u0103ng truy\u1ec1n t\u1ea3i n\u0103ng l\u01b0\u1ee3ng hi\u1ec7u qu\u1ea3 v\u1edbi t\u1ed5n th\u1ea5t n\u0103ng l\u01b0\u1ee3ng gi\u1ea3m thi\u1ec3u, d\u1eabn \u0111\u1ebfn c\u1ea3i thi\u1ec7n hi\u1ec7u su\u1ea5t t\u1ed5ng th\u1ec3 c\u1ee7a h\u1ec7 th\u1ed1ng.<\/li>\n<li><strong>Gi\u1ea3m chi ph\u00ed b\u1ea3o tr\u00ec<\/strong>C\u00e1c v\u1eadt li\u1ec7u ch\u1ea5t l\u01b0\u1ee3ng cao v\u00e0 quy tr\u00ecnh s\u1ea3n xu\u1ea5t ti\u00ean ti\u1ebfn \u0111\u1ea3m b\u1ea3o \u0111\u1ed9 b\u1ec1n l\u00e2u d\u00e0i, gi\u00fap c\u00e1c linh ki\u1ec7n n\u00e0y \u00edt c\u1ea7n b\u1ea3o tr\u00ec v\u00e0 \u0111\u00e1ng tin c\u1eady trong th\u1eddi gian d\u00e0i.<\/li>\n<li><strong>Thi\u1ebft k\u1ebf nh\u1ecf g\u1ecdn<\/strong>T\u00ednh ch\u1ea5t nh\u1ecf g\u1ecdn c\u1ee7a h\u1ec7 th\u1ed1ng b\u00e1nh r\u0103ng tr\u1ee5c v\u00edt cho ph\u00e9p l\u1eafp \u0111\u1eb7t trong kh\u00f4ng gian ch\u1eadt h\u1eb9p, ph\u00f9 h\u1ee3p v\u1edbi c\u00e1c \u1ee9ng d\u1ee5ng m\u00e0 k\u00edch th\u01b0\u1edbc l\u00e0 y\u1ebfu t\u1ed1 c\u1ea7n c\u00e2n nh\u1eafc.<\/li>\n<\/ul>\n<h4><\/h4>\n<h3>C\u00e1c t\u00f9y ch\u1ecdn v\u1eadt li\u1ec7u<\/h3>\n<p><img loading=\"lazy\" decoding=\"async\" class=\"size-medium wp-image-1365 aligncenter\" src=\"https:\/\/wormshafts.top\/wp-content\/uploads\/2025\/11\/ep-Cylindrical-Worm-Wheel-1_1-300x300.webp\" alt=\"B\u00e1nh xe h\u00ecnh tr\u1ee5-tr\u1ee5c v\u00edt\" width=\"300\" height=\"300\" \/><\/p>\n<p>Ch\u00fang t\u00f4i cung c\u1ea5p nhi\u1ec1u l\u1ef1a ch\u1ecdn ch\u1ea5t li\u1ec7u kh\u00e1c nhau, bao g\u1ed3m:<\/p>\n<ul>\n<li><strong>Th\u00e9p<\/strong>V\u1eadt li\u1ec7u ti\u00eau chu\u1ea9n c\u00f3 \u0111\u1ed9 b\u1ec1n v\u00e0 \u0111\u1ed9 ch\u1eafc ch\u1eafn cao.<\/li>\n<li><strong>Th\u00e9p h\u1ee3p kim<\/strong>D\u00e0nh cho c\u00e1c \u1ee9ng d\u1ee5ng y\u00eau c\u1ea7u kh\u1ea3 n\u0103ng ch\u1ed1ng m\u00e0i m\u00f2n cao h\u01a1n v\u00e0 kh\u1ea3 n\u0103ng ch\u1ecbu t\u1ea3i l\u1edbn h\u01a1n.<\/li>\n<li><strong>Th\u00e9p kh\u00f4ng g\u1ec9<\/strong>Th\u00edch h\u1ee3p cho m\u00f4i tr\u01b0\u1eddng m\u00e0 kh\u1ea3 n\u0103ng ch\u1ed1ng \u0103n m\u00f2n l\u00e0 y\u1ebfu t\u1ed1 t\u1ed1i quan tr\u1ecdng.<\/li>\n<\/ul>\n<h4><\/h4>\n<h3>\u1ee8ng d\u1ee5ng<\/h3>\n<p>&nbsp;<\/p>\n<p>Tr\u1ee5c v\u00edt h\u00ecnh tr\u1ee5 l\u00e0 nh\u1eefng b\u1ed9 ph\u1eadn hi\u1ec7u su\u1ea5t cao, b\u1ec1n b\u1ec9, \u0111\u00e1p \u1ee9ng nhu c\u1ea7u c\u1ee7a nhi\u1ec1u \u1ee9ng d\u1ee5ng kh\u00e1c nhau. K\u1ef9 thu\u1eadt ch\u1ebf t\u1ea1o ch\u00ednh x\u00e1c \u0111\u1ea3m b\u1ea3o truy\u1ec1n m\u00f4-men xo\u1eafn \u0111\u00e1ng tin c\u1eady v\u1edbi \u0111\u1ed9 r\u01a1 t\u1ed1i thi\u1ec3u, khi\u1ebfn ch\u00fang tr\u1edf th\u00e0nh m\u1ed9t ph\u1ea7n quan tr\u1ecdng c\u1ee7a nhi\u1ec1u h\u1ec7 th\u1ed1ng truy\u1ec1n \u0111\u1ed9ng. V\u1edbi kh\u1ea3 n\u0103ng ch\u1ed1ng m\u00e0i m\u00f2n v\u01b0\u1ee3t tr\u1ed9i, t\u00ednh linh ho\u1ea1t v\u00e0 hi\u1ec7u qu\u1ea3, c\u00e1c s\u1ea3n ph\u1ea9m n\u00e0y \u0111\u01b0\u1ee3c thi\u1ebft k\u1ebf \u0111\u1ec3 mang l\u1ea1i hi\u1ec7u su\u1ea5t l\u00e2u d\u00e0i trong nhi\u1ec1u m\u00f4i tr\u01b0\u1eddng c\u00f4ng nghi\u1ec7p v\u00e0 th\u01b0\u01a1ng m\u1ea1i kh\u00e1c nhau.<\/p>\n<p>&nbsp;<\/p>\n<table class=\"scrollable\" style=\"width: 388px;\" border=\"1\">\n<tbody>\n<tr>\n<th style=\"width: 378px; text-align: center;\" colspan=\"2\">Th\u00f4ng s\u1ed1 k\u1ef9 thu\u1eadt<\/th>\n<\/tr>\n<tr>\n<th style=\"width: 61.75px; text-align: center;\">V\u1eadt li\u1ec7u<\/th>\n<td style=\"width: 310.25px; text-align: center;\">Thau<\/td>\n<\/tr>\n<tr>\n<th style=\"width: 61.75px; text-align: center;\">M\u00e0u s\u1eafc<\/th>\n<td style=\"width: 310.25px; text-align: center;\">M\u00e0u v\u00e0ng<\/td>\n<\/tr>\n<tr>\n<th style=\"width: 61.75px; text-align: center;\">M\u00f4 \u0111un<\/th>\n<td style=\"width: 310.25px; text-align: center;\">0.5<\/td>\n<\/tr>\n<tr>\n<th style=\"width: 61.75px; text-align: center;\">C\u00e2n n\u1eb7ng<\/th>\n<td style=\"width: 310.25px; text-align: center;\">16g<\/td>\n<\/tr>\n<\/tbody>\n<\/table>\n<p>&nbsp;<\/p>\n<table class=\"scrollable\" border=\"1\">\n<tbody>\n<tr>\n<th style=\"text-align: center;\" colspan=\"2\">K\u00edch th\u01b0\u1edbc c\u1ee7a b\u00e1nh xe giun<\/th>\n<\/tr>\n<tr>\n<th style=\"text-align: center;\">R\u0103ng<\/th>\n<td style=\"text-align: center;\">20<\/td>\n<\/tr>\n<tr>\n<th style=\"text-align: center;\">\u0110\u01b0\u1eddng k\u00ednh r\u0103ng<\/th>\n<td style=\"text-align: center;\">11,2mm<\/td>\n<\/tr>\n<tr>\n<th style=\"text-align: center;\">Chi\u1ec1u cao<\/th>\n<td style=\"text-align: center;\">12mm\/0,47 inch<\/td>\n<\/tr>\n<tr>\n<th style=\"text-align: center;\">\u0110\u01b0\u1eddng k\u00ednh ngo\u00e0i<\/th>\n<td style=\"text-align: center;\">11mm\/0,43 inch<\/td>\n<\/tr>\n<tr>\n<th style=\"text-align: center;\">\u0110\u01b0\u1eddng k\u00ednh l\u1ed7<\/th>\n<td style=\"text-align: center;\">4mm\/0,16 inch<\/td>\n<\/tr>\n<tr>\n<th style=\"text-align: center;\">K\u00edch th\u01b0\u1edbc b\u01b0\u1edbc<\/th>\n<td style=\"text-align: center;\">9x7mm\/0.35\u00d70.27inch ( \u0110\u01b0\u1eddng k\u00ednh x Chi\u1ec1u cao)<\/td>\n<\/tr>\n<tr>\n<th style=\"text-align: center;\">K\u00edch th\u01b0\u1edbc t\u1ed5ng th\u1ec3<\/th>\n<td style=\"text-align: center;\">12x11x4mm\/0.47\u00d70.39\u00d70.12inch (Chi\u1ec1u cao x \u0110\u01b0\u1eddng k\u00ednh ngo\u00e0i x \u0110\u01b0\u1eddng k\u00ednh trong)<\/td>\n<\/tr>\n<\/tbody>\n<\/table>\n<p>&nbsp;<\/p>\n<table class=\"scrollable\" border=\"1\">\n<tbody>\n<tr>\n<th style=\"text-align: center;\" colspan=\"2\">K\u00edch th\u01b0\u1edbc tr\u1ee5c b\u00e1nh r\u0103ng tr\u1ee5c v\u00edt<\/th>\n<\/tr>\n<tr>\n<th style=\"text-align: center;\">Chi\u1ec1u cao<\/th>\n<td style=\"text-align: center;\">20mm\/0,79 inch<\/td>\n<\/tr>\n<tr>\n<th style=\"text-align: center;\">\u0110\u01b0\u1eddng k\u00ednh ngo\u00e0i<\/th>\n<td style=\"text-align: center;\">9,8mm\/0,39 inch<\/td>\n<\/tr>\n<tr>\n<th style=\"text-align: center;\">\u0110\u01b0\u1eddng k\u00ednh b\u00ean trong<\/th>\n<td style=\"text-align: center;\">3,17mm\/0,12 inch<\/td>\n<\/tr>\n<tr>\n<th style=\"text-align: center;\">K\u00edch c\u1ee1<\/th>\n<td style=\"text-align: center;\">20\u00d79.8\u00d73.17mm\/0.79\u00d70.39\u00d70.12inch (Cao x \u0110\u01b0\u1eddng k\u00ednh ngo\u00e0i x \u0110\u01b0\u1eddng k\u00ednh trong)<\/td>\n<\/tr>\n<\/tbody>\n<\/table>","protected":false},"excerpt":{"rendered":"<p>Tr\u1ee5c v\u00edt h\u00ecnh tr\u1ee5 l\u00e0 c\u00e1c b\u1ed9 ph\u1eadn \u0111\u01b0\u1ee3c thi\u1ebft k\u1ebf ch\u00ednh x\u00e1c \u0111\u1ec3 truy\u1ec1n t\u1ea3i n\u0103ng l\u01b0\u1ee3ng hi\u1ec7u qu\u1ea3 trong c\u00e1c h\u1ec7 th\u1ed1ng c\u01a1 kh\u00ed nh\u1ecf g\u1ecdn. Ch\u00fang cung c\u1ea5p kh\u1ea3 n\u0103ng m\u00f4-men xo\u1eafn cao, \u0111\u1ed9 r\u01a1 t\u1ed1i thi\u1ec3u v\u00e0 kh\u1ea3 n\u0103ng ch\u1ed1ng m\u00e0i m\u00f2n tuy\u1ec7t v\u1eddi, l\u00fd t\u01b0\u1edfng cho c\u00e1c \u1ee9ng d\u1ee5ng trong \u00f4 t\u00f4, b\u0103ng t\u1ea3i, m\u00e1y m\u00f3c c\u00f4ng nghi\u1ec7p v\u00e0 h\u1ec7 th\u1ed1ng t\u1ef1 \u0111\u1ed9ng h\u00f3a. \u0110\u01b0\u1ee3c ch\u1ebf t\u1ea1o b\u1eb1ng v\u1eadt li\u1ec7u b\u1ec1n ch\u1eafc, c\u00e1c b\u1ed9 ph\u1eadn n\u00e0y mang l\u1ea1i hi\u1ec7u su\u1ea5t \u0111\u00e1ng tin c\u1eady v\u00e0 \u0111\u1ed9 b\u1ec1n l\u00e2u d\u00e0i, ngay c\u1ea3 d\u01b0\u1edbi t\u1ea3i tr\u1ecdng n\u1eb7ng v\u00e0 m\u00f4i tr\u01b0\u1eddng kh\u1eafc nghi\u1ec7t.<\/p>","protected":false},"featured_media":1365,"template":"","meta":{"_et_pb_use_builder":"","_et_pb_old_content":"","_et_gb_content_width":""},"product_brand":[],"product_cat":[2358],"product_tag":[],"class_list":{"0":"post-1254","1":"product","2":"type-product","3":"status-publish","4":"has-post-thumbnail","6":"product_cat-worm-shaft","8":"first","9":"instock","10":"shipping-taxable","11":"product-type-simple"},"_links":{"self":[{"href":"https:\/\/wormshafts.top\/vi\/wp-json\/wp\/v2\/product\/1254","targetHints":{"allow":["GET"]}}],"collection":[{"href":"https:\/\/wormshafts.top\/vi\/wp-json\/wp\/v2\/product"}],"about":[{"href":"https:\/\/wormshafts.top\/vi\/wp-json\/wp\/v2\/types\/product"}],"wp:featuredmedia":[{"embeddable":true,"href":"https:\/\/wormshafts.top\/vi\/wp-json\/wp\/v2\/media\/1365"}],"wp:attachment":[{"href":"https:\/\/wormshafts.top\/vi\/wp-json\/wp\/v2\/media?parent=1254"}],"wp:term":[{"taxonomy":"product_brand","embeddable":true,"href":"https:\/\/wormshafts.top\/vi\/wp-json\/wp\/v2\/product_brand?post=1254"},{"taxonomy":"product_cat","embeddable":true,"href":"https:\/\/wormshafts.top\/vi\/wp-json\/wp\/v2\/product_cat?post=1254"},{"taxonomy":"product_tag","embeddable":true,"href":"https:\/\/wormshafts.top\/vi\/wp-json\/wp\/v2\/product_tag?post=1254"}],"curies":[{"name":"wp","href":"https:\/\/api.w.org\/{rel}","templated":true}]}}